{"id":12237,"date":"2024-06-08T09:17:21","date_gmt":"2024-06-08T07:17:21","guid":{"rendered":"https:\/\/casaporciatti.it\/shop\/?post_type=product&#038;p=12237"},"modified":"2025-08-29T11:15:12","modified_gmt":"2025-08-29T09:15:12","slug":"elio-grasso-barolo-ginestra-casa-mate-2019","status":"publish","type":"product","link":"https:\/\/casaporciatti.it\/shop\/prodotto\/elio-grasso-barolo-ginestra-casa-mate-2019\/","title":{"rendered":"ELIO GRASSO Barolo Ginestra Casa Mat\u00e8 2019"},"content":{"rendered":"<p>Elio Grasso Barolo Ginestra Casa Mat\u00e8 2019 rappresenta l&#8217;eccellenza del terroir di Monforte d&#8217;Alba, una delle aree pi\u00f9 prestigiose delle Langhe per la produzione di Barolo. La cantina Elio Grasso, da sempre a conduzione familiare, \u00e8 rinomata per il suo approccio artigianale e la profonda conoscenza del vigneto. La vigna Ginestra, situata a Monforte d&#8217;Alba, \u00e8 caratterizzata da un terreno calcareo-argilloso che dona al vino una struttura complessa e una grande capacit\u00e0 di invecchiamento.<\/p>\n<p>Elio Grasso \u00e8 un nome di riferimento nel panorama vinicolo piemontese. La filosofia della cantina si basa sul rispetto della tradizione e del territorio, con una particolare attenzione alla sostenibilit\u00e0 e alla qualit\u00e0. Ogni fase della produzione, dalla vigna alla bottiglia, \u00e8 curata con meticolosit\u00e0 per garantire vini che esprimono al meglio le caratteristiche del Nebbiolo e del terroir di Monforte d&#8217;Alba.<\/p>\n<p>Monforte d&#8217;Alba \u00e8 una delle undici comuni della zona di produzione del Barolo e si distingue per i suoi terreni collinari e il microclima unico. La vigna Ginestra, in particolare, beneficia di una posizione privilegiata con un&#8217;esposizione ottimale e suoli ricchi di calcare e argilla. Questi elementi conferiscono al Barolo Ginestra Casa Mat\u00e8 2019 una struttura solida, una complessit\u00e0 aromatica e una longevit\u00e0 eccezionale.<\/p>\n","protected":false},"excerpt":{"rendered":"<p>Elio Grasso Barolo Ginestra Casa Mat\u00e8 2019 rappresenta l&#8217;eccellenza del terroir di Monforte d&#8217;Alba, una delle aree pi\u00f9 prestigiose delle [&hellip;]<\/p>\n","protected":false},"featured_media":12239,"template":"","meta":[],"product_brand":[],"product_cat":[16,17],"product_tag":[150,2663,28,34],"class_list":{"0":"post-12237","1":"product","2":"type-product","3":"status-publish","4":"has-post-thumbnail","6":"product_cat-bere","7":"product_cat-vini-rossi","8":"product_tag-barolo","9":"product_tag-elio-grasso","10":"product_tag-produttore-artigianale","11":"product_tag-scelto-da-riccardo","12":"pa_etichette-porciatti-consigliato-da-riccardo","13":"pa_etichette-porciatti-produttori-artigianali","14":"pa_produttore-elio-grasso","16":"first","17":"instock","18":"shipping-taxable","19":"purchasable","20":"product-type-simple"},"acf":[],"_links":{"self":[{"href":"https:\/\/casaporciatti.it\/shop\/wp-json\/wp\/v2\/product\/12237","targetHints":{"allow":["GET"]}}],"collection":[{"href":"https:\/\/casaporciatti.it\/shop\/wp-json\/wp\/v2\/product"}],"about":[{"href":"https:\/\/casaporciatti.it\/shop\/wp-json\/wp\/v2\/types\/product"}],"wp:featuredmedia":[{"embeddable":true,"href":"https:\/\/casaporciatti.it\/shop\/wp-json\/wp\/v2\/media\/12239"}],"wp:attachment":[{"href":"https:\/\/casaporciatti.it\/shop\/wp-json\/wp\/v2\/media?parent=12237"}],"wp:term":[{"taxonomy":"product_brand","embeddable":true,"href":"https:\/\/casaporciatti.it\/shop\/wp-json\/wp\/v2\/product_brand?post=12237"},{"taxonomy":"product_cat","embeddable":true,"href":"https:\/\/casaporciatti.it\/shop\/wp-json\/wp\/v2\/product_cat?post=12237"},{"taxonomy":"product_tag","embeddable":true,"href":"https:\/\/casaporciatti.it\/shop\/wp-json\/wp\/v2\/product_tag?post=12237"}],"curies":[{"name":"wp","href":"https:\/\/api.w.org\/{rel}","templated":true}]}}