{"id":12178,"date":"2024-04-23T11:20:05","date_gmt":"2024-04-23T09:20:05","guid":{"rendered":"https:\/\/casaporciatti.it\/shop\/?post_type=product&#038;p=12178"},"modified":"2025-07-24T13:56:33","modified_gmt":"2025-07-24T11:56:33","slug":"podere-villanova-2021","status":"publish","type":"product","link":"https:\/\/casaporciatti.it\/shop\/prodotto\/podere-villanova-2021\/","title":{"rendered":"PODERE VILLANOVA 2021"},"content":{"rendered":"<p>Podere Villanova 2021 \u00e8 il frutto dell&#8217;impegno e della passione dei nipoti di Bruno Bini, Marco e Paolo, che portano avanti l&#8217;eredit\u00e0 vinicola della famiglia nel cuore di Radda in Chianti, Toscana. Questo vino \u00e8 un&#8217;autentica espressione del territorio, fatto con uve Sangiovese e vinificato esclusivamente in acciaio.<\/p>\n<p>Guidati dalla tradizione familiare Marco e Paolo hanno creato un vino che cattura l&#8217;essenza autentica del Sangiovese. La vinificazione in acciaio dona al vino un&#8217;eleganza e una succosit\u00e0 uniche, esaltando le qualit\u00e0 intrinseche della variet\u00e0.<\/p>\n<p>Immediatamente al naso si avverte la freschezza e la pulizia dei profumi, con note vivaci di fiori e bacche spontanee che catturano l&#8217;essenza del luogo. In bocca, Podere Villanova 2021 si distingue per un sorso armonioso e ben bilanciato, che invita a un&#8217;ulteriore degustazione.<\/p>\n<p>&nbsp;<\/p>\n","protected":false},"excerpt":{"rendered":"<p>Podere Villanova 2021 \u00e8 il frutto dell&#8217;impegno e della passione dei nipoti di Bruno Bini, Marco e Paolo, che portano [&hellip;]<\/p>\n","protected":false},"featured_media":12180,"template":"","meta":[],"product_brand":[],"product_cat":[16,17],"product_tag":[2648,21],"class_list":{"0":"post-12178","1":"product","2":"type-product","3":"status-publish","4":"has-post-thumbnail","6":"product_cat-bere","7":"product_cat-vini-rossi","8":"product_tag-podere-villanova","9":"product_tag-vini-di-radda","10":"pa_categorie-speciali-vini-di-radda","11":"pa_chianti-classico-vini-di-radda-in-chianti","12":"pa_produttore-podere-villanova","14":"first","15":"outofstock","16":"shipping-taxable","17":"purchasable","18":"product-type-simple"},"acf":[],"_links":{"self":[{"href":"https:\/\/casaporciatti.it\/shop\/wp-json\/wp\/v2\/product\/12178","targetHints":{"allow":["GET"]}}],"collection":[{"href":"https:\/\/casaporciatti.it\/shop\/wp-json\/wp\/v2\/product"}],"about":[{"href":"https:\/\/casaporciatti.it\/shop\/wp-json\/wp\/v2\/types\/product"}],"wp:featuredmedia":[{"embeddable":true,"href":"https:\/\/casaporciatti.it\/shop\/wp-json\/wp\/v2\/media\/12180"}],"wp:attachment":[{"href":"https:\/\/casaporciatti.it\/shop\/wp-json\/wp\/v2\/media?parent=12178"}],"wp:term":[{"taxonomy":"product_brand","embeddable":true,"href":"https:\/\/casaporciatti.it\/shop\/wp-json\/wp\/v2\/product_brand?post=12178"},{"taxonomy":"product_cat","embeddable":true,"href":"https:\/\/casaporciatti.it\/shop\/wp-json\/wp\/v2\/product_cat?post=12178"},{"taxonomy":"product_tag","embeddable":true,"href":"https:\/\/casaporciatti.it\/shop\/wp-json\/wp\/v2\/product_tag?post=12178"}],"curies":[{"name":"wp","href":"https:\/\/api.w.org\/{rel}","templated":true}]}}