{"id":12157,"date":"2024-04-06T05:09:59","date_gmt":"2024-04-06T03:09:59","guid":{"rendered":"https:\/\/casaporciatti.it\/shop\/?post_type=product&#038;p=12157"},"modified":"2025-07-22T17:19:39","modified_gmt":"2025-07-22T15:19:39","slug":"le-cinciole-aluigi-campo-ai-peri-chianti-classico-gran-selezione-2020","status":"publish","type":"product","link":"https:\/\/casaporciatti.it\/shop\/prodotto\/le-cinciole-aluigi-campo-ai-peri-chianti-classico-gran-selezione-2020\/","title":{"rendered":"LE CINCIOLE ALUIGI CAMPO AI PERI Chianti Classico Gran Selezione 2020"},"content":{"rendered":"<p>Le Cinciole Aluigi Campo ai Peri Chianti Classico Gran Selezione 2020 nasce da una scrupolosa selezione di uve Sangiovese provenienti da un vigneto situato a circa 440 metri di altitudine, caratterizzato da un terreno argilloso. La sua produzione segue un processo di vinificazione naturale, con una fermentazione spontanea in tini di cemento, seguita da un periodo di affinamento in botti di rovere di media capacit\u00e0 (25 hl) che si protrae per circa 24 mesi.<\/p>\n<p>Successivamente, il vino continua a perfezionarsi in tini di cemento per un ulteriore anno dopo la svinatura. L&#8217;ultima fase di affinamento avviene in bottiglia, dove il vino riposa per gli ultimi 12 mesi prima di essere pronto per la degustazione. Da sottolineare che ne vengono prodotte solo 4000 bottiglie.<\/p>\n<p>Al momento dell&#8217;assaggio, emergono le caratteristiche distintive del Le Cinciole Aluigi Campo ai Peri Chianti Classico Gran Selezione 2019 : una struttura imponente, un corpo pieno e una raffinatezza che solo un affinamento prolungato pu\u00f2 conferire. I tannini, grazie a questo processo, sono stati completamente ammorbiditi, offrendo una sensazione avvolgente e setosa in bocca. Si tratta, infine, di un vino che si distingue per la sua eleganza, la sua sontuosit\u00e0 e che invita alla meditazione durante la degustazione.<\/p>\n<p>Le Cinciole si estende per 30 ettari a un&#8217;altitudine compresa tra i 400 e i 500 metri ed \u00e8 gestita personalmente da Luca e Valeria Orsini. L&#8217;azienda include dieci ettari di vigneti. L&#8217;obiettivo principale della loro azienda \u00e8 sempre stato quello di ricercare la qualit\u00e0 rispettando tradizioni e territorio. Il suolo pu\u00f2 essere definito geologicamente come &#8220;scisti argillosi di pietraforte&#8221;; la pietraforte \u00e8 la roccia su cui si basano i loro suoli, mentre gli &#8220;scisti argillosi&#8221; sono argille compresse in superficie che, a causa delle condizioni atmosferiche, si frammentano in particelle sempre pi\u00f9 piccole, generando il tipico suolo chiamato &#8220;galestro&#8221;. Questo tipo di terreno \u00e8 il fattore dominante che influisce sul carattere dei loro vini.<\/p>\n<p>D&#8217;altra parte, l&#8217;attenzione e la cura che dedicano ai loro vigneti sono fondamentali, poich\u00e9 i loro sforzi si concentrano su ci\u00f2 che comunemente si definisce &#8220;terroir&#8221;. Sono convinti che, per ottenere vini che rispettino il territorio, sia necessario avere piante sane e robuste, con una forte capacit\u00e0 di autodifesa, che non sia ottenuta artificialmente attraverso continui trattamenti chimici, ma che derivi principalmente da un equilibrio adeguato delle piante stesse. Le loro piante sono &#8220;leggere&#8221;, con pochi germogli produttivi e una chioma che \u00e8 appena sufficiente a soddisfare le necessit\u00e0 nutrizionali della pianta e del frutto. Non forzano le piante con fertilizzanti chimici, ma cercano di mantenere la fertilit\u00e0 del suolo, vivo e in cui microorganismi e minerali possono muoversi liberamente per nutrire le radici delle viti. Usano solo prodotti biologici, &#8220;compost&#8221; ottenuto dalla fermentazione naturale dei residui di potatura e letame da fonti affidabili.<\/p>\n<p>Tutto ci\u00f2 \u00e8 molto pi\u00f9 efficace e semplice quando l&#8217;impegno quotidiano nel condurre una gestione agronomica adeguata \u2013 ovvero mantenere pulizia, buona circolazione dell&#8217;aria e corretta potatura \u2013 \u00e8 puntuale e tempestivo. Luca e Valeria Orsini enfatizzano che una gestione del vigneto volta alla qualit\u00e0 non pu\u00f2 prescindere da un impegno costante, attento e quotidiano nell&#8217;ottimizzare il rapporto tra l&#8217;aspetto vegetativo e quello produttivo delle piante. Questo approccio \u00e8 in perfetta linea con la loro idea di produzione che rispetta l&#8217;ambiente e il territorio, evitando di adottare pratiche agricole non pi\u00f9 sostenibili in un&#8217;economia di mercato globale.<\/p>\n","protected":false},"excerpt":{"rendered":"<p>Le Cinciole Aluigi Campo ai Peri Chianti Classico Gran Selezione 2020 nasce da una scrupolosa selezione di uve Sangiovese provenienti [&hellip;]<\/p>\n","protected":false},"featured_media":12159,"template":"","meta":[],"product_brand":[],"product_cat":[16,17],"product_tag":[43,2629,22],"class_list":{"0":"post-12157","1":"product","2":"type-product","3":"status-publish","4":"has-post-thumbnail","6":"product_cat-bere","7":"product_cat-vini-rossi","8":"product_tag-chianti-classico-gran-selezione","9":"product_tag-le-cinciole","10":"product_tag-vino-biologico","11":"pa_categorie-speciali-portami-in-chianti","12":"pa_categorie-speciali-vino-biologico","13":"pa_chianti-classico-vini-di-lamole","14":"pa_etichette-porciatti-vino-biologico","15":"pa_produttore-le-cinciole","17":"first","18":"instock","19":"shipping-taxable","20":"purchasable","21":"product-type-simple"},"acf":[],"_links":{"self":[{"href":"https:\/\/casaporciatti.it\/shop\/wp-json\/wp\/v2\/product\/12157","targetHints":{"allow":["GET"]}}],"collection":[{"href":"https:\/\/casaporciatti.it\/shop\/wp-json\/wp\/v2\/product"}],"about":[{"href":"https:\/\/casaporciatti.it\/shop\/wp-json\/wp\/v2\/types\/product"}],"wp:featuredmedia":[{"embeddable":true,"href":"https:\/\/casaporciatti.it\/shop\/wp-json\/wp\/v2\/media\/12159"}],"wp:attachment":[{"href":"https:\/\/casaporciatti.it\/shop\/wp-json\/wp\/v2\/media?parent=12157"}],"wp:term":[{"taxonomy":"product_brand","embeddable":true,"href":"https:\/\/casaporciatti.it\/shop\/wp-json\/wp\/v2\/product_brand?post=12157"},{"taxonomy":"product_cat","embeddable":true,"href":"https:\/\/casaporciatti.it\/shop\/wp-json\/wp\/v2\/product_cat?post=12157"},{"taxonomy":"product_tag","embeddable":true,"href":"https:\/\/casaporciatti.it\/shop\/wp-json\/wp\/v2\/product_tag?post=12157"}],"curies":[{"name":"wp","href":"https:\/\/api.w.org\/{rel}","templated":true}]}}