{"id":12122,"date":"2024-03-27T18:24:32","date_gmt":"2024-03-27T17:24:32","guid":{"rendered":"https:\/\/casaporciatti.it\/shop\/?post_type=product&#038;p=12122"},"modified":"2025-05-16T05:44:54","modified_gmt":"2025-05-16T03:44:54","slug":"badia-a-coltibuono-montebello-2018","status":"publish","type":"product","link":"https:\/\/casaporciatti.it\/shop\/prodotto\/badia-a-coltibuono-montebello-2018\/","title":{"rendered":"BADIA A COLTIBUONO MONTEBELLO 2018"},"content":{"rendered":"<p>Badia a Coltobuono Montebello 2018 \u00e8 il risultato della perfetta combinazione di terreni ricchi di argille calcaree e di una esposizione ideale, che conferiscono potenza ed eleganza a questo vino Toscana IGT. L&#8217;azienda si impegna da tempo nel recupero delle variet\u00e0 antiche tipiche della regione, coltivando vitigni storici come Mammolo, Ciliegiolo, Pugnitello, Colorino, Sanforte, Malvasia Nera, Canaiolo e Foglia Tonda.<\/p>\n<p>Prodotto nell&#8217;area geografica di Gaiole in Chianti, Castelnuovo B.ga (SI), questo vino proviene da vigneti situati nel cuore del Chianti Classico. Le uve provengono da un terreno di argille calcaree medio impasto ricco di scheletro, con un&#8217;et\u00e0 del vigneto di 28 anni e un sistema di allevamento Guyot con una densit\u00e0 di 5000 piante per ettaro.<\/p>\n<p>Le uve vengono vinificate con lieviti indigeni e follature manuali in vasi vinari in legno, per poi maturare in tini botte di rovere per 12-14 mesi in barriques usate. Dopo l&#8217;assemblaggio, il vino affina ulteriormente in tini-botte di rovere per almeno 6 mesi, seguito da un periodo di almeno 6 mesi di affinamento in bottiglia.<\/p>\n<p>Badia a Coltobuono Montebello 2016 si distingue per la sua particolare eleganza e profondit\u00e0, risultato dell&#8217;armonia dei nove vitigni utilizzati. La sua intensit\u00e0, equilibrio e armonia lo rendono piacevole da gustare sin da subito, con una promessa di durata nel tempo.<\/p>\n<p class=\"p1\">Situata a Gaiole in Chianti, la storia di Badia a Coltibuono risale al 1051 e all\u2019ordine dei monaci vallombrosani. Gli attuali proprietari sono i fratelli <strong>Emanuela, Roberto, Paolo e Guido Stucchi Prinetti.<\/strong><\/p>\n<p class=\"p1\">Gli ettari vitati sono 74 per la maggior parte nella sottozona Monti sempre nel comune di Gaiole in Chianti.<\/p>\n<p>Con mille anni di storia vinicola alle spalle, gli Stucchi Prinetti sentono la responsabilit\u00e0 della custodia del territorio. Badia a Coltibuono \u00e8 stata una delle prime ad adottare pratiche sostenibili nel Chianti Classico ed \u00e8 stata in prima linea per portare l&#8217;intera regione a coltivare in modo biologico. <strong>Tutte le uve della tenuta sono ora coltivate biologicamente<\/strong>. La vinificazione avviene nell&#8217;impianto di vinificazione della cantina, tecnologicamente e architettonicamente all&#8217;avanguardia, situato tra i vigneti non lontano dall&#8217;abbazia. La struttura \u00e8 stata progettata per avere il minimo impatto ambientale. La filosofia enologica di Badia a Coltibuono prevede vinificazioni con lieviti autoctoni, sia in legno che in acciaio inox, con maturazione prevalentemente in botti grandi o botti di rovere usate.<\/p>\n<p class=\"p1\">Uno dei vanti di Badia a Coltibuono \u00e8 il patrimonio di antichi coloni di Sangiovese, usati per ripiantare siti chiave a densit\u00e0 pi\u00f9 elevate, di 7-8.000 piante di Sangiovese per ettaro.<\/p>\n<p class=\"p1\">\n","protected":false},"excerpt":{"rendered":"<p>Badia a Coltobuono Montebello 2018 \u00e8 il risultato della perfetta combinazione di terreni ricchi di argille calcaree e di una [&hellip;]<\/p>\n","protected":false},"featured_media":12124,"template":"","meta":[],"product_brand":[],"product_cat":[16,17],"product_tag":[79,93,26,22],"class_list":{"0":"post-12122","1":"product","2":"type-product","3":"status-publish","4":"has-post-thumbnail","6":"product_cat-bere","7":"product_cat-vini-rossi","8":"product_tag-badia-a-coltibuono","9":"product_tag-toscana-igt","10":"product_tag-vini-di-gaiole","11":"product_tag-vino-biologico","12":"pa_categorie-speciali-in-promozione-ora","13":"pa_categorie-speciali-vini-di-gaiole-in-chianti","14":"pa_categorie-speciali-vino-biologico","15":"pa_chianti-classico-vini-di-gaiole-in-chianti","16":"pa_produttore-badia-a-coltibuono","18":"first","19":"instock","20":"shipping-taxable","21":"purchasable","22":"product-type-simple"},"acf":[],"_links":{"self":[{"href":"https:\/\/casaporciatti.it\/shop\/wp-json\/wp\/v2\/product\/12122","targetHints":{"allow":["GET"]}}],"collection":[{"href":"https:\/\/casaporciatti.it\/shop\/wp-json\/wp\/v2\/product"}],"about":[{"href":"https:\/\/casaporciatti.it\/shop\/wp-json\/wp\/v2\/types\/product"}],"wp:featuredmedia":[{"embeddable":true,"href":"https:\/\/casaporciatti.it\/shop\/wp-json\/wp\/v2\/media\/12124"}],"wp:attachment":[{"href":"https:\/\/casaporciatti.it\/shop\/wp-json\/wp\/v2\/media?parent=12122"}],"wp:term":[{"taxonomy":"product_brand","embeddable":true,"href":"https:\/\/casaporciatti.it\/shop\/wp-json\/wp\/v2\/product_brand?post=12122"},{"taxonomy":"product_cat","embeddable":true,"href":"https:\/\/casaporciatti.it\/shop\/wp-json\/wp\/v2\/product_cat?post=12122"},{"taxonomy":"product_tag","embeddable":true,"href":"https:\/\/casaporciatti.it\/shop\/wp-json\/wp\/v2\/product_tag?post=12122"}],"curies":[{"name":"wp","href":"https:\/\/api.w.org\/{rel}","templated":true}]}}