{"id":12066,"date":"2024-03-08T08:38:16","date_gmt":"2024-03-08T07:38:16","guid":{"rendered":"https:\/\/casaporciatti.it\/shop\/?post_type=product&#038;p=12066"},"modified":"2025-03-06T18:27:05","modified_gmt":"2025-03-06T17:27:05","slug":"il-vignaiolo-di-toru-oikawa-luna-sangiovese-2020","status":"publish","type":"product","link":"https:\/\/casaporciatti.it\/shop\/prodotto\/il-vignaiolo-di-toru-oikawa-luna-sangiovese-2020\/","title":{"rendered":"IL VIGNAIOLO DI TORU OIKAWA LUNA SANGIOVESE 2020"},"content":{"rendered":"<p>Il Vignaiolo di Toru Oikawa Luna Sangiovese 2020 \u00e8 una celebrazione dell&#8217;arte vinicola, che fonde l&#8217;esperienza giapponese con la tradizione toscana. Toru Oikawa, giunto in Italia nel 2014, ha dedicato anni alla comprensione della viticoltura e della vinificazione sotto la guida di maestri della Toscana, tra cui l&#8217;influente Gianfranco Soldera. Questo vino esprime la sintesi di tale percorso, nato da un vigneto di 1,1 ettari nel cuore del Chianti DOCG, coltivato senza l&#8217;ausilio di macchinari per preservare l&#8217;integrit\u00e0 e l&#8217;autenticit\u00e0 del terreno e della vite.<\/p>\n<p>**Vitigno:**<br \/>\nSangiovese in purezza, selezionato con cura e attenzione dal piccolo vigneto gestito personalmente da Oikawa, per riflettere la sua visione di un vino che tocchi l&#8217;anima di chi lo degusta.<\/p>\n<p>**Note di Degustazione:**<br \/>\nIl Vignaiolo di Toru Oikawa Luna Sangiovese 2020 si distingue per il suo colore rosso vivace e profondo. Al naso, offre un bouquet ricco di frutti di bosco, ciliegia matura e sfumature floreali, integrati da note speziate e di terra bagnata, tipiche dell&#8217;espressione pi\u00f9 autentica del Sangiovese. In bocca, il vino \u00e8 robusto ma elegante, con tannini fini e un&#8217;acidit\u00e0 ben bilanciata che promette un&#8217;ottima longevit\u00e0.<\/p>\n<p>**Abbinamenti:**<br \/>\nIdeale con piatti ricchi di sapore come arrosti, selvaggina e formaggi stagionati. La sua struttura e complessit\u00e0 lo rendono perfetto anche come compagno di meditazione a fine pasto.<\/p>\n<p>**Produzione:**<br \/>\nL&#8217;impegno di Oikawa per un approccio sostenibile e attento in vigna si traduce in una produzione limitata, esclusiva, che sottolinea la qualit\u00e0 senza compromessi di questo vino.<\/p>\n<p>**Acquisto:**<br \/>\nIL VIGNAIOLO DI TORU OIKAWA LUNA SANGIOVESE 2020 rappresenta un&#8217;opportunit\u00e0 unica per gli intenditori di vini di esperienza un&#8217;autentica espressione del territorio toscano attraverso gli occhi e il cuore di un vignaiolo che ha saputo unire culture diverse in un calice di vino. Disponibile in quantit\u00e0 limitate, \u00e8 un invito a scoprire la passione e l&#8217;artigianalit\u00e0 che caratterizzano la filosofia di Oikawa nel mondo del vino.<\/p>\n","protected":false},"excerpt":{"rendered":"<p>Il Vignaiolo di Toru Oikawa Luna Sangiovese 2020 \u00e8 una celebrazione dell&#8217;arte vinicola, che fonde l&#8217;esperienza giapponese con la tradizione [&hellip;]<\/p>\n","protected":false},"featured_media":12068,"template":"","meta":[],"product_brand":[],"product_cat":[16,17],"product_tag":[2625,28],"class_list":{"0":"post-12066","1":"product","2":"type-product","3":"status-publish","4":"has-post-thumbnail","6":"product_cat-bere","7":"product_cat-vini-rossi","8":"product_tag-il-vignaiolo-di-toru-oikawa","9":"product_tag-produttore-artigianale","10":"pa_chianti-classico-vini-di-castelnuovo-berardenga","11":"pa_etichette-porciatti-produttori-artigianali","12":"pa_produttore-il-vignaiolo-di-toru-oikawa","14":"first","15":"outofstock","16":"shipping-taxable","17":"purchasable","18":"product-type-simple"},"acf":[],"_links":{"self":[{"href":"https:\/\/casaporciatti.it\/shop\/wp-json\/wp\/v2\/product\/12066","targetHints":{"allow":["GET"]}}],"collection":[{"href":"https:\/\/casaporciatti.it\/shop\/wp-json\/wp\/v2\/product"}],"about":[{"href":"https:\/\/casaporciatti.it\/shop\/wp-json\/wp\/v2\/types\/product"}],"wp:featuredmedia":[{"embeddable":true,"href":"https:\/\/casaporciatti.it\/shop\/wp-json\/wp\/v2\/media\/12068"}],"wp:attachment":[{"href":"https:\/\/casaporciatti.it\/shop\/wp-json\/wp\/v2\/media?parent=12066"}],"wp:term":[{"taxonomy":"product_brand","embeddable":true,"href":"https:\/\/casaporciatti.it\/shop\/wp-json\/wp\/v2\/product_brand?post=12066"},{"taxonomy":"product_cat","embeddable":true,"href":"https:\/\/casaporciatti.it\/shop\/wp-json\/wp\/v2\/product_cat?post=12066"},{"taxonomy":"product_tag","embeddable":true,"href":"https:\/\/casaporciatti.it\/shop\/wp-json\/wp\/v2\/product_tag?post=12066"}],"curies":[{"name":"wp","href":"https:\/\/api.w.org\/{rel}","templated":true}]}}