{"id":12044,"date":"2024-03-08T04:15:26","date_gmt":"2024-03-08T03:15:26","guid":{"rendered":"https:\/\/casaporciatti.it\/shop\/?post_type=product&#038;p=12044"},"modified":"2026-04-06T13:08:09","modified_gmt":"2026-04-06T11:08:09","slug":"maurizio-alongi-vigna-barbischio-chianti-classico-riserva-2022","status":"publish","type":"product","link":"https:\/\/casaporciatti.it\/shop\/prodotto\/maurizio-alongi-vigna-barbischio-chianti-classico-riserva-2022\/","title":{"rendered":"MAURIZIO ALONGI VIGNA BARBISCHIO Chianti Classico Riserva 2022"},"content":{"rendered":"<p><strong>Il Chianti Classico Riserva Vigna Barbischio 2022 di Maurizio Alongi<\/strong> \u00e8 una di quelle bottiglie che gli appassionati di sangiovese rincorrono al momento. Poco pi\u00f9 di 4000 bottiglie di un vino che non lascia indifferenti per la sua espressivit\u00e0 territoriale e capacit\u00e0 di interpretare il vitigno in modo verace ed originale.<\/p>\n<p><strong>Maurizio Alongi<\/strong> \u00e8 un enologo senese\u00a0 che dopo tanti anni di esperienza in diverse aziende chiantigiane e italiane ha deciso di esprimere il suo talento nel territorio che pi\u00f9 gli sta a cuore: il Chianti Classico. Il progetto \u00e8 cominciato dopo aver scovato nei dintorni di Gaiole in Chianti, due piccoli vigneti vicino al borgo medievale di <strong>Barbischio<\/strong> piantati agli inizi degli anni Settanta.<\/p>\n<p>L&#8217;estensione dei vigneti, poco pi\u00f9 di une ettaro e le rese bassissime anche dovute a l&#8217;et\u00e0 degli impianti, fanno si che la produzione di questo <strong>Chianti Classico Riserva<\/strong> sia veramente limitata.<\/p>\n<p class=\"p1\">I vigneti si trovano a 435 metri sul livello del mare con un\u2019esposizione prevalente a sud. La variet\u00e0 principale\u00a0\u00e8 il Sangiovese, accompagnato dalla Malvasia nera che dona colore e rotondit\u00e0 e dal Canaiolo, il quale arricchisce il patrimonio aromatico dell\u2019uvaggio.<\/p>\n<p class=\"p1\">\n","protected":false},"excerpt":{"rendered":"<p>Il Chianti Classico Riserva Vigna Barbischio 2022 di Maurizio Alongi \u00e8 una di quelle bottiglie che gli appassionati di sangiovese [&hellip;]<\/p>\n","protected":false},"featured_media":7127,"template":"","meta":[],"product_brand":[],"product_cat":[16,17,35],"product_tag":[37,199,31,20,26],"class_list":{"0":"post-12044","1":"product","2":"type-product","3":"status-publish","4":"has-post-thumbnail","6":"product_cat-bere","7":"product_cat-vini-rossi","8":"product_cat-in-evidenza","9":"product_tag-chianti-classico-riserva","10":"product_tag-maurizio-alongi","11":"product_tag-portami-in-chianti","12":"product_tag-vetrina","13":"product_tag-vini-di-gaiole","14":"pa_categorie-speciali-la-toscana-nascosta","15":"pa_categorie-speciali-portami-in-chianti","16":"pa_categorie-speciali-vini-di-gaiole-in-chianti","17":"pa_chianti-classico-vini-di-gaiole-in-chianti","18":"pa_produttore-maurizio-alongi","20":"first","21":"instock","22":"shipping-taxable","23":"purchasable","24":"product-type-simple"},"acf":[],"_links":{"self":[{"href":"https:\/\/casaporciatti.it\/shop\/wp-json\/wp\/v2\/product\/12044","targetHints":{"allow":["GET"]}}],"collection":[{"href":"https:\/\/casaporciatti.it\/shop\/wp-json\/wp\/v2\/product"}],"about":[{"href":"https:\/\/casaporciatti.it\/shop\/wp-json\/wp\/v2\/types\/product"}],"wp:featuredmedia":[{"embeddable":true,"href":"https:\/\/casaporciatti.it\/shop\/wp-json\/wp\/v2\/media\/7127"}],"wp:attachment":[{"href":"https:\/\/casaporciatti.it\/shop\/wp-json\/wp\/v2\/media?parent=12044"}],"wp:term":[{"taxonomy":"product_brand","embeddable":true,"href":"https:\/\/casaporciatti.it\/shop\/wp-json\/wp\/v2\/product_brand?post=12044"},{"taxonomy":"product_cat","embeddable":true,"href":"https:\/\/casaporciatti.it\/shop\/wp-json\/wp\/v2\/product_cat?post=12044"},{"taxonomy":"product_tag","embeddable":true,"href":"https:\/\/casaporciatti.it\/shop\/wp-json\/wp\/v2\/product_tag?post=12044"}],"curies":[{"name":"wp","href":"https:\/\/api.w.org\/{rel}","templated":true}]}}