{"id":12025,"date":"2024-03-05T18:17:15","date_gmt":"2024-03-05T17:17:15","guid":{"rendered":"https:\/\/casaporciatti.it\/shop\/?post_type=product&#038;p=12025"},"modified":"2024-05-28T11:36:58","modified_gmt":"2024-05-28T09:36:58","slug":"monteraponi-bragantino-chianti-classico-gran-selezione-2019","status":"publish","type":"product","link":"https:\/\/casaporciatti.it\/shop\/prodotto\/monteraponi-bragantino-chianti-classico-gran-selezione-2019\/","title":{"rendered":"MONTERAPONI BRAGANTINO Chianti Classico Gran Selezione 2019"},"content":{"rendered":"<p>Monteraponi Bragantino Chianti Classico Gran Selezione 2019 si posiziona al vertice delle produzioni di Monteraponi e del Chianti Classico stesso. \u00c8 caratterizzato da una precisione e un&#8217;intensit\u00e0 olfattiva eccezionali. Al naso \u00e8 vario e complesso con note floreali, frutti di bosco e spezie. Al palato dimostra eleganza e vivacit\u00e0. Sorso succoso e appagante che ricorda le ciliegie rosse le erbe selvatiche e la scorza di arancia. Un grande vino di Radda in Chianti!<\/p>\n<p><strong>Monteraponi<\/strong>\u00a0\u00e8 una delle pi\u00f9 belle cantine di\u00a0<strong>Radda in Chianti.<\/strong><\/p>\n<p class=\"p1\">Non vengono utilizzati lieviti commerciali, nutrienti o batteri malolattici, la fermentazione avviene in vasche di cemento, seguita da una macerazione di circa 45 giorni. Il vino viene invecchiato in grandi botti di rovere per circa 26 mesi, e non viene filtrato. In altre parole: pulizia, attenzione, vinificazione tradizionale.<\/p>\n","protected":false},"excerpt":{"rendered":"<p>Monteraponi Bragantino Chianti Classico Gran Selezione 2019 si posiziona al vertice delle produzioni di Monteraponi e del Chianti Classico stesso. [&hellip;]<\/p>\n","protected":false},"featured_media":12027,"template":"","meta":[],"product_brand":[],"product_cat":[16,17],"product_tag":[43,27,20,21,22],"class_list":{"0":"post-12025","1":"product","2":"type-product","3":"status-publish","4":"has-post-thumbnail","6":"product_cat-bere","7":"product_cat-vini-rossi","8":"product_tag-chianti-classico-gran-selezione","9":"product_tag-monteraponi","10":"product_tag-vetrina","11":"product_tag-vini-di-radda","12":"product_tag-vino-biologico","13":"pa_categorie-speciali-vini-di-radda","14":"pa_categorie-speciali-vini-premiati","15":"pa_chianti-classico-vini-di-radda-in-chianti","16":"pa_etichette-porciatti-vino-biologico","17":"pa_produttore-monteraponi","19":"first","20":"outofstock","21":"shipping-taxable","22":"purchasable","23":"product-type-simple"},"acf":[],"_links":{"self":[{"href":"https:\/\/casaporciatti.it\/shop\/wp-json\/wp\/v2\/product\/12025","targetHints":{"allow":["GET"]}}],"collection":[{"href":"https:\/\/casaporciatti.it\/shop\/wp-json\/wp\/v2\/product"}],"about":[{"href":"https:\/\/casaporciatti.it\/shop\/wp-json\/wp\/v2\/types\/product"}],"wp:featuredmedia":[{"embeddable":true,"href":"https:\/\/casaporciatti.it\/shop\/wp-json\/wp\/v2\/media\/12027"}],"wp:attachment":[{"href":"https:\/\/casaporciatti.it\/shop\/wp-json\/wp\/v2\/media?parent=12025"}],"wp:term":[{"taxonomy":"product_brand","embeddable":true,"href":"https:\/\/casaporciatti.it\/shop\/wp-json\/wp\/v2\/product_brand?post=12025"},{"taxonomy":"product_cat","embeddable":true,"href":"https:\/\/casaporciatti.it\/shop\/wp-json\/wp\/v2\/product_cat?post=12025"},{"taxonomy":"product_tag","embeddable":true,"href":"https:\/\/casaporciatti.it\/shop\/wp-json\/wp\/v2\/product_tag?post=12025"}],"curies":[{"name":"wp","href":"https:\/\/api.w.org\/{rel}","templated":true}]}}