{"id":12022,"date":"2024-03-05T04:57:37","date_gmt":"2024-03-05T03:57:37","guid":{"rendered":"https:\/\/casaporciatti.it\/shop\/?post_type=product&#038;p=12022"},"modified":"2026-04-01T13:10:59","modified_gmt":"2026-04-01T11:10:59","slug":"cigliano-di-sopra-vigneto-branca-chianti-classico-riserva-2023","status":"publish","type":"product","link":"https:\/\/casaporciatti.it\/shop\/prodotto\/cigliano-di-sopra-vigneto-branca-chianti-classico-riserva-2023\/","title":{"rendered":"CIGLIANO DI SOPRA VIGNETO BRANCA Chianti Classico Riserva 2023"},"content":{"rendered":"<p>Cigliano di Sopra\u00a0 Vigneto Branca 2023 \u00e8 un vino eccezionale che trae origine dal suo eponimo vigneto. Uve Sangiovese, accuratamente selezionate e raccolte a mano. Caratterizzato da una fermentazione naturale, si avvale di una tecnica particolare che prevede l&#8217;uso del 50% di grappoli interi, conferendo al vino una struttura e un carattere unici. Il processo di maturazione avviene in barriques e tonneaux di rovere francese per un periodo di 14 mesi, che arricchisce il vino di sfumature complesse e raffinate.<\/p>\n<p>Cigliano di Sopra\u00a0 Vigneto Branca 2021 \u00e8\u00a0un vino che colpisce per la sua bellezza e luminosit\u00e0, caratterizzato da un bouquet aromatico fresco e variegato. La sua beva \u00e8 affabile e leggiadra, con un equilibrio perfetto che invita a bere con piacere, senza mai appesantire. Gi\u00e0 in stato di grazia, il vino promette una grande prospettiva di invecchiamento<\/p>\n<p>Matteo Vaccari e Maddalena Fucile sono due giovani viticoltori che hanno una vasta esperienza in Toscana e non solo. Dopo essersi laureati in Viticoltura ed Enologia presso l&#8217;Universit\u00e0 degli studi di Firenze nel 2017, il duo ha affinato le proprie tecniche di vinificazione presso la Tenuta degli Dei, Fontodi e Isole e Olena in Toscana. Successivamente, sono andati entrambi in America per lavorare con due dei migliori produttori di vino della California, Sashi Moorman e Rajat Parr, nelle loro tenute in California e nell&#8217;Oregon Domaine de la Cote, Sandhi, Pence Ranch e Evening Land. Alla fine, Maddalena \u00e8 tornata nella tenuta di famiglia, Cigliano di Sopra, nel nord del Chianti, dove lei e Matteo hanno restaurato i vecchi vigneti di propriet\u00e0 attraverso l&#8217;agricoltura biologica e biodinamica. Oggi coltivano sette ettari su terreni sabbioso-argillosi ricchi di calcare. Tutta la frutta viene raccolta a mano, fermentata con lieviti indigeni e affinata in legno.<\/p>\n<p>Fattoria Cigliano di Sopra \u00e8 ubicata nella parte pi\u00f9 a Nord del territorio del Chianti Classico, precisamente nella frazione Cigliano del comune di San Casciano in Val di Pesa. I trentadue ettari della Fattoria comprendono 7 ettari vitati da cui si ricavano i vini dell&#8217;azienda e 17 ettari di Oliveti da cui si ricava l\u2019olio extravergine d\u2019oliva, i rimanenti 8 ettari sono rappresentati da parchi e boschi. La storica Villa all\u2019interno del complesso della Fattoria, \u00e8 abitata dai proprietari, che con dedizione custodiscono e preservano il complesso storico.<\/p>\n<div><\/div>\n","protected":false},"excerpt":{"rendered":"<p>Cigliano di Sopra\u00a0 Vigneto Branca 2023 \u00e8 un vino eccezionale che trae origine dal suo eponimo vigneto. Uve Sangiovese, accuratamente [&hellip;]<\/p>\n","protected":false},"featured_media":12096,"template":"","meta":[],"product_brand":[],"product_cat":[16,17],"product_tag":[18,419,34,22],"class_list":{"0":"post-12022","1":"product","2":"type-product","3":"status-publish","4":"has-post-thumbnail","6":"product_cat-bere","7":"product_cat-vini-rossi","8":"product_tag-chianti-classico","9":"product_tag-cigliano-di-sopra","10":"product_tag-scelto-da-riccardo","11":"product_tag-vino-biologico","12":"pa_categorie-speciali-portami-in-chianti","13":"pa_chianti-classico-vini-di-san-casciano","14":"pa_etichette-porciatti-consigliato-da-riccardo","15":"pa_produttore-cigliano-di-sopra","17":"first","18":"instock","19":"shipping-taxable","20":"purchasable","21":"product-type-simple"},"acf":[],"_links":{"self":[{"href":"https:\/\/casaporciatti.it\/shop\/wp-json\/wp\/v2\/product\/12022","targetHints":{"allow":["GET"]}}],"collection":[{"href":"https:\/\/casaporciatti.it\/shop\/wp-json\/wp\/v2\/product"}],"about":[{"href":"https:\/\/casaporciatti.it\/shop\/wp-json\/wp\/v2\/types\/product"}],"wp:featuredmedia":[{"embeddable":true,"href":"https:\/\/casaporciatti.it\/shop\/wp-json\/wp\/v2\/media\/12096"}],"wp:attachment":[{"href":"https:\/\/casaporciatti.it\/shop\/wp-json\/wp\/v2\/media?parent=12022"}],"wp:term":[{"taxonomy":"product_brand","embeddable":true,"href":"https:\/\/casaporciatti.it\/shop\/wp-json\/wp\/v2\/product_brand?post=12022"},{"taxonomy":"product_cat","embeddable":true,"href":"https:\/\/casaporciatti.it\/shop\/wp-json\/wp\/v2\/product_cat?post=12022"},{"taxonomy":"product_tag","embeddable":true,"href":"https:\/\/casaporciatti.it\/shop\/wp-json\/wp\/v2\/product_tag?post=12022"}],"curies":[{"name":"wp","href":"https:\/\/api.w.org\/{rel}","templated":true}]}}