{"id":11945,"date":"2024-01-25T06:11:58","date_gmt":"2024-01-25T05:11:58","guid":{"rendered":"https:\/\/casaporciatti.it\/shop\/?post_type=product&#038;p=11945"},"modified":"2026-03-16T16:54:58","modified_gmt":"2026-03-16T15:54:58","slug":"le-potazzine-brunello-di-montalcino-2021","status":"publish","type":"product","link":"https:\/\/casaporciatti.it\/shop\/prodotto\/le-potazzine-brunello-di-montalcino-2021\/","title":{"rendered":"Le POTAZZINE Brunello di Montalcino 2021"},"content":{"rendered":"<p>Scoprite l&#8217;essenza della Toscana con il Le Potazzine Brunello di Montalcino 2021, un vino rosso che celebra l&#8217;autenticit\u00e0 e l&#8217;eleganza del Sangiovese. Prodotto in due distinti appezzamenti vitati di propriet\u00e0 dell&#8217;azienda, Le Prata a 507 metri slm con esposizione sud-ovest e La Torre a 420 metri slm con esposizione sud-est, questo Brunello di Montalcino offre un carattere unico e distintivo. Dopo essere stati vinificati ed invecchiati singolarmente, i vini vengono uniti in un&#8217;unica soluzione, creando un blend armonico e complesso.<\/p>\n<p>Vitigno e Vinificazione:<br \/>\nLe Potazzine Brunello di Montalcino 2020 \u00e8 prodotto con 100% Sangiovese biologico certificato. Le viti sono allevate secondo il sistema guyot e la densit\u00e0 d&#8217;impianto \u00e8 di 5952 ceppi\/ha. La filosofia dell&#8217;azienda \u00e8 quella di essere ambasciatori della tradizione montalcinese, riflettendo l&#8217;eleganza del Sangiovese in purezza attraverso lunghe fermentazioni spontanee, condotte solo da lieviti autoctoni senza controllo della temperatura. Inoltre, il vino affina per 42 mesi in botti grandi da 30\/50 hl in rovere di Slavonia, mantenendosi non filtrato.<\/p>\n<p>Note di Degustazione:<br \/>\nAl naso, Le Potazzine Brunello di Montalcino 2020 presenta un perfetto equilibrio tra sentori fruttati e floreali, con note di frutti a bacca nera, gardenia e violetta. In bocca, il vino \u00e8 succoso e sapido, ben definito da note speziate e aromi di ciliegia rossa. Questo Brunello \u00e8 gi\u00e0 magnifico al momento, ma ha anche il potenziale per essere invecchiato in cantina per due decenni.<\/p>\n<p>&nbsp;<\/p>\n","protected":false},"excerpt":{"rendered":"<p>Scoprite l&#8217;essenza della Toscana con il Le Potazzine Brunello di Montalcino 2021, un vino rosso che celebra l&#8217;autenticit\u00e0 e l&#8217;eleganza [&hellip;]<\/p>\n","protected":false},"featured_media":11947,"template":"","meta":[],"product_brand":[],"product_cat":[16,17],"product_tag":[121,2596],"class_list":{"0":"post-11945","1":"product","2":"type-product","3":"status-publish","4":"has-post-thumbnail","6":"product_cat-bere","7":"product_cat-vini-rossi","8":"product_tag-brunello-di-montalcino","9":"product_tag-le-potazzine","10":"pa_categorie-speciali-brunello-di-montalcino","11":"pa_categorie-speciali-vini-pregiati-e-rari","12":"pa_produttore-le-potazzine","14":"first","15":"instock","16":"shipping-taxable","17":"purchasable","18":"product-type-simple"},"acf":[],"_links":{"self":[{"href":"https:\/\/casaporciatti.it\/shop\/wp-json\/wp\/v2\/product\/11945","targetHints":{"allow":["GET"]}}],"collection":[{"href":"https:\/\/casaporciatti.it\/shop\/wp-json\/wp\/v2\/product"}],"about":[{"href":"https:\/\/casaporciatti.it\/shop\/wp-json\/wp\/v2\/types\/product"}],"wp:featuredmedia":[{"embeddable":true,"href":"https:\/\/casaporciatti.it\/shop\/wp-json\/wp\/v2\/media\/11947"}],"wp:attachment":[{"href":"https:\/\/casaporciatti.it\/shop\/wp-json\/wp\/v2\/media?parent=11945"}],"wp:term":[{"taxonomy":"product_brand","embeddable":true,"href":"https:\/\/casaporciatti.it\/shop\/wp-json\/wp\/v2\/product_brand?post=11945"},{"taxonomy":"product_cat","embeddable":true,"href":"https:\/\/casaporciatti.it\/shop\/wp-json\/wp\/v2\/product_cat?post=11945"},{"taxonomy":"product_tag","embeddable":true,"href":"https:\/\/casaporciatti.it\/shop\/wp-json\/wp\/v2\/product_tag?post=11945"}],"curies":[{"name":"wp","href":"https:\/\/api.w.org\/{rel}","templated":true}]}}