{"id":11893,"date":"2023-12-11T11:42:17","date_gmt":"2023-12-11T10:42:17","guid":{"rendered":"https:\/\/casaporciatti.it\/shop\/?post_type=product&#038;p=11893"},"modified":"2024-09-27T10:38:14","modified_gmt":"2024-09-27T08:38:14","slug":"jerome-prevost-la-closerie-champagne-grand-cru-extra-brut-lc-gc21","status":"publish","type":"product","link":"https:\/\/casaporciatti.it\/shop\/prodotto\/jerome-prevost-la-closerie-champagne-grand-cru-extra-brut-lc-gc21\/","title":{"rendered":"J\u00e9r\u00f4me Pr\u00e9vost LA CLOSERIE CHAMPAGNE GRAND CRU EXTRA BRUT LC GC21"},"content":{"rendered":"<p>Lo Champagne GRAND CRU Extra Brut LC GC21 di J\u00e9r\u00f4me Pr\u00e9vost LA CLOSERIE la si pu\u00f2 considerare un pezzo da collezione. Una grande rarit\u00e0.<\/p>\n<p>J\u00e9r\u00f4me Pr\u00e9vost e la sua cantina Champagne La Closerie fanno parte di una coalizione di piccoli produttori che producono champagne vinosi intensi, trasparenti al terroir. Piuttosto che seguire il modello tradizionale dello Champagne di miscelare uve, annate e vigneti per produrre un prodotto &#8220;standardizzato&#8221;, J\u00e9r\u00f4me e i suoi colleghi &#8220;Champagne Renegades&#8221; producono imbottigliamenti specifici per terroir dedicati principalmente a un&#8217;uva e un&#8217;annata.<\/p>\n<p>J\u00e9r\u00f4me ha ereditato un appezzamento di due ettari noto come Les B\u00e9guines da sua nonna, cresciuta sulla stessa strada nel villaggio di Gueux, nella Montagne de Reims, dove si trovano l&#8217;azienda vinicola e la casa di famiglia. A Les B\u00e9guines, il Pinot Meunier regna sovrano, ma ci sono piante di Pinot Nero, Pinot Grigio e Chardonnay disseminati in tutta la parcella, che rappresentano circa il 5% dell&#8217;uvaggio finale. Inoltre, mentre una singola annata domina, J\u00e9r\u00f4me tende ad assemblare in vini di riserva del 10-15%.<\/p>\n<p>La nonna di J\u00e9r\u00f4me aveva precedentemente affittato le vigne per farle coltivare ad altri, fino al 1987, quando J\u00e9r\u00f4me ha rilevato e ha iniziato a vendere l&#8217;uva direttamente ai n\u00e9gociants. A met\u00e0 degli anni &#8217;90 inizia a lavorare da Jacques Selosse e nel 1998, con l&#8217;aiuto di Anselme Selosse, inizia a produrre piccole quantit\u00e0 di vino proprio nelle cantine Selosse ad Avize. Ha continuato a produrre il suo vino l\u00ec fino al 2001, quando ha trasferito la produzione a Gueux. Oggi, una casa e un&#8217;azienda vinicola moderne e minimaliste si trovano ai margini del vigneto.<\/p>\n<p>J\u00e9r\u00f4me \u00e8 stato sicuramente influenzato da alcune delle tecniche uniche di Anselme Selosse, inclusa una meticolosa attenzione ai dettagli in vigna, con rese estremamente basse (circa la met\u00e0 del limite legale!) e nessun additivo chimico utilizzato nella sua agricoltura. Come Anselme, a J\u00e9r\u00f4me piace giocare secondo le sue regole e pu\u00f2 essere un po&#8217; contrarian quando si tratta di alcune delle sue tecniche.<\/p>\n<p>Les Beguines si trova a circa 10 km a ovest di Reims. E&#8217; stato piantato alla fine degli anni &#8217;50, fortunatamente prima dell&#8217;era dei &#8220;super cloni&#8221;, quindi con talee originali di selezione massale. J\u00e9r\u00f4me raccoglie tutte le uve a mano e fermenta con lieviti indigeni utilizzando un mix di barrique usate e demi-muid da 600 litri. Gli champagne vengono sboccati circa 16 mesi dopo l&#8217;imbottigliamento, e finiti senza dosaggio e con pochissima solforosa in modo da preservare la santit\u00e0 e la purezza del vino sottostante. Questo breve periodo sur lattes \u00e8 unico in Champagne, ma J\u00e9r\u00f4me sostiene che l&#8217;evoluzione pi\u00f9 interessante dei suoi vini si verifica in bottiglia nei mesi e negli anni successivi alla sboccatura, come sottolinea, pi\u00f9 come un normale vino fermo che come uno Champagne.<\/p>\n<p>&nbsp;<\/p>\n","protected":false},"excerpt":{"rendered":"<p>Lo Champagne GRAND CRU Extra Brut LC GC21 di J\u00e9r\u00f4me Pr\u00e9vost LA CLOSERIE la si pu\u00f2 considerare un pezzo da [&hellip;]<\/p>\n","protected":false},"featured_media":11895,"template":"","meta":[],"product_brand":[],"product_cat":[16,281],"product_tag":[287,401,211],"class_list":{"0":"post-11893","1":"product","2":"type-product","3":"status-publish","4":"has-post-thumbnail","6":"product_cat-bere","7":"product_cat-vini-spumanti","8":"product_tag-champagne","9":"product_tag-jerome-prevost-la-closerie","10":"product_tag-vini-per-le-feste","11":"pa_categorie-speciali-fine-and-rare-wines","12":"pa_produttore-jerome-prevost-la-closerie","14":"first","15":"instock","16":"shipping-taxable","17":"purchasable","18":"product-type-simple"},"acf":[],"_links":{"self":[{"href":"https:\/\/casaporciatti.it\/shop\/wp-json\/wp\/v2\/product\/11893","targetHints":{"allow":["GET"]}}],"collection":[{"href":"https:\/\/casaporciatti.it\/shop\/wp-json\/wp\/v2\/product"}],"about":[{"href":"https:\/\/casaporciatti.it\/shop\/wp-json\/wp\/v2\/types\/product"}],"wp:featuredmedia":[{"embeddable":true,"href":"https:\/\/casaporciatti.it\/shop\/wp-json\/wp\/v2\/media\/11895"}],"wp:attachment":[{"href":"https:\/\/casaporciatti.it\/shop\/wp-json\/wp\/v2\/media?parent=11893"}],"wp:term":[{"taxonomy":"product_brand","embeddable":true,"href":"https:\/\/casaporciatti.it\/shop\/wp-json\/wp\/v2\/product_brand?post=11893"},{"taxonomy":"product_cat","embeddable":true,"href":"https:\/\/casaporciatti.it\/shop\/wp-json\/wp\/v2\/product_cat?post=11893"},{"taxonomy":"product_tag","embeddable":true,"href":"https:\/\/casaporciatti.it\/shop\/wp-json\/wp\/v2\/product_tag?post=11893"}],"curies":[{"name":"wp","href":"https:\/\/api.w.org\/{rel}","templated":true}]}}