{"id":11823,"date":"2023-11-14T11:57:21","date_gmt":"2023-11-14T10:57:21","guid":{"rendered":"https:\/\/casaporciatti.it\/shop\/?post_type=product&#038;p=11823"},"modified":"2025-08-29T11:12:49","modified_gmt":"2025-08-29T09:12:49","slug":"zampaglione-don-chisciotte-fiano-campania-2022","status":"publish","type":"product","link":"https:\/\/casaporciatti.it\/shop\/prodotto\/zampaglione-don-chisciotte-fiano-campania-2022\/","title":{"rendered":"ZAMPAGLIONE Don Chisciotte Fiano Campania 2022"},"content":{"rendered":"<p>La famiglia Zampaglione \u00e8 proprietaria di un&#8217;antica e biologica azienda agricola nella zona dell&#8217;Alta Irpinia. Nel 2003, hanno deciso di creare il vigneto Don Chisciotte con tre diverse zone di Fiano. Il vino viene invecchiato e fermentato in serbatoi di acciaio inossidabile, macerando sulle bucce e riposando sui lieviti. Nessuna chiarifica e nessuna filtrazione.<\/p>\n<p>Il Don Chisciotte Fiano 2021 \u00e8 qui presentato nella sua pura essenza, incarnando chiaramente il territorio da cui proviene. Questo vino \u00e8 stato macerato sulle bucce, creando quella nota distintiva definita come &#8220;Orange Wine&#8221;. Consigliamo di aprirlo qualche tempo prima di versarlo nel calice per apprezzarne appieno le caratteristiche. Una volta nel calice, si riveler\u00e0 con profumi intensi di frutta gialla matura e note erbacee di montagna con accenni mentolati.<\/p>\n<p>Avvolgente, minerale, ricco e fresco, questo vino porta con s\u00e9 un&#8217;emozione unica. \u00c8 un accompagnamento ideale per una frittura di pesce o, per chi cerca qualcosa di pi\u00f9 leggero, si sposa magnificamente con un antipasto di mare caldo seguito da un risotto con seppie in zimino.<\/p>\n<p>&nbsp;<\/p>\n","protected":false},"excerpt":{"rendered":"<p>La famiglia Zampaglione \u00e8 proprietaria di un&#8217;antica e biologica azienda agricola nella zona dell&#8217;Alta Irpinia. Nel 2003, hanno deciso di [&hellip;]<\/p>\n","protected":false},"featured_media":11825,"template":"","meta":[],"product_brand":[],"product_cat":[16,182],"product_tag":[2559,34,2569],"class_list":{"0":"post-11823","1":"product","2":"type-product","3":"status-publish","4":"has-post-thumbnail","6":"product_cat-bere","7":"product_cat-vini-bianchi","8":"product_tag-campania","9":"product_tag-scelto-da-riccardo","10":"product_tag-zampaglione","11":"pa_categorie-speciali-vini-per-lestate","12":"pa_etichette-porciatti-consigliato-da-riccardo","13":"pa_produttore-pierluigi-zampaglione","15":"first","16":"instock","17":"shipping-taxable","18":"purchasable","19":"product-type-simple"},"acf":[],"_links":{"self":[{"href":"https:\/\/casaporciatti.it\/shop\/wp-json\/wp\/v2\/product\/11823","targetHints":{"allow":["GET"]}}],"collection":[{"href":"https:\/\/casaporciatti.it\/shop\/wp-json\/wp\/v2\/product"}],"about":[{"href":"https:\/\/casaporciatti.it\/shop\/wp-json\/wp\/v2\/types\/product"}],"wp:featuredmedia":[{"embeddable":true,"href":"https:\/\/casaporciatti.it\/shop\/wp-json\/wp\/v2\/media\/11825"}],"wp:attachment":[{"href":"https:\/\/casaporciatti.it\/shop\/wp-json\/wp\/v2\/media?parent=11823"}],"wp:term":[{"taxonomy":"product_brand","embeddable":true,"href":"https:\/\/casaporciatti.it\/shop\/wp-json\/wp\/v2\/product_brand?post=11823"},{"taxonomy":"product_cat","embeddable":true,"href":"https:\/\/casaporciatti.it\/shop\/wp-json\/wp\/v2\/product_cat?post=11823"},{"taxonomy":"product_tag","embeddable":true,"href":"https:\/\/casaporciatti.it\/shop\/wp-json\/wp\/v2\/product_tag?post=11823"}],"curies":[{"name":"wp","href":"https:\/\/api.w.org\/{rel}","templated":true}]}}