{"id":11819,"date":"2023-11-14T11:40:35","date_gmt":"2023-11-14T10:40:35","guid":{"rendered":"https:\/\/casaporciatti.it\/shop\/?post_type=product&#038;p=11819"},"modified":"2024-09-16T10:41:17","modified_gmt":"2024-09-16T08:41:17","slug":"pietracupa-campania-greco-2020","status":"publish","type":"product","link":"https:\/\/casaporciatti.it\/shop\/prodotto\/pietracupa-campania-greco-2020\/","title":{"rendered":"PIETRACUPA Campania Greco 2020"},"content":{"rendered":"<p>Pietracupa Greco 2020 \u00e8 uno dei pi\u00f9 grandi vini bianchi italiani e tra i pi\u00f9 intriganti al mondo. Un vino elegante con fragranze minerali rocciose e una profondit\u00e0 in bocca, saporito, vibrante con un finale molto lungo. Di un giallo paglierino chiaro, luminoso ed intenso. Un esempio eccellente e complesso di rare e delicate note aromatiche: siepi, nettarine, felci, salvia, pepe bianco e zenzero.<\/p>\n<p>In contrasto con la delicatezza del bouquet, il palato ha pochi rivali per sapore ed energia, con un avvolgente accenno salato-acido. La sua lunga evoluzione culmina in un irrefrenabile splendore di cedro e pesche bianche.<\/p>\n<p>Eccellente accompagnamento per piatti di pasta, zuppe, formaggi a media maturazione, carni bianche e pesce alla griglia.<\/p>\n<p>Proveniente dalla rinomata cantina Pietracupa, fondata grazie alla fervida passione di Giuseppe Loffredo e ora portata avanti con lo stesso impegno da suo figlio Sabino, questo Fiano nasce da un vigneto situato a 600 metri sul livello del mare nell&#8217;incantevole area di Montefredane. Con oltre 20 anni di esperienza, questo vino \u00e8 il risultato di un&#8217;attenta cura delle viti di Fiano di Avellino, Greco di Tufo e Aglianico, coltivate su un terreno argilloso e calcareo, donando al vino un&#8217;identit\u00e0 unica e una complessit\u00e0 aromatica straordinaria.<\/p>\n<p>L&#8217;esposizione privilegiata delle viti e il microclima favorevole, caratterizzato da escursioni termiche ottimali, contribuiscono alla maturazione perfetta delle uve, conferendo al Pietracupa Campania Greco 2020 la sua straordinaria qualit\u00e0 e personalit\u00e0 distintiva.<\/p>\n","protected":false},"excerpt":{"rendered":"<p>Pietracupa Greco 2020 \u00e8 uno dei pi\u00f9 grandi vini bianchi italiani e tra i pi\u00f9 intriganti al mondo. Un vino [&hellip;]<\/p>\n","protected":false},"featured_media":11821,"template":"","meta":[],"product_brand":[],"product_cat":[16,182],"product_tag":[2559,2560,34],"class_list":{"0":"post-11819","1":"product","2":"type-product","3":"status-publish","4":"has-post-thumbnail","6":"product_cat-bere","7":"product_cat-vini-bianchi","8":"product_tag-campania","9":"product_tag-pietracupa","10":"product_tag-scelto-da-riccardo","11":"pa_categorie-speciali-vini-per-lestate","12":"pa_etichette-porciatti-consigliato-da-riccardo","13":"pa_produttore-pietracupa","15":"first","16":"outofstock","17":"shipping-taxable","18":"purchasable","19":"product-type-simple"},"acf":[],"_links":{"self":[{"href":"https:\/\/casaporciatti.it\/shop\/wp-json\/wp\/v2\/product\/11819","targetHints":{"allow":["GET"]}}],"collection":[{"href":"https:\/\/casaporciatti.it\/shop\/wp-json\/wp\/v2\/product"}],"about":[{"href":"https:\/\/casaporciatti.it\/shop\/wp-json\/wp\/v2\/types\/product"}],"wp:featuredmedia":[{"embeddable":true,"href":"https:\/\/casaporciatti.it\/shop\/wp-json\/wp\/v2\/media\/11821"}],"wp:attachment":[{"href":"https:\/\/casaporciatti.it\/shop\/wp-json\/wp\/v2\/media?parent=11819"}],"wp:term":[{"taxonomy":"product_brand","embeddable":true,"href":"https:\/\/casaporciatti.it\/shop\/wp-json\/wp\/v2\/product_brand?post=11819"},{"taxonomy":"product_cat","embeddable":true,"href":"https:\/\/casaporciatti.it\/shop\/wp-json\/wp\/v2\/product_cat?post=11819"},{"taxonomy":"product_tag","embeddable":true,"href":"https:\/\/casaporciatti.it\/shop\/wp-json\/wp\/v2\/product_tag?post=11819"}],"curies":[{"name":"wp","href":"https:\/\/api.w.org\/{rel}","templated":true}]}}