{"id":11758,"date":"2023-10-17T10:50:13","date_gmt":"2023-10-17T08:50:13","guid":{"rendered":"https:\/\/casaporciatti.it\/shop\/?post_type=product&#038;p=11758"},"modified":"2025-10-15T10:16:31","modified_gmt":"2025-10-15T08:16:31","slug":"domaine-de-courcel-pommard-les-vaumuriens-2019","status":"publish","type":"product","link":"https:\/\/casaporciatti.it\/shop\/prodotto\/domaine-de-courcel-pommard-les-vaumuriens-2019\/","title":{"rendered":"DOMAINE DE COURCEL Pommard LES VAUMURIENS 2019"},"content":{"rendered":"<p>Il De Corurcel Pommard les vaumuriens si presenta nel bicchiere con uno stile fresco e fruttato, con note di frutti di bosco, cuoio, sottobosco, spezie, e un live tocco fumoso&#8230; In bocca, elegante e golosa, con tannini fini ma ancora ben definiti.<\/p>\n<p class=\"p1\">I Vaumuriens (1,44 ettari) sono vigneti situati nella denominazione Village, posizionati proprio sopra i Rugiens. Questa parcella ha un terreno bianco poco profondo (0,3-0,4 metri) ed \u00e8 orientata a nord-est. Le viti, che hanno circa quarant&#8217;anni, producono vini speziati con aromi di ribes nero e frutta bianca, talvolta persino di mango<\/p>\n<p>Il Domaine de Courcel produce vini da sette diversi lotti (clima), tutti con sede a Pommard. Quattro di questi vini, che rappresentano quasi il 75% della superficie della tenuta, godono della denominazione di \u201cPremier Cru\u201d. Il vigneto \u00e8 composto dalla pi\u00f9 ampia variet\u00e0 di vini Pommard. I vigneti si trovano sui pendii collinari, a sud del villaggio tra Pommard e Volnay, e a nord tra Pommard e Beaune.<\/p>\n","protected":false},"excerpt":{"rendered":"<p>Il De Corurcel Pommard les vaumuriens si presenta nel bicchiere con uno stile fresco e fruttato, con note di frutti [&hellip;]<\/p>\n","protected":false},"featured_media":11760,"template":"","meta":[],"product_brand":[],"product_cat":[16,17],"product_tag":[225,418],"class_list":{"0":"post-11758","1":"product","2":"type-product","3":"status-publish","4":"has-post-thumbnail","6":"product_cat-bere","7":"product_cat-vini-rossi","8":"product_tag-borgogna","9":"product_tag-domaine-de-courcel","10":"pa_produttore-domaine-de-courcel","12":"first","13":"instock","14":"shipping-taxable","15":"purchasable","16":"product-type-simple"},"acf":[],"_links":{"self":[{"href":"https:\/\/casaporciatti.it\/shop\/wp-json\/wp\/v2\/product\/11758","targetHints":{"allow":["GET"]}}],"collection":[{"href":"https:\/\/casaporciatti.it\/shop\/wp-json\/wp\/v2\/product"}],"about":[{"href":"https:\/\/casaporciatti.it\/shop\/wp-json\/wp\/v2\/types\/product"}],"wp:featuredmedia":[{"embeddable":true,"href":"https:\/\/casaporciatti.it\/shop\/wp-json\/wp\/v2\/media\/11760"}],"wp:attachment":[{"href":"https:\/\/casaporciatti.it\/shop\/wp-json\/wp\/v2\/media?parent=11758"}],"wp:term":[{"taxonomy":"product_brand","embeddable":true,"href":"https:\/\/casaporciatti.it\/shop\/wp-json\/wp\/v2\/product_brand?post=11758"},{"taxonomy":"product_cat","embeddable":true,"href":"https:\/\/casaporciatti.it\/shop\/wp-json\/wp\/v2\/product_cat?post=11758"},{"taxonomy":"product_tag","embeddable":true,"href":"https:\/\/casaporciatti.it\/shop\/wp-json\/wp\/v2\/product_tag?post=11758"}],"curies":[{"name":"wp","href":"https:\/\/api.w.org\/{rel}","templated":true}]}}