{"id":11754,"date":"2023-10-17T10:27:19","date_gmt":"2023-10-17T08:27:19","guid":{"rendered":"https:\/\/casaporciatti.it\/shop\/?post_type=product&#038;p=11754"},"modified":"2025-12-30T10:40:55","modified_gmt":"2025-12-30T09:40:55","slug":"domaine-de-courcel-chardonnay-2019","status":"publish","type":"product","link":"https:\/\/casaporciatti.it\/shop\/prodotto\/domaine-de-courcel-chardonnay-2019\/","title":{"rendered":"DOMAINE DE COURCEL Chardonnay 2019"},"content":{"rendered":"<p class=\"p1\">Le vigne per produrre il Domaine De Courcel chardonnay sono state piantate all&#8217;inizio degli anni 2000, su parcelle confinanti con la denominazione di Pommard village e riposano su terreni bruni smossi dalla collina e accumulati su terreni meno inclinati. La profondit\u00e0 pu\u00f2 raggiungere il metro, ma la significativa presenza di ciottoli assicura una buona filtrazione del terreno.<\/p>\n<p class=\"p1\">Lo Chardonnay del Domaine de Courcel \u00e8 un vino ricco con aromi di miele e frutta secca o candita. Il suo colore \u00e8 giallo dorato, la sua morbidezza lo rende piacevolmente persistente in bocca.<\/p>\n<p>Il Domaine de Courcel produce vini da sette diversi lotti (clima), tutti con sede a Pommard. Quattro di questi vini, che rappresentano quasi il 75% della superficie della tenuta, godono della denominazione di \u201cPremier Cru\u201d. Il vigneto \u00e8 composto dalla pi\u00f9 ampia variet\u00e0 di vini Pommard. I vigneti si trovano sui pendii collinari, a sud del villaggio tra Pommard e Volnay, e a nord tra Pommard e Beaune.<\/p>\n","protected":false},"excerpt":{"rendered":"<p>Le vigne per produrre il Domaine De Courcel chardonnay sono state piantate all&#8217;inizio degli anni 2000, su parcelle confinanti con [&hellip;]<\/p>\n","protected":false},"featured_media":11756,"template":"","meta":[],"product_brand":[],"product_cat":[16,182],"product_tag":[225,418],"class_list":{"0":"post-11754","1":"product","2":"type-product","3":"status-publish","4":"has-post-thumbnail","6":"product_cat-bere","7":"product_cat-vini-bianchi","8":"product_tag-borgogna","9":"product_tag-domaine-de-courcel","10":"pa_produttore-domaine-de-courcel","12":"first","13":"outofstock","14":"shipping-taxable","15":"purchasable","16":"product-type-simple"},"acf":[],"_links":{"self":[{"href":"https:\/\/casaporciatti.it\/shop\/wp-json\/wp\/v2\/product\/11754","targetHints":{"allow":["GET"]}}],"collection":[{"href":"https:\/\/casaporciatti.it\/shop\/wp-json\/wp\/v2\/product"}],"about":[{"href":"https:\/\/casaporciatti.it\/shop\/wp-json\/wp\/v2\/types\/product"}],"wp:featuredmedia":[{"embeddable":true,"href":"https:\/\/casaporciatti.it\/shop\/wp-json\/wp\/v2\/media\/11756"}],"wp:attachment":[{"href":"https:\/\/casaporciatti.it\/shop\/wp-json\/wp\/v2\/media?parent=11754"}],"wp:term":[{"taxonomy":"product_brand","embeddable":true,"href":"https:\/\/casaporciatti.it\/shop\/wp-json\/wp\/v2\/product_brand?post=11754"},{"taxonomy":"product_cat","embeddable":true,"href":"https:\/\/casaporciatti.it\/shop\/wp-json\/wp\/v2\/product_cat?post=11754"},{"taxonomy":"product_tag","embeddable":true,"href":"https:\/\/casaporciatti.it\/shop\/wp-json\/wp\/v2\/product_tag?post=11754"}],"curies":[{"name":"wp","href":"https:\/\/api.w.org\/{rel}","templated":true}]}}