{"id":11749,"date":"2023-10-12T14:23:36","date_gmt":"2023-10-12T12:23:36","guid":{"rendered":"https:\/\/casaporciatti.it\/shop\/?post_type=product&#038;p=11749"},"modified":"2025-10-28T14:58:33","modified_gmt":"2025-10-28T13:58:33","slug":"nervi-gattinara-vigna-valferana-2019-giacomo-conterno","status":"publish","type":"product","link":"https:\/\/casaporciatti.it\/shop\/prodotto\/nervi-gattinara-vigna-valferana-2019-giacomo-conterno\/","title":{"rendered":"NERVI Gattinara Vigna Valferana 2019 Giacomo Conterno"},"content":{"rendered":"<p>Ecco un vino Gattinara del 2019, ottenuto esclusivamente dal celebre cru Vigna Valferana. Questo vino rappresenta un&#8217;eccellente interpretazione di questo terroir alpino, mostrando un carattere austero e profondo, tipico della denominazione. Le vigne di Valferana, con oltre 30 anni di et\u00e0 e situate a 320 metri sopra il livello del mare, producono esemplari di alta qualit\u00e0 come questo. Il terreno ricco di ferro e manganese, unito all&#8217;abilit\u00e0 di Conterno, conferisce a questo vino un profilo di gusto nitido, intenso e potente. La maturazione di 48 mesi in botti di rovere, seguita da 6 mesi in cemento e ulteriori 6 mesi in bottiglia, contribuisce a perfezionare un assaggio che si colloca tra i migliori del panorama vinicolo.<\/p>\n<p><strong>Nervi<\/strong> \u00e8 uno storico produttore di riferimento della denominazione <strong>Gattinara<\/strong>. La cantina \u00e8 stata fondata nel 1906 da Italo Nervi ed \u00e8 la pi\u00f9 antica cantina di Gattinara, anche se molti dei vigneti erano gi\u00e0 in famiglia risalenti al 1679. La tenuta comprende 28,5 ettari di vigneti tra cui i loro migliori cru di Molsino e Valferana cos\u00ec come Garavoglie e Casacce. Questi sono cru storici di Gattinara &#8211; le menzioni di Molsino nei documenti comunali risalgono al 1471 e quelle di Valferana risalgono al 1231.<\/p>\n<p>La famiglia <strong>Nervi<\/strong> ha costruito la reputazione della tenuta, gestendola continuamente fino al 1991 quando il magnate dell&#8217;acciaio, Germano Bocciolone, acquist\u00f2 la tenuta. Venti anni dopo, un gruppo di investitori norvegesi guidati da un appassionato collezionista di vini, Erling Astrup, acquist\u00f2 la cantina. Astrup ha cercato di spingere il livello di qualit\u00e0 a Nervi e ha cercato consigli dal suo amico di lunga data Roberto Conterno. Nel 2018, il gruppo ha deciso di vendere l&#8217;azienda e, volendo\u00a0 cederla in buone mani, ha ritenuto che fosse meglio offrirla prima a Roberto Conterno. Roberto non aveva cercato una nuova cantina, ma l&#8217;opportunit\u00e0 di acquisire una tenuta cos\u00ec storica\u00a0 era troppo difficile da rifiutare. L&#8217;obiettivo di Roberto, insieme ai suoi figli, \u00e8 quello di applicare ai vini di Nervi la stessa meticolosa attenzione ai dettagli e alla qualit\u00e0 della tenuta Giacomo Conterno. I vini sono gi\u00e0 tradizionali, puri e con grandi margini di miglioramento.<\/p>\n<p><strong>Cantine Giacomo Conterno<\/strong>\u00a0\u00e8 uno dei pi\u00f9 grandi nomi di tutto il Piemonte. La tenuta fu fondata nel 1908 quando il padre di Giacomo, Giovanni Conterno, avvi\u00f2 un\u2019osteria nel paese di San Giuseppe. Giovanni faceva Barolo da uve acquistate e vendeva quello che non era necessario per l\u2019osteria, come era consuetudine in tutta la regione all\u2019inizio del XX secolo. La\u00a0 Riserva Barolo Monfortino,\u00a0 fu imbottigliata per la prima volta nel 1920 prodotto da Giovanni e suo figlio\u00a0 Giacomo al ritorno dalla guerra. Il mito inizi\u00f2 cos\u00ec.<\/p>\n","protected":false},"excerpt":{"rendered":"<p>Ecco un vino Gattinara del 2019, ottenuto esclusivamente dal celebre cru Vigna Valferana. Questo vino rappresenta un&#8217;eccellente interpretazione di questo [&hellip;]<\/p>\n","protected":false},"featured_media":11751,"template":"","meta":[],"product_brand":[],"product_cat":[16,17],"product_tag":[256,162,257],"class_list":{"0":"post-11749","1":"product","2":"type-product","3":"status-publish","4":"has-post-thumbnail","6":"product_cat-bere","7":"product_cat-vini-rossi","8":"product_tag-gattinara","9":"product_tag-giacomo-conterno","10":"product_tag-nervi","11":"pa_produttore-giacomo-conterno","12":"pa_produttore-nervi","14":"first","15":"instock","16":"shipping-taxable","17":"purchasable","18":"product-type-simple"},"acf":[],"_links":{"self":[{"href":"https:\/\/casaporciatti.it\/shop\/wp-json\/wp\/v2\/product\/11749","targetHints":{"allow":["GET"]}}],"collection":[{"href":"https:\/\/casaporciatti.it\/shop\/wp-json\/wp\/v2\/product"}],"about":[{"href":"https:\/\/casaporciatti.it\/shop\/wp-json\/wp\/v2\/types\/product"}],"wp:featuredmedia":[{"embeddable":true,"href":"https:\/\/casaporciatti.it\/shop\/wp-json\/wp\/v2\/media\/11751"}],"wp:attachment":[{"href":"https:\/\/casaporciatti.it\/shop\/wp-json\/wp\/v2\/media?parent=11749"}],"wp:term":[{"taxonomy":"product_brand","embeddable":true,"href":"https:\/\/casaporciatti.it\/shop\/wp-json\/wp\/v2\/product_brand?post=11749"},{"taxonomy":"product_cat","embeddable":true,"href":"https:\/\/casaporciatti.it\/shop\/wp-json\/wp\/v2\/product_cat?post=11749"},{"taxonomy":"product_tag","embeddable":true,"href":"https:\/\/casaporciatti.it\/shop\/wp-json\/wp\/v2\/product_tag?post=11749"}],"curies":[{"name":"wp","href":"https:\/\/api.w.org\/{rel}","templated":true}]}}