{"id":11722,"date":"2023-09-19T10:25:31","date_gmt":"2023-09-19T08:25:31","guid":{"rendered":"https:\/\/casaporciatti.it\/shop\/?post_type=product&#038;p=11722"},"modified":"2026-01-23T12:20:07","modified_gmt":"2026-01-23T11:20:07","slug":"cascina-fontana-barbera-dalba-2023","status":"publish","type":"product","link":"https:\/\/casaporciatti.it\/shop\/prodotto\/cascina-fontana-barbera-dalba-2023\/","title":{"rendered":"CASCINA FONTANA Barbera d&#8217;Alba 2023"},"content":{"rendered":"<p>Il Cascina Fontana Barbera d&#8217;Alba \u00e8 un&#8217;opera di arte enologica, ricca e corposa, che si distingue per la sua capacit\u00e0 di migliorare con il passare degli anni. Frutto di una meticolosa lavorazione, il vino si avvale di una fase di maturazione in botticelle di legno usate e vasche di cemento, che contribuiscono a conferire al prodotto una nota di eleganza, mitigando la sua naturale acidit\u00e0, tipica di questo vitigno.<\/p>\n<div class=\"flex-1 overflow-hidden\">\n<div class=\"react-scroll-to-bottom--css-gpjfg-79elbk h-full dark:bg-gray-800\">\n<div class=\"react-scroll-to-bottom--css-gpjfg-1n7m0yu\">\n<div class=\"flex flex-col text-sm dark:bg-gray-800\">\n<div class=\"group w-full text-token-text-primary border-b border-black\/10 dark:border-gray-900\/50 bg-gray-50 dark:bg-[#444654]\" data-testid=\"conversation-turn-5\">\n<div class=\"p-4 justify-center text-base md:gap-6 md:py-6 m-auto\">\n<div class=\"flex flex-1 gap-4 text-base mx-auto md:gap-6 md:max-w-2xl lg:max-w-[38rem] xl:max-w-3xl }\">\n<div class=\"relative flex w-[calc(100%-50px)] flex-col gap-1 md:gap-3 lg:w-[calc(100%-115px)]\">\n<div class=\"flex flex-grow flex-col gap-3 max-w-full\">\n<div class=\"min-h-[20px] flex flex-col items-start gap-3 overflow-x-auto whitespace-pre-wrap break-words\">\n<div class=\"markdown prose w-full break-words dark:prose-invert light\">\n<p>Dopo l&#8217;imbottigliamento, il Barbera continua il suo processo di affinamento in bottiglia per almeno sei mesi, maturando ulteriormente in termini di complessit\u00e0 e armonia.<\/p>\n<p>I vigneti situati nella zona del Barolo donano a questo Barbera una straordinaria capacit\u00e0 di evolversi e invecchiare per oltre dieci anni, regalando al palato una bevanda sempre pi\u00f9 rotonda, morbida e ricca di sfumature.<\/p>\n<p>Questo vino si presta splendidamente ad accompagnare una vasta gamma di piatti, dai succulenti antipasti, ai salumi, passando per piatti di pasta, carni arrosto e formaggi stagionati. Con la sua versatilit\u00e0, il Vino Barbera di Cascina Fontana \u00e8 il compagno ideale per esaltare i sapori di ogni tavola.<\/p>\n<\/div>\n<\/div>\n<\/div>\n<\/div>\n<\/div>\n<\/div>\n<\/div>\n<\/div>\n<\/div>\n<\/div>\n<\/div>\n<p>Mario e Luisa Fontana fondano Cascina Fontana nel 1995 con quattro ettari ereditati dalla famiglia di Mario. Poich\u00e9 Mario \u00e8 un enologo di sesta generazione, la decisione di continuare a produrre vini del luogo \u00e8 stata facile. Cascina Fontana si trova a Monforte d&#8217;Alba in Perno, con vigneti situati a Castiglione Falletto, La Morra e Sinio. Mario e Luisa si dedicano alle uve classiche della regione: Nebbiolo, Dolcetto e Barbera.<\/p>\n<p>L&#8217;approccio di Mario alla vinificazione e alla viticoltura sono tradizionali e tramandate da suo nonno. In primo luogo, si assicura che la frutta venga sempre raccolta a temperature fresche e sempre a mano. Le uve determinano la durata della fermentazione e quindi della maturazione. Il Dolcetto sosta in acciaio per la maturazione, mentre Barbera e Nebbiolo riposano in abbinamenti di botti grandi e barrique da 225 litri per un anno. Il Nebbiolo passa per due anni al rovere di Slavonia e trascorre un terzo anno in cemento. Tutti i vini trascorrono un minimo di sei mesi in bottiglia prima di essere immessi sul mercato, non chiarificati e non filtrati.<\/p>\n","protected":false},"excerpt":{"rendered":"<p>Il Cascina Fontana Barbera d&#8217;Alba \u00e8 un&#8217;opera di arte enologica, ricca e corposa, che si distingue per la sua capacit\u00e0 [&hellip;]<\/p>\n","protected":false},"featured_media":11724,"template":"","meta":[],"product_brand":[],"product_cat":[16,17],"product_tag":[423,188],"class_list":{"0":"post-11722","1":"product","2":"type-product","3":"status-publish","4":"has-post-thumbnail","6":"product_cat-bere","7":"product_cat-vini-rossi","8":"product_tag-cascina-fontana","9":"product_tag-dolcetto-dalba","10":"pa_produttore-cascina-fontana","12":"first","13":"instock","14":"shipping-taxable","15":"purchasable","16":"product-type-simple"},"acf":[],"_links":{"self":[{"href":"https:\/\/casaporciatti.it\/shop\/wp-json\/wp\/v2\/product\/11722","targetHints":{"allow":["GET"]}}],"collection":[{"href":"https:\/\/casaporciatti.it\/shop\/wp-json\/wp\/v2\/product"}],"about":[{"href":"https:\/\/casaporciatti.it\/shop\/wp-json\/wp\/v2\/types\/product"}],"wp:featuredmedia":[{"embeddable":true,"href":"https:\/\/casaporciatti.it\/shop\/wp-json\/wp\/v2\/media\/11724"}],"wp:attachment":[{"href":"https:\/\/casaporciatti.it\/shop\/wp-json\/wp\/v2\/media?parent=11722"}],"wp:term":[{"taxonomy":"product_brand","embeddable":true,"href":"https:\/\/casaporciatti.it\/shop\/wp-json\/wp\/v2\/product_brand?post=11722"},{"taxonomy":"product_cat","embeddable":true,"href":"https:\/\/casaporciatti.it\/shop\/wp-json\/wp\/v2\/product_cat?post=11722"},{"taxonomy":"product_tag","embeddable":true,"href":"https:\/\/casaporciatti.it\/shop\/wp-json\/wp\/v2\/product_tag?post=11722"}],"curies":[{"name":"wp","href":"https:\/\/api.w.org\/{rel}","templated":true}]}}