{"id":11576,"date":"2023-07-17T06:16:24","date_gmt":"2023-07-17T04:16:24","guid":{"rendered":"https:\/\/casaporciatti.it\/shop\/?post_type=product&#038;p=11576"},"modified":"2024-05-02T12:48:25","modified_gmt":"2024-05-02T10:48:25","slug":"gaja-conteisa-barolo-2019","status":"publish","type":"product","link":"https:\/\/casaporciatti.it\/shop\/prodotto\/gaja-conteisa-barolo-2019\/","title":{"rendered":"GAJA CONTEISA Barolo 2019"},"content":{"rendered":"<p class=\"p1\">Gaja Conteisa Barolo 2019 \u00e8 un vino impressionante con tutta l&#8217;eleganza travolgente che \u00e8 insita in questa annata. Si apre magnificamente per rivelare fiori rossi, cassis, spezie da forno, anice e tabacco. Espressivo e profondo con una grande ricchezza. I tannini sono dolci e morbidi. Scelta da collezionisti<\/p>\n<p class=\"p1\"><strong>Gaja<\/strong> \u00e8 una delle aziende vinicole pi\u00f9 prestigiose italiane. Fu fondata nel 1859 da Giovanni Gaja, ma \u00e8 diventata la star dell&#8217;enologia contemporanea con <strong>Angelo Gaja<\/strong> &#8211; il pronipote di Giovanni, che per primo ha introdotto concetti e pratiche tecnologiche innovative in Langa. Oggi\u00a0Angelo Gaja \u00e8 ancora il proprietario della cantina, anche se gran parte del lavoro di gestione \u00e8 affidato alle sue due figlie. Oltre alle aziende piemontesi, Gaja negli ultimi anni si \u00e8 espansa anche in Toscana, dove ora possiede diversi vigneti nelle zone pi\u00f9 vocate di Bolgheri e Montalcino<\/p>\n<p class=\"p1\">\n","protected":false},"excerpt":{"rendered":"<p>Gaja Conteisa Barolo 2019 \u00e8 un vino impressionante con tutta l&#8217;eleganza travolgente che \u00e8 insita in questa annata. Si apre [&hellip;]<\/p>\n","protected":false},"featured_media":11578,"template":"","meta":[],"product_brand":[],"product_cat":[16,17],"product_tag":[150,159,34],"class_list":{"0":"post-11576","1":"product","2":"type-product","3":"status-publish","4":"has-post-thumbnail","6":"product_cat-bere","7":"product_cat-vini-rossi","8":"product_tag-barolo","9":"product_tag-gaja","10":"product_tag-scelto-da-riccardo","11":"pa_categorie-speciali-vini-pregiati-e-rari","12":"pa_produttore-gaja","14":"first","15":"outofstock","16":"shipping-taxable","17":"purchasable","18":"product-type-simple"},"acf":[],"_links":{"self":[{"href":"https:\/\/casaporciatti.it\/shop\/wp-json\/wp\/v2\/product\/11576","targetHints":{"allow":["GET"]}}],"collection":[{"href":"https:\/\/casaporciatti.it\/shop\/wp-json\/wp\/v2\/product"}],"about":[{"href":"https:\/\/casaporciatti.it\/shop\/wp-json\/wp\/v2\/types\/product"}],"wp:featuredmedia":[{"embeddable":true,"href":"https:\/\/casaporciatti.it\/shop\/wp-json\/wp\/v2\/media\/11578"}],"wp:attachment":[{"href":"https:\/\/casaporciatti.it\/shop\/wp-json\/wp\/v2\/media?parent=11576"}],"wp:term":[{"taxonomy":"product_brand","embeddable":true,"href":"https:\/\/casaporciatti.it\/shop\/wp-json\/wp\/v2\/product_brand?post=11576"},{"taxonomy":"product_cat","embeddable":true,"href":"https:\/\/casaporciatti.it\/shop\/wp-json\/wp\/v2\/product_cat?post=11576"},{"taxonomy":"product_tag","embeddable":true,"href":"https:\/\/casaporciatti.it\/shop\/wp-json\/wp\/v2\/product_tag?post=11576"}],"curies":[{"name":"wp","href":"https:\/\/api.w.org\/{rel}","templated":true}]}}