{"id":11521,"date":"2023-06-01T10:31:59","date_gmt":"2023-06-01T08:31:59","guid":{"rendered":"https:\/\/casaporciatti.it\/shop\/?post_type=product&#038;p=11521"},"modified":"2024-09-20T12:23:38","modified_gmt":"2024-09-20T10:23:38","slug":"clos-rougeard-saumur-champigny-breze-2013-magnum-da-15l","status":"publish","type":"product","link":"https:\/\/casaporciatti.it\/shop\/prodotto\/clos-rougeard-saumur-champigny-breze-2013-magnum-da-15l\/","title":{"rendered":"Clos Rougeard Saumur Champigny Br\u00e9z\u00e9 2013 Magnum da 1,5L"},"content":{"rendered":"<p>Il Clos Rougeard Saumur Champigny Br\u00e9z\u00e9 2013 Magnum \u00e8 vinificato in botti nuove (20%) e fino a quattro anni, presenta un bouquet profondo, intensamente fruttato e gessoso, concentrato ed elegante di frutta perfettamente matura, arancia e pompelmo, oltre a fini note iodate.<\/p>\n<p>Setoso, rotondo e molto elegante al palato, il Br\u00e9z\u00e9 2013 \u00e8 uno Chenin Blanc ricco e potente, incredibilmente aromatico, rotondo e finemente iodato di eccezionale qualit\u00e0. Il vino \u00e8 intensamente fruttato, succoso, maturo, raffinato ed elegante, finemente salato, e termina con un delizioso amaro all&#8217;arancia.<\/p>\n<p>Un impressionante Chenin Blanc per edonisti<\/p>\n","protected":false},"excerpt":{"rendered":"<p>Il Clos Rougeard Saumur Champigny Br\u00e9z\u00e9 2013 Magnum \u00e8 vinificato in botti nuove (20%) e fino a quattro anni, presenta [&hellip;]<\/p>\n","protected":false},"featured_media":11376,"template":"","meta":[],"product_brand":[],"product_cat":[16,182],"product_tag":[2414,2415,34],"class_list":{"0":"post-11521","1":"product","2":"type-product","3":"status-publish","4":"has-post-thumbnail","6":"product_cat-bere","7":"product_cat-vini-bianchi","8":"product_tag-clos-rougeard","9":"product_tag-saumur-champigny","10":"product_tag-scelto-da-riccardo","11":"pa_categorie-speciali-vini-pregiati-e-rari-en","12":"pa_produttore-clos-rougeard","14":"first","15":"outofstock","16":"shipping-taxable","17":"purchasable","18":"product-type-simple"},"acf":[],"_links":{"self":[{"href":"https:\/\/casaporciatti.it\/shop\/wp-json\/wp\/v2\/product\/11521","targetHints":{"allow":["GET"]}}],"collection":[{"href":"https:\/\/casaporciatti.it\/shop\/wp-json\/wp\/v2\/product"}],"about":[{"href":"https:\/\/casaporciatti.it\/shop\/wp-json\/wp\/v2\/types\/product"}],"wp:featuredmedia":[{"embeddable":true,"href":"https:\/\/casaporciatti.it\/shop\/wp-json\/wp\/v2\/media\/11376"}],"wp:attachment":[{"href":"https:\/\/casaporciatti.it\/shop\/wp-json\/wp\/v2\/media?parent=11521"}],"wp:term":[{"taxonomy":"product_brand","embeddable":true,"href":"https:\/\/casaporciatti.it\/shop\/wp-json\/wp\/v2\/product_brand?post=11521"},{"taxonomy":"product_cat","embeddable":true,"href":"https:\/\/casaporciatti.it\/shop\/wp-json\/wp\/v2\/product_cat?post=11521"},{"taxonomy":"product_tag","embeddable":true,"href":"https:\/\/casaporciatti.it\/shop\/wp-json\/wp\/v2\/product_tag?post=11521"}],"curies":[{"name":"wp","href":"https:\/\/api.w.org\/{rel}","templated":true}]}}