{"id":11500,"date":"2023-05-30T05:17:14","date_gmt":"2023-05-30T03:17:14","guid":{"rendered":"https:\/\/casaporciatti.it\/shop\/?post_type=product&#038;p=11500"},"modified":"2026-03-18T20:37:40","modified_gmt":"2026-03-18T19:37:40","slug":"podere-le-boncie-le-trame-2022","status":"publish","type":"product","link":"https:\/\/casaporciatti.it\/shop\/prodotto\/podere-le-boncie-le-trame-2022\/","title":{"rendered":"PODERE LE BONCIE LE TRAME  2022"},"content":{"rendered":"<p><strong>Podere Le Boncie Le Trame 2022 di Giovanna Morganti<\/strong> \u00e8 la bellezza del Sangiovese\u00a0 che qui si rivela nella sua forma pi\u00f9 pura, libera dalla manipolazione del vino durante la vinificazione e l&#8217;elevazione e senza esposizione ai legni nuovi.<\/p>\n<p>Il vigneto si trova ad un&#8217;altitudine di 300-350 metri; l&#8217;et\u00e0 media della vite \u00e8 di 15 anni. Il carattere essenziale di questo vino pu\u00f2 essere meglio descritto come &#8220;ferocemente elegante&#8221;. Ma ci\u00f2 che sembra essere un ossimoro \u00e8, in realt\u00e0, la realt\u00e0. C&#8217;\u00e8 una grazia in questo vino, un equilibrio impeccabile, che cela l&#8217;intensa concentrazione riflessa nei suoi tannini vigorosi e maturi.<\/p>\n<p>Giovanna Morganti sta rapidamente diventando famosa tra la nuova generazione di viticoltori toscani. La sua piccola tenuta \u00e8 di soli tre ettari e il suo vino\u00a0 pi\u00f9 conosciuto si chiama &#8220;Le Trame&#8221; (gli intrighi) a significare gli scambi necessari per acquistare la terra.<\/p>\n<p>&nbsp;<\/p>\n","protected":false},"excerpt":{"rendered":"<p>Podere Le Boncie Le Trame 2022 di Giovanna Morganti \u00e8 la bellezza del Sangiovese\u00a0 che qui si rivela nella sua [&hellip;]<\/p>\n","protected":false},"featured_media":691,"template":"","meta":[],"product_brand":[],"product_cat":[16,17],"product_tag":[112,191,28,20],"class_list":{"0":"post-11500","1":"product","2":"type-product","3":"status-publish","4":"has-post-thumbnail","6":"product_cat-bere","7":"product_cat-vini-rossi","8":"product_tag-la-toscana-nascosta","9":"product_tag-podere-le-boncie","10":"product_tag-produttore-artigianale","11":"product_tag-vetrina","12":"pa_categorie-speciali-la-toscana-nascosta","13":"pa_chianti-classico-vini-di-castelnuovo-berardenga","14":"pa_etichette-porciatti-produttori-artigianali","15":"pa_produttore-podere-le-boncie","17":"first","18":"instock","19":"shipping-taxable","20":"purchasable","21":"product-type-simple"},"acf":[],"_links":{"self":[{"href":"https:\/\/casaporciatti.it\/shop\/wp-json\/wp\/v2\/product\/11500","targetHints":{"allow":["GET"]}}],"collection":[{"href":"https:\/\/casaporciatti.it\/shop\/wp-json\/wp\/v2\/product"}],"about":[{"href":"https:\/\/casaporciatti.it\/shop\/wp-json\/wp\/v2\/types\/product"}],"wp:featuredmedia":[{"embeddable":true,"href":"https:\/\/casaporciatti.it\/shop\/wp-json\/wp\/v2\/media\/691"}],"wp:attachment":[{"href":"https:\/\/casaporciatti.it\/shop\/wp-json\/wp\/v2\/media?parent=11500"}],"wp:term":[{"taxonomy":"product_brand","embeddable":true,"href":"https:\/\/casaporciatti.it\/shop\/wp-json\/wp\/v2\/product_brand?post=11500"},{"taxonomy":"product_cat","embeddable":true,"href":"https:\/\/casaporciatti.it\/shop\/wp-json\/wp\/v2\/product_cat?post=11500"},{"taxonomy":"product_tag","embeddable":true,"href":"https:\/\/casaporciatti.it\/shop\/wp-json\/wp\/v2\/product_tag?post=11500"}],"curies":[{"name":"wp","href":"https:\/\/api.w.org\/{rel}","templated":true}]}}