{"id":11271,"date":"2023-04-14T10:01:48","date_gmt":"2023-04-14T08:01:48","guid":{"rendered":"https:\/\/casaporciatti.it\/shop\/?post_type=product&#038;p=11271"},"modified":"2026-01-15T05:09:43","modified_gmt":"2026-01-15T04:09:43","slug":"stephane-regnault-champagne-grand-cru-chromatique-extra-brut","status":"publish","type":"product","link":"https:\/\/casaporciatti.it\/shop\/prodotto\/stephane-regnault-champagne-grand-cru-chromatique-extra-brut\/","title":{"rendered":"STEPHANE REGNAULT  Champagne Grand Cru Chromatique Extra Brut"},"content":{"rendered":"<p>La cuv\u00e9e Chromatique \u00e8 un assemblaggio di diversi appezzamenti della tenuta. Troviamo quindi uve del terroir di Mesnil sur Oger, principalmente sul fondo di pendii molto calcarei e viti del terroir di Oger con terreno pi\u00f9 ricco.<\/p>\n<p>St\u00e9phane Regnault \u00e8 un giovane viticoltore, ma rivela gi\u00e0 idee chiare, sensibilit\u00e0 ed enormi conoscenze di vinificazione. Dopo alcune diverse esperienze professionali, come sommelier a Londra e in uno studio di ingegneria aerospaziale a Parigi, nel 2007 torna a casa, dove il padre vign\u00e9ron conferisce le uve alla cooperativa del village.<\/p>\n<p>Fin da subito interrompe l\u2019utilizzo di erbicidi e pesticidi.<\/p>\n<p>Nel 2014, sul totale di propriet\u00e0 in conferimento, decide di togliere per se stesso 1,5 ettari e di iniziare il lavoro per suo conto. Nel 2017 parte con le pratiche di certificazione bio (lo sar\u00e0 quindi nel 2020). Il suo lavoro \u00e8 su tre parcelle, due nel comune di Oger, Les Chemin de Flavigny e Le Moulin, e una su Le Mesnil-sur-Oger, Les Hautes Mottes.<\/p>\n<p>Le espressioni di questi diversi luoghi, determinano tre diversi vini: le parcelle sono lavorate in bio dal 2010 e in biodinamica dal 2014. La vinificazione \u00e8 sia in legno che in acciaio per le tre cuv\u00e9e prodotte. Nella costruzione degli Champagne l\u2019idea portante \u00e8 di utilizzare una parte di riserva perpetuale per ogni referenza: come a complessare con il tempo l\u2019immediatezza di un istante<\/p>\n","protected":false},"excerpt":{"rendered":"<p>La cuv\u00e9e Chromatique \u00e8 un assemblaggio di diversi appezzamenti della tenuta. Troviamo quindi uve del terroir di Mesnil sur Oger, [&hellip;]<\/p>\n","protected":false},"featured_media":11273,"template":"","meta":[],"product_brand":[],"product_cat":[16,281],"product_tag":[287,28,405,22],"class_list":{"0":"post-11271","1":"product","2":"type-product","3":"status-publish","4":"has-post-thumbnail","6":"product_cat-bere","7":"product_cat-vini-spumanti","8":"product_tag-champagne","9":"product_tag-produttore-artigianale","10":"product_tag-stephane-regnault","11":"product_tag-vino-biologico","12":"pa_categorie-speciali-vini-per-le-feste","13":"pa_categorie-speciali-vini-pregiati-e-rari","14":"pa_categorie-speciali-vino-biologico","15":"pa_etichette-porciatti-produttori-artigianali","16":"pa_produttore-stephane-regnault","18":"first","19":"outofstock","20":"shipping-taxable","21":"purchasable","22":"product-type-simple"},"acf":[],"_links":{"self":[{"href":"https:\/\/casaporciatti.it\/shop\/wp-json\/wp\/v2\/product\/11271","targetHints":{"allow":["GET"]}}],"collection":[{"href":"https:\/\/casaporciatti.it\/shop\/wp-json\/wp\/v2\/product"}],"about":[{"href":"https:\/\/casaporciatti.it\/shop\/wp-json\/wp\/v2\/types\/product"}],"wp:featuredmedia":[{"embeddable":true,"href":"https:\/\/casaporciatti.it\/shop\/wp-json\/wp\/v2\/media\/11273"}],"wp:attachment":[{"href":"https:\/\/casaporciatti.it\/shop\/wp-json\/wp\/v2\/media?parent=11271"}],"wp:term":[{"taxonomy":"product_brand","embeddable":true,"href":"https:\/\/casaporciatti.it\/shop\/wp-json\/wp\/v2\/product_brand?post=11271"},{"taxonomy":"product_cat","embeddable":true,"href":"https:\/\/casaporciatti.it\/shop\/wp-json\/wp\/v2\/product_cat?post=11271"},{"taxonomy":"product_tag","embeddable":true,"href":"https:\/\/casaporciatti.it\/shop\/wp-json\/wp\/v2\/product_tag?post=11271"}],"curies":[{"name":"wp","href":"https:\/\/api.w.org\/{rel}","templated":true}]}}