{"id":11233,"date":"2023-04-10T06:27:33","date_gmt":"2023-04-10T04:27:33","guid":{"rendered":"https:\/\/casaporciatti.it\/shop\/?post_type=product&#038;p=11233"},"modified":"2024-11-06T09:40:32","modified_gmt":"2024-11-06T08:40:32","slug":"querce-bettina-brunello-di-montalcino-2018","status":"publish","type":"product","link":"https:\/\/casaporciatti.it\/shop\/prodotto\/querce-bettina-brunello-di-montalcino-2018\/","title":{"rendered":"QUERCE BETTINA Brunello di Montalcino 2018"},"content":{"rendered":"<p>Querce Bettina Brunello di Montalcino 2018 ha un naso intenso caratterizzato da frutta scura e spezie dolci: con cannella, chiodi di garofano e mandorla candita in primo piano. Sul sfondo compaiono note sapide di tabacco, cenere e sottobosco. In bocca \u00e8 equilibrato ed armonico<\/p>\n<p>Querce Bettina \u00e8 di propriet\u00e0 della signora Barenghi Vilma Sandra ed \u00e8 situata in Loc. La Casina di Mocali. La superficie vitata a Brunello DOCG \u00e8 di un ettaro, il vigneto a Rosso di Montalcino DOC di circa 1,4.<\/p>\n<p>Il vigneto \u00e8 stato impiantato nel marzo 1999 e nel 2000 \u00e8 entrato in produzione nel corso del 2002\/2003. Le piante di vite sono rigorosamente di Sangiovese Grosso (Brunello) poste a una distanza di circa m. 2,50 tra un filare e l\u2019altro e di circa 80 cm. tra una pianta e l\u2019altra.Il tipo di allevamento \u00e8 quello detto a \u201ccordone speronato in unica direzione\u201d.<\/p>\n<p>Le iscrizioni agli albi vitivinicoli attualmente sono: Ha 01.00.00 DOGC Brunello e Ha 01.35.00 DOC Rosso di Montalcino consentendo una produzione annua di circa 6500 bottiglie di Brunello DOCG e di circa 9000 bottiglie di Rosso di Montalcino DOC.<\/p>\n","protected":false},"excerpt":{"rendered":"<p>Querce Bettina Brunello di Montalcino 2018 ha un naso intenso caratterizzato da frutta scura e spezie dolci: con cannella, chiodi [&hellip;]<\/p>\n","protected":false},"featured_media":11235,"template":"","meta":[],"product_brand":[],"product_cat":[17,16],"product_tag":[121,2372],"class_list":{"0":"post-11233","1":"product","2":"type-product","3":"status-publish","4":"has-post-thumbnail","6":"product_cat-vini-rossi","7":"product_cat-bere","8":"product_tag-brunello-di-montalcino","9":"product_tag-querce-bettina","10":"pa_categorie-speciali-brunello-di-montalcino","11":"pa_categorie-speciali-la-toscana-nascosta","12":"pa_produttore-querce-bettina","14":"first","15":"outofstock","16":"shipping-taxable","17":"purchasable","18":"product-type-simple"},"acf":[],"_links":{"self":[{"href":"https:\/\/casaporciatti.it\/shop\/wp-json\/wp\/v2\/product\/11233","targetHints":{"allow":["GET"]}}],"collection":[{"href":"https:\/\/casaporciatti.it\/shop\/wp-json\/wp\/v2\/product"}],"about":[{"href":"https:\/\/casaporciatti.it\/shop\/wp-json\/wp\/v2\/types\/product"}],"wp:featuredmedia":[{"embeddable":true,"href":"https:\/\/casaporciatti.it\/shop\/wp-json\/wp\/v2\/media\/11235"}],"wp:attachment":[{"href":"https:\/\/casaporciatti.it\/shop\/wp-json\/wp\/v2\/media?parent=11233"}],"wp:term":[{"taxonomy":"product_brand","embeddable":true,"href":"https:\/\/casaporciatti.it\/shop\/wp-json\/wp\/v2\/product_brand?post=11233"},{"taxonomy":"product_cat","embeddable":true,"href":"https:\/\/casaporciatti.it\/shop\/wp-json\/wp\/v2\/product_cat?post=11233"},{"taxonomy":"product_tag","embeddable":true,"href":"https:\/\/casaporciatti.it\/shop\/wp-json\/wp\/v2\/product_tag?post=11233"}],"curies":[{"name":"wp","href":"https:\/\/api.w.org\/{rel}","templated":true}]}}