{"id":11140,"date":"2023-04-01T05:59:46","date_gmt":"2023-04-01T03:59:46","guid":{"rendered":"https:\/\/casaporciatti.it\/shop\/?post_type=product&#038;p=11140"},"modified":"2023-06-04T12:08:50","modified_gmt":"2023-06-04T10:08:50","slug":"san-leonardo-tenuta-san-leonardo-2018","status":"publish","type":"product","link":"https:\/\/casaporciatti.it\/shop\/prodotto\/san-leonardo-tenuta-san-leonardo-2018\/","title":{"rendered":"San Leonardo Tenuta San Leonardo 2018"},"content":{"rendered":"<p>Il San Leonardo 2018 propone un bouquet che al naso \u00e8 ricco di ribes, menta e salvia con un tocco di spezie. Al palato \u00e8 corposo con un ottimo equilibrio di sobria succosit\u00e0, tannini ben fonduti e bella freschezza.<br \/>\nCuv\u00e9e di 50% cabernet sauvignon, 40% merlot e 10% carmenere.<\/p>\n<p>Situata in Vallagrina, zona scavata dal fiume Adige, San Leonardo gode di un clima temperato che beneficia del vento dell&#8217;Ora del Garda. Un tempo feudo medievale che si estendeva per oltre 740 acri, San Leonardo produce vino da secoli. Di propriet\u00e0 della famiglia Guerrieri Gonzaga dalla met\u00e0 del XVIII secolo, questa tenuta \u00e8 stata spesso teatro di eventi storici, dal matrimonio dei re longobardi alla trattativa dell&#8217;armistizio della prima guerra mondiale con l&#8217;Austria.<\/p>\n<p>E&#8217; solo dalla seconda met\u00e0 del Novecento, quando subentr\u00f2 il Marchese Carlo, che questa tenuta inizi\u00f2 a prendere seriamente la produzione di vino.<\/p>\n<p>Dopo un periodo di lavoro presso la Tenuta San Guido con il creatore del Sassicaia, Mario Incisa della Rocchetta, Carlo \u00e8 stato ispirato a vedere se i terreni argilloso-calcarei della sua tenuta di famiglia in Trentino potessero produrre risultati simili a quelli raggiunti dal suo mentore in Toscana.<\/p>\n<p>Nel 1978 i primi vitigni di Cabernet Sauvignon si unirono al Merlot, Cabernet Franc e Carmen\u00e8re gi\u00e0 piantati, e nel 1982 fu prodotta la prima annata del fiore all&#8217;occhiello del San Leonardo, entrando rapidamente nel pantheon dei pi\u00f9 grandi vini d&#8217;Italia.<\/p>\n<p>Oggi, San Leonardo ha circa 50 ettari di vigneti piantati con vitigni internazionali che prosperano nei vari microclimi della tenuta. La maggior parte dei vigneti \u00e8 coltivata a Cabernet Sauvignon, ma abbondano anche Carmenere, Cabernet Franc e Merlot. La coltivazione \u00e8 focalizzata su basse rese e uve ad alta concentrazione. I vini risultanti hanno una grande profondit\u00e0, concentrazione e una finezza aristocratica che pu\u00f2 andare in punta di piedi contro le migliori miscele bordolesi del mondo.<\/p>\n<p>&nbsp;<\/p>\n","protected":false},"excerpt":{"rendered":"<p>Il San Leonardo 2018 propone un bouquet che al naso \u00e8 ricco di ribes, menta e salvia con un tocco [&hellip;]<\/p>\n","protected":false},"featured_media":11142,"template":"","meta":[],"product_brand":[],"product_cat":[16,17],"product_tag":[2320,2321],"class_list":{"0":"post-11140","1":"product","2":"type-product","3":"status-publish","4":"has-post-thumbnail","6":"product_cat-bere","7":"product_cat-vini-rossi","8":"product_tag-san-leonardo","9":"product_tag-trentino","10":"pa_categorie-speciali-vini-per-le-feste","11":"pa_categorie-speciali-vini-pregiati-e-rari","12":"pa_etichette-porciatti-consigliato-da-riccardo","13":"pa_produttore-san-leonardo","15":"first","16":"instock","17":"shipping-taxable","18":"purchasable","19":"product-type-simple"},"acf":[],"_links":{"self":[{"href":"https:\/\/casaporciatti.it\/shop\/wp-json\/wp\/v2\/product\/11140","targetHints":{"allow":["GET"]}}],"collection":[{"href":"https:\/\/casaporciatti.it\/shop\/wp-json\/wp\/v2\/product"}],"about":[{"href":"https:\/\/casaporciatti.it\/shop\/wp-json\/wp\/v2\/types\/product"}],"wp:featuredmedia":[{"embeddable":true,"href":"https:\/\/casaporciatti.it\/shop\/wp-json\/wp\/v2\/media\/11142"}],"wp:attachment":[{"href":"https:\/\/casaporciatti.it\/shop\/wp-json\/wp\/v2\/media?parent=11140"}],"wp:term":[{"taxonomy":"product_brand","embeddable":true,"href":"https:\/\/casaporciatti.it\/shop\/wp-json\/wp\/v2\/product_brand?post=11140"},{"taxonomy":"product_cat","embeddable":true,"href":"https:\/\/casaporciatti.it\/shop\/wp-json\/wp\/v2\/product_cat?post=11140"},{"taxonomy":"product_tag","embeddable":true,"href":"https:\/\/casaporciatti.it\/shop\/wp-json\/wp\/v2\/product_tag?post=11140"}],"curies":[{"name":"wp","href":"https:\/\/api.w.org\/{rel}","templated":true}]}}