{"id":11026,"date":"2023-03-16T11:30:10","date_gmt":"2023-03-16T10:30:10","guid":{"rendered":"https:\/\/casaporciatti.it\/shop\/prodotto\/secondo-marco-amarone-della-valpolicella-classico-2013\/"},"modified":"2025-10-15T10:22:17","modified_gmt":"2025-10-15T08:22:17","slug":"secondo-marco-amarone-della-valpolicella-classico-2014","status":"publish","type":"product","link":"https:\/\/casaporciatti.it\/shop\/prodotto\/secondo-marco-amarone-della-valpolicella-classico-2014\/","title":{"rendered":"SECONDO MARCO Amarone della Valpolicella Classico 2014"},"content":{"rendered":"<p class=\"p1\">Amarone Secondo Marco 2014 \u00e8 prodotto nella zona della Valpolicella Classico. E&#8217; un vino che esprime forza e personalit\u00e0, sin dal primo sorso. La cantina Secondo Marco, seleziona solo i migliori grappoli di uve autoctone del territorio veneto a bacca rossa, tra cui Corvina, Corvinone e Rondinella. Dopo l&#8217;appassimento dei grappoli per circa 120 giorni, il mosto fermenta per 45 giorni a contatto con le bucce e poi matura per 42 mesi in botti di rovere da 50 ettolitri. Dopo l&#8217;imbottigliamento, il vino continua a maturare in vetro per ulteriori 12 mesi.<\/p>\n<p class=\"p1\">Il risultato \u00e8 un Amarone della Valpolicella Classico dalla tonalit\u00e0 rubino intenso, dal profumo complesso di frutta a bacca rossa e nera, spezie e caff\u00e8 leggermente tostato. All&#8217;assaggio, questo vino si presenta di ottimo corpo, vigoroso, morbido e caldo, con tannini perfettamente lavorati che aumentano la scorrevolezza del sorso. L&#8217;Amarone secondo Marco \u00e8 un vino di grande carattere e intensit\u00e0, simbolo del territorio veneto e del particolare metodo di produzione utilizzato dalla cantina Secondo Marco.<\/p>\n<p class=\"p1\">Un&#8217;etichetta di assoluta qualit\u00e0, che pu\u00f2 essere apprezzata gi\u00e0 adesso, ma che ha anche la capacit\u00e0 di maturare per i prossimi 15 anni. Non perdete l&#8217;opportunit\u00e0 di provare questo Amarone della Valpolicella Secondo Marco, una garanzia di eccellenza enologica confermata dai numerosi premi ottenuti anno dopo anno.<\/p>\n","protected":false},"excerpt":{"rendered":"<p>Amarone Secondo Marco 2014 \u00e8 prodotto nella zona della Valpolicella Classico. E&#8217; un vino che esprime forza e personalit\u00e0, sin [&hellip;]<\/p>\n","protected":false},"featured_media":11027,"template":"","meta":[],"product_brand":[],"product_cat":[16,17],"product_tag":[371,28,2242,211],"class_list":{"0":"post-11026","1":"product","2":"type-product","3":"status-publish","4":"has-post-thumbnail","6":"product_cat-bere","7":"product_cat-vini-rossi","8":"product_tag-amarone-della-valpolicella","9":"product_tag-produttore-artigianale","10":"product_tag-secondo-marco","11":"product_tag-vini-per-le-feste","12":"pa_categorie-speciali-vini-per-le-feste","13":"pa_produttore-secondo-marco","15":"first","16":"outofstock","17":"shipping-taxable","18":"purchasable","19":"product-type-simple"},"acf":[],"_links":{"self":[{"href":"https:\/\/casaporciatti.it\/shop\/wp-json\/wp\/v2\/product\/11026","targetHints":{"allow":["GET"]}}],"collection":[{"href":"https:\/\/casaporciatti.it\/shop\/wp-json\/wp\/v2\/product"}],"about":[{"href":"https:\/\/casaporciatti.it\/shop\/wp-json\/wp\/v2\/types\/product"}],"wp:featuredmedia":[{"embeddable":true,"href":"https:\/\/casaporciatti.it\/shop\/wp-json\/wp\/v2\/media\/11027"}],"wp:attachment":[{"href":"https:\/\/casaporciatti.it\/shop\/wp-json\/wp\/v2\/media?parent=11026"}],"wp:term":[{"taxonomy":"product_brand","embeddable":true,"href":"https:\/\/casaporciatti.it\/shop\/wp-json\/wp\/v2\/product_brand?post=11026"},{"taxonomy":"product_cat","embeddable":true,"href":"https:\/\/casaporciatti.it\/shop\/wp-json\/wp\/v2\/product_cat?post=11026"},{"taxonomy":"product_tag","embeddable":true,"href":"https:\/\/casaporciatti.it\/shop\/wp-json\/wp\/v2\/product_tag?post=11026"}],"curies":[{"name":"wp","href":"https:\/\/api.w.org\/{rel}","templated":true}]}}