{"id":8750,"date":"2023-02-14T17:33:08","date_gmt":"2023-02-14T16:33:08","guid":{"rendered":"https:\/\/casaporciatti.it\/shop\/prodotto\/claude-dugat-bourgogne-2020\/"},"modified":"2023-03-16T12:26:02","modified_gmt":"2023-03-16T11:26:02","slug":"claude-dugat-bourgogne-2020","status":"publish","type":"product","link":"https:\/\/casaporciatti.it\/shop\/en\/product\/claude-dugat-bourgogne-2020\/","title":{"rendered":"CLAUDE DUGAT Bourgogne 2020"},"content":{"rendered":"<p>Il Bourgogne 2020 di Claude Dugat mostrer\u00e0 un bel colore piuttosto scuro. Naso che propone, frutti neri, mirtilli, ma reed fragolina. Se si percepisce una legnosit\u00e0 discreta, di classe. In bocca la trama \u00e8 carezzevole e si esprime con un bel frutto. I tannini si fanno felte ma senza aggredire il palato, buona lunghezza.<\/p>\n<p>Claude Dugat crea capolavori con qualit\u00e0 e caratteristiche ineguagliabili. Una famiglia amata e celebrata da tempo con radici a Gevrey-Chambertin che risalgono al 19\u00b0 secolo, Dugat affascina collezionisti e appassionati di tutto il mondo. Claude \u00e8 cresciuto nel mondo della viticoltura, essendo cresciuto da una famiglia di viticoltori. Il padre di Claude acquist\u00f2 il domaine nel 1956 e Claude segu\u00ec rapidamente le sue elm affermandosi comme commerciante di vini. Ha iniziato a imbottigliare le sue cuv\u00e9e negli anni &#8217;90, cosa che ha avuto un grande successo, permettendogli di avere il suo nome sull&#8217;etichetta.<\/p>\n<p>Claude ha preso il controllo del Domaine di famiglia nel 1991 e ha portato la tenuta alla ribalta, anche se potrebbe non essere stata quella la sua intenzione. Nonostante il successo internazionale e la grande fama, mantenere piccola la sua produzione senza alcun accenno di produzione di massa, creando vini impareggiabili riservati agli appassionati seri alla ricerca di bottiglie preziose.<\/p>\n<p>La spinta meticolosa e appassionata di Claude a &#8220;progettare&#8221; vini di qualit\u00e0 superiore da minuscole aziende \u00e8 eccezionale. Per anni ha continuato a usare il suo amato cavallo, Jonquille, come metodo di aratura. Si dice che questo pit il momento in cui era pi\u00f9 felice.<\/p>\n<p>Con solo 6 ettari nella Cote-de-Nuits da coltivare, Dugat ha continuato a seguire l&#8217;approccio dell&#8217;agricoltura sostenibile senza l&#8217;uso di fertilizzanti o erbicidi. I vigneti di Pinot Nero del Domaine sono piantati in un terroir ricco di gesso, conferendo mineralit\u00e0 e finezza ai vini che ne derivano. Con questo tipo di profilo, non c&#8217;\u00e8 da stupirsi che la reputazione di queste cuv\u00e9e si basi su una freschezza fantastica. La raccolta viene effettuata a mano e abbastanza presto in modo che i frutti non maturino troppo o diventino troppo zuccherini.<\/p>\n<p>Nessuna chiarifica o filtrazione in modo che ogni cuv\u00e9e e ogni annata escano il pi\u00f9 autenticamente possibile; con un leggero tocco in vigna per far risaltare la frutta di altissima qualit\u00e0. Le decisioni di raccolta si basano sull&#8217;assaggio del campione di uva, in contrapposizione all&#8217;analisi di laboratorio che garantisce un livello di freschezza. Claude ha dichiarato di voler avere tanti grappoli quanti sono i suoi vicini, ma con acini della met\u00e0. Questo \u00e8 un fattore determinante nella concentrazione e nel potere dietro i vini Dugat.<\/p>\n<p>Nei primi anni 2000 il figlio di Claude, Bertrand ha pprima affiancato e poi preso le redini del Domaine. Ma la sua mano sempre amorevole continua ad onorare la sua presenza in vigna, poich\u00e9 il suo amore per la terra e per il vino \u00e8 stato nutrito e instillato in suo figlio, che continua questa spinta appassionata verso l&#8217;eccellenza. Bertrand insiste nel continuare l&#8217;eredit\u00e0 di suo padre e nel nome della storia e l&#8217;eredit\u00e0 di famiglia.<\/p>\n<p>Domaine Claude Dugat produce 24.000 bottiglie all&#8217;anno di pi\u00f9 cuv\u00e9e da viti di 50-70 anni, tra cui Grand Cru di Charmes-Chambertin, Griotte-Chambertin, Chapelle-Chambertin; Premier Cru di Lavaux-St.-Jacques Craipillot e La Perriere. Le Charmes, Griotte e Chapelle-Chambertin sono molto limitate e molto ambiziose.<\/p>\n<p>I vini Claude Dugat hanno un profumo straordinario, un frutto ricco ma equilibrato e una consistenza morbida. \u00c8 un&#8217;intensit\u00e0 di frutta che \u00e8 sucosa e estuosa che \u00e8 un richiamo alla tenera cura prestata in vigna e in cantina. I Pinot Nero del Domaine Claude Dugat sono in sostanza la forma pi\u00f9 vera del vitigno. Dal terreno, alle vigne, al luogo, alla vinificazione, il processo con cui i vini Dugat nascono \u00e8 un&#8217;arte. Un&#8217;arte che \u00e8 stata perfezionata attraverso pi\u00f9 generazioni.<\/p>\n","protected":false},"excerpt":{"rendered":"<p>Il Bourgogne 2020 di Claude Dugat mostrer\u00e0 un bel colore piuttosto scuro. Naso che propone, frutti neri, mirtilli, ma reed [&hellip;]<\/p>\n","protected":false},"featured_media":7659,"template":"","meta":[],"product_brand":[],"product_cat":[1812,1817],"product_tag":[2532],"class_list":{"0":"post-8750","1":"product","2":"type-product","3":"status-publish","4":"has-post-thumbnail","6":"product_cat-drink","7":"product_cat-red","8":"product_tag-borgogna-en","9":"pa_produttore-claude-dugat-en","11":"first","12":"instock","13":"shipping-taxable","14":"purchasable","15":"product-type-simple"},"acf":[],"_links":{"self":[{"href":"https:\/\/casaporciatti.it\/shop\/en\/wp-json\/wp\/v2\/product\/8750","targetHints":{"allow":["GET"]}}],"collection":[{"href":"https:\/\/casaporciatti.it\/shop\/en\/wp-json\/wp\/v2\/product"}],"about":[{"href":"https:\/\/casaporciatti.it\/shop\/en\/wp-json\/wp\/v2\/types\/product"}],"wp:featuredmedia":[{"embeddable":true,"href":"https:\/\/casaporciatti.it\/shop\/en\/wp-json\/wp\/v2\/media\/7659"}],"wp:attachment":[{"href":"https:\/\/casaporciatti.it\/shop\/en\/wp-json\/wp\/v2\/media?parent=8750"}],"wp:term":[{"taxonomy":"product_brand","embeddable":true,"href":"https:\/\/casaporciatti.it\/shop\/en\/wp-json\/wp\/v2\/product_brand?post=8750"},{"taxonomy":"product_cat","embeddable":true,"href":"https:\/\/casaporciatti.it\/shop\/en\/wp-json\/wp\/v2\/product_cat?post=8750"},{"taxonomy":"product_tag","embeddable":true,"href":"https:\/\/casaporciatti.it\/shop\/en\/wp-json\/wp\/v2\/product_tag?post=8750"}],"curies":[{"name":"wp","href":"https:\/\/api.w.org\/{rel}","templated":true}]}}