{"id":8725,"date":"2023-02-14T17:32:53","date_gmt":"2023-02-14T16:32:53","guid":{"rendered":"https:\/\/casaporciatti.it\/shop\/prodotto\/domaine-de-courcel-bourgogne-pinot-noir-2019\/"},"modified":"2023-03-16T12:25:48","modified_gmt":"2023-03-16T11:25:48","slug":"domaine-de-courcel-bourgogne-pinot-noir-2019","status":"publish","type":"product","link":"https:\/\/casaporciatti.it\/shop\/en\/product\/domaine-de-courcel-bourgogne-pinot-noir-2019\/","title":{"rendered":"DOMAINE DE COURCEL Bourgogne Pinot Noir 2019"},"content":{"rendered":"<p>Il Bourgogne Pinot Nero 2019 del Domaine De Courcel provine da vigneti adiacenti alla denominazione Pommard. Il terreno bruno proviene dai coteaux e si accumula sul fondo del pendio su terreni pianeggianti. La profondit\u00e0 del terreno pu\u00f2 raggiungere fino a 1 m. La presenza di rocce permette un&#8217;accurata filtrazione del terreno. Le viti hanno 40 anni e producono un vino vicino per molte caratteristiche al Pommard Village, ma con una maggiore concentrazione di frutti rossi o addirittura neri. Ci\u00f2 consente ai vini di essere pi\u00f9 aperti da giovani.<\/p>\n<p>Il Domaine de Courcel produce vini da sette diversi lotti (clima), tutti con sede a Pommard. Quattro di questi vini, che rappresentano quasi il 75% della superficie della tenuta, godono della denominazione di \u201cPremier Cru\u201d. Il vigneto \u00e8 composto dalla pi\u00f9 ampia variet\u00e0 di vini Pommard. I vigneti si trovano sui pendii collinari, a sud del villaggio tra Pommard e Volnay, e a nord tra Pommard e Beaune.<\/p>\n","protected":false},"excerpt":{"rendered":"<p>Il Bourgogne Pinot Nero 2019 del Domaine De Courcel provine da vigneti adiacenti alla denominazione Pommard. Il terreno bruno proviene [&hellip;]<\/p>\n","protected":false},"featured_media":7644,"template":"","meta":[],"product_brand":[],"product_cat":[1812,1817],"product_tag":[2532,2533],"class_list":{"0":"post-8725","1":"product","2":"type-product","3":"status-publish","4":"has-post-thumbnail","6":"product_cat-drink","7":"product_cat-red","8":"product_tag-borgogna-en","9":"product_tag-domaine-de-courcel-en","10":"pa_produttore-domaine-de-courcel-en","12":"first","13":"outofstock","14":"shipping-taxable","15":"purchasable","16":"product-type-simple"},"acf":[],"_links":{"self":[{"href":"https:\/\/casaporciatti.it\/shop\/en\/wp-json\/wp\/v2\/product\/8725","targetHints":{"allow":["GET"]}}],"collection":[{"href":"https:\/\/casaporciatti.it\/shop\/en\/wp-json\/wp\/v2\/product"}],"about":[{"href":"https:\/\/casaporciatti.it\/shop\/en\/wp-json\/wp\/v2\/types\/product"}],"wp:featuredmedia":[{"embeddable":true,"href":"https:\/\/casaporciatti.it\/shop\/en\/wp-json\/wp\/v2\/media\/7644"}],"wp:attachment":[{"href":"https:\/\/casaporciatti.it\/shop\/en\/wp-json\/wp\/v2\/media?parent=8725"}],"wp:term":[{"taxonomy":"product_brand","embeddable":true,"href":"https:\/\/casaporciatti.it\/shop\/en\/wp-json\/wp\/v2\/product_brand?post=8725"},{"taxonomy":"product_cat","embeddable":true,"href":"https:\/\/casaporciatti.it\/shop\/en\/wp-json\/wp\/v2\/product_cat?post=8725"},{"taxonomy":"product_tag","embeddable":true,"href":"https:\/\/casaporciatti.it\/shop\/en\/wp-json\/wp\/v2\/product_tag?post=8725"}],"curies":[{"name":"wp","href":"https:\/\/api.w.org\/{rel}","templated":true}]}}