{"id":8721,"date":"2023-02-14T17:32:53","date_gmt":"2023-02-14T16:32:53","guid":{"rendered":"https:\/\/casaporciatti.it\/shop\/prodotto\/domaine-jean-marc-millot-vosne-romanee-2020\/"},"modified":"2024-06-15T09:46:37","modified_gmt":"2024-06-15T07:46:37","slug":"domaine-jean-marc-millot-vosne-romanee-2022","status":"publish","type":"product","link":"https:\/\/casaporciatti.it\/shop\/en\/product\/domaine-jean-marc-millot-vosne-romanee-2022\/","title":{"rendered":"DOMAINE JEAN-MARC MILLOT Vosne Roman\u00e9e 2022"},"content":{"rendered":"<p>Il Vosne Roman\u00e9e 2022 del Domaine Jean-Marc Millot ha tannini setosi, dove il registro floreale non \u00e8 alle prese con i bei aromi di violetta tipici del clima. \u00c8 un vino vermiglio con sfumature che variano dal rubino puro al nero tulipano. Il suo vestito \u00e8 rosso fuoco, a volte fino al granato.<\/p>\n<p>Vosne Roman\u00e9e \u00e8 una delle denominazioni di villaggio pi\u00f9 famose al mondo. Questo vino nasce dall&#8217;unione di due appezzamenti. Le \u201cHautes Mazi\u00e8res\u201d e le \u201cViolettes\u201d sono tra i terroir vinicoli pi\u00f9 qualitativi del loro livello. I terreni sono molto interessanti perch\u00e9 circondati da vini prestigiosi: il Clos de Vougeot, Echezeaux, Vosne Roman\u00e9e Premier Cru \u201cLes Suchots\u201d. La complessit\u00e0 del terreno si fa sentire nel vino, dando un tipico Vosne Roman\u00e9e con un buon potenziale di invecchiamento.<\/p>\n<p>Il villaggio di Vosne Roman\u00e9e Jean-Marc Millot coltiva uve e produce vini dal 1992. Con una straordinaria gamma di vigneti a suo nome, tra cui 3 Grand Cru (Echezeaux, Grands Echezeaux e Clos de Vougeot), era chiaro che questo Domaine sarebbe stato diretto alla grandezza. Ma \u00e8 stato solo quando sua figlia, Alix, \u00e8 arrivata nel 2014 e ha assunto tutte le responsabilit\u00e0 della viticoltura e della vinificazione che questa grandezza \u00e8 stata raggiunta. I vini hanno quella rara capacit\u00e0 di fornire un immediato piacere carnale, pur avendo la capacit\u00e0 di invecchiare per decenni. Questo \u00e8 davvero uno dei Domaine pi\u00f9 eccitanti della Borgogna.<\/p>\n","protected":false},"excerpt":{"rendered":"<p>Il Vosne Roman\u00e9e 2022 del Domaine Jean-Marc Millot ha tannini setosi, dove il registro floreale non \u00e8 alle prese con [&hellip;]<\/p>\n","protected":false},"featured_media":7634,"template":"","meta":[],"product_brand":[],"product_cat":[1812,1817],"product_tag":[2532,2551],"class_list":{"0":"post-8721","1":"product","2":"type-product","3":"status-publish","4":"has-post-thumbnail","6":"product_cat-drink","7":"product_cat-red","8":"product_tag-borgogna-en","9":"product_tag-domaine-jean-marc-millot-en","10":"pa_produttore-jean-marc-millot-en","12":"first","13":"instock","14":"shipping-taxable","15":"purchasable","16":"product-type-simple"},"acf":[],"_links":{"self":[{"href":"https:\/\/casaporciatti.it\/shop\/en\/wp-json\/wp\/v2\/product\/8721","targetHints":{"allow":["GET"]}}],"collection":[{"href":"https:\/\/casaporciatti.it\/shop\/en\/wp-json\/wp\/v2\/product"}],"about":[{"href":"https:\/\/casaporciatti.it\/shop\/en\/wp-json\/wp\/v2\/types\/product"}],"wp:featuredmedia":[{"embeddable":true,"href":"https:\/\/casaporciatti.it\/shop\/en\/wp-json\/wp\/v2\/media\/7634"}],"wp:attachment":[{"href":"https:\/\/casaporciatti.it\/shop\/en\/wp-json\/wp\/v2\/media?parent=8721"}],"wp:term":[{"taxonomy":"product_brand","embeddable":true,"href":"https:\/\/casaporciatti.it\/shop\/en\/wp-json\/wp\/v2\/product_brand?post=8721"},{"taxonomy":"product_cat","embeddable":true,"href":"https:\/\/casaporciatti.it\/shop\/en\/wp-json\/wp\/v2\/product_cat?post=8721"},{"taxonomy":"product_tag","embeddable":true,"href":"https:\/\/casaporciatti.it\/shop\/en\/wp-json\/wp\/v2\/product_tag?post=8721"}],"curies":[{"name":"wp","href":"https:\/\/api.w.org\/{rel}","templated":true}]}}