{"id":8720,"date":"2023-02-14T17:32:53","date_gmt":"2023-02-14T16:32:53","guid":{"rendered":"https:\/\/casaporciatti.it\/shop\/prodotto\/domaine-jean-marc-millot-vosne-romanee-1er-cru-les-suchots-2020\/"},"modified":"2024-06-15T09:48:20","modified_gmt":"2024-06-15T07:48:20","slug":"domaine-jean-marc-millot-vosne-romanee-1er-cru-les-suchots-2022","status":"publish","type":"product","link":"https:\/\/casaporciatti.it\/shop\/en\/product\/domaine-jean-marc-millot-vosne-romanee-1er-cru-les-suchots-2022\/","title":{"rendered":"DOMAINE JEAN-MARC MILLOT Vosne Roman\u00e9e 1er cru les Suchots 2022"},"content":{"rendered":"<p>Il Domaine Jean-Marc Millot Vosne Roman\u00e9e Premier Cru \u201cLes Suchots\u201d 2022 ha tannini vellutati. Il vino \u00e8 molto forte nella sua finezza e lunghezza. Il suo colore \u00e8 un rubino scuro e profondo. Rispetta in tutto e per tutto i codici del Pinot Nero rimanendo sul frutto rosso dai tannini fini. Ha tutta la seriet\u00e0 dei Grand Cru che lo circondano.<\/p>\n<p>La denominazione Vosne Roman\u00e9e Premier Cru \u201cles Suchots\u201d si trova sul pendio della collina, sotto \u201cLes Beaux-Monts\u201d e \u201cAux Br\u00fbl\u00e9es\u201d. La parola &#8220;Suchots&#8221; deriva dal significato francese di &#8220;ceppo&#8221; e si collega a un&#8217;operazione di deforestazione avvenuta centinaia di anni fa. Il clima si trova tra \u201cLes Echezeaux\u201d e \u201cLes Roman\u00e9e Saint Vivant\u201d, entrambi Grands Crus.<\/p>\n<p>Jean-Marc Millot coltiva uve e produce vini dal 1992. Con una straordinaria gamma di vigneti a suo nome, tra cui 3 Grand Cru (Echezeaux, Grands Echezeaux e Clos de Vougeot), era chiaro che questo Domaine sarebbe stato diretto alla grandezza. Ma \u00e8 stato solo quando sua figlia, Alix, \u00e8 arrivata nel 2014 e ha assunto tutte le responsabilit\u00e0 della viticoltura e della vinificazione che questa grandezza \u00e8 stata raggiunta. I vini hanno quella rara capacit\u00e0 di fornire un immediato piacere carnale, pur avendo la capacit\u00e0 di invecchiare per decenni. Questo \u00e8 davvero uno dei Domaine pi\u00f9 eccitanti della Borgogna.<\/p>\n","protected":false},"excerpt":{"rendered":"<p>Il Domaine Jean-Marc Millot Vosne Roman\u00e9e Premier Cru \u201cLes Suchots\u201d 2022 ha tannini vellutati. Il vino \u00e8 molto forte nella [&hellip;]<\/p>\n","protected":false},"featured_media":7631,"template":"","meta":[],"product_brand":[],"product_cat":[1812,1817],"product_tag":[2532,2551],"class_list":{"0":"post-8720","1":"product","2":"type-product","3":"status-publish","4":"has-post-thumbnail","6":"product_cat-drink","7":"product_cat-red","8":"product_tag-borgogna-en","9":"product_tag-domaine-jean-marc-millot-en","10":"pa_produttore-jean-marc-millot-en","12":"first","13":"instock","14":"shipping-taxable","15":"purchasable","16":"product-type-simple"},"acf":[],"_links":{"self":[{"href":"https:\/\/casaporciatti.it\/shop\/en\/wp-json\/wp\/v2\/product\/8720","targetHints":{"allow":["GET"]}}],"collection":[{"href":"https:\/\/casaporciatti.it\/shop\/en\/wp-json\/wp\/v2\/product"}],"about":[{"href":"https:\/\/casaporciatti.it\/shop\/en\/wp-json\/wp\/v2\/types\/product"}],"wp:featuredmedia":[{"embeddable":true,"href":"https:\/\/casaporciatti.it\/shop\/en\/wp-json\/wp\/v2\/media\/7631"}],"wp:attachment":[{"href":"https:\/\/casaporciatti.it\/shop\/en\/wp-json\/wp\/v2\/media?parent=8720"}],"wp:term":[{"taxonomy":"product_brand","embeddable":true,"href":"https:\/\/casaporciatti.it\/shop\/en\/wp-json\/wp\/v2\/product_brand?post=8720"},{"taxonomy":"product_cat","embeddable":true,"href":"https:\/\/casaporciatti.it\/shop\/en\/wp-json\/wp\/v2\/product_cat?post=8720"},{"taxonomy":"product_tag","embeddable":true,"href":"https:\/\/casaporciatti.it\/shop\/en\/wp-json\/wp\/v2\/product_tag?post=8720"}],"curies":[{"name":"wp","href":"https:\/\/api.w.org\/{rel}","templated":true}]}}