{"id":8719,"date":"2023-02-14T17:32:53","date_gmt":"2023-02-14T16:32:53","guid":{"rendered":"https:\/\/casaporciatti.it\/shop\/prodotto\/domaine-jean-marc-millot-echezeaux-grand-cru-2020\/"},"modified":"2023-03-16T12:25:44","modified_gmt":"2023-03-16T11:25:44","slug":"domaine-jean-marc-millot-echezeaux-grand-cru-2020","status":"publish","type":"product","link":"https:\/\/casaporciatti.it\/shop\/en\/product\/domaine-jean-marc-millot-echezeaux-grand-cru-2020\/","title":{"rendered":"DOMAINE JEAN-MARC MILLOT Ech\u00e9zeaux Grand Cru 2020"},"content":{"rendered":"<p>The Ech\u00e9zeaux Grand Cru 2020 by DOMAINE JEAN-MARC MILLOT shows a nice length. The assembly of the three plots brings a beautiful complexity thanks to the depth of the &#8220;Ech\u00e9zeaux du dessus&#8221;, the minerality of the &#8220;Clos St Denis&#8221; and the finesse and femininity of the &#8220;Poulaill\u00e8res&#8221;. The color is intense ruby \u200b\u200bred and has all the seriousness of Grands Crus.<\/p>\n<p>L&#8217;Ech\u00e9zeaux is a Grand Cru appellation of Flagey Ech\u00e9zeaux, with a large surface area, with different climates and plots between Vougeot and Vosne Roman\u00e9e. Les Ech\u00e9zeaux consist of various terrains at an altitude between 260 and 300m, separated from the Grands Ech\u00e9zeaux by a simple path. With an east-southeast exposure, they can be considered the natural extension of the Clos de Vougeot. The upper part rests on a hard limestone base, conducive to finesse. Lower down, the soil is deeper, thus offering more potent wines. The Domaine has 1 ha of Ech\u00e9zeaux in three different climates: \u201cles Clos Saint Denis\u201d, \u201cles Ech\u00e9zeaux du Dessus\u201d and \u201cles Poulaill\u00e8res\u201d.<br \/>\nRed fruits and minerality intertwine, giving the Ech\u00e9zeaux a beautiful finesse and great elegance.<\/p>\n<p>Jean-Marc Millot has been growing grapes and making wines since 1992. With an amazing range of vineyards to his name, including 3 Grand Crus (Echezeaux, Grands Echezeaux and Clos de Vougeot), it was clear that this Domaine would be headed for greatness. But it was only when his daughter, Alix, arrived in 2014 and assumed all responsibility for viticulture and winemaking that this greatness was achieved. Wines have that rare ability to provide immediate carnal pleasure, while having the ability to age for decades. This is truly one of the most exciting Domaine in Burgundy.<\/p>\n","protected":false},"excerpt":{"rendered":"<p>The Ech\u00e9zeaux Grand Cru 2020 by DOMAINE JEAN-MARC MILLOT shows a nice length. The assembly of the three plots brings [&hellip;]<\/p>\n","protected":false},"featured_media":7628,"template":"","meta":[],"product_brand":[],"product_cat":[1812,1817],"product_tag":[],"class_list":{"0":"post-8719","1":"product","2":"type-product","3":"status-publish","4":"has-post-thumbnail","6":"product_cat-drink","7":"product_cat-red","8":"pa_produttore-jean-marc-millot-en","10":"first","11":"instock","12":"shipping-taxable","13":"purchasable","14":"product-type-simple"},"acf":[],"_links":{"self":[{"href":"https:\/\/casaporciatti.it\/shop\/en\/wp-json\/wp\/v2\/product\/8719","targetHints":{"allow":["GET"]}}],"collection":[{"href":"https:\/\/casaporciatti.it\/shop\/en\/wp-json\/wp\/v2\/product"}],"about":[{"href":"https:\/\/casaporciatti.it\/shop\/en\/wp-json\/wp\/v2\/types\/product"}],"wp:featuredmedia":[{"embeddable":true,"href":"https:\/\/casaporciatti.it\/shop\/en\/wp-json\/wp\/v2\/media\/7628"}],"wp:attachment":[{"href":"https:\/\/casaporciatti.it\/shop\/en\/wp-json\/wp\/v2\/media?parent=8719"}],"wp:term":[{"taxonomy":"product_brand","embeddable":true,"href":"https:\/\/casaporciatti.it\/shop\/en\/wp-json\/wp\/v2\/product_brand?post=8719"},{"taxonomy":"product_cat","embeddable":true,"href":"https:\/\/casaporciatti.it\/shop\/en\/wp-json\/wp\/v2\/product_cat?post=8719"},{"taxonomy":"product_tag","embeddable":true,"href":"https:\/\/casaporciatti.it\/shop\/en\/wp-json\/wp\/v2\/product_tag?post=8719"}],"curies":[{"name":"wp","href":"https:\/\/api.w.org\/{rel}","templated":true}]}}