{"id":8717,"date":"2023-02-14T17:32:53","date_gmt":"2023-02-14T16:32:53","guid":{"rendered":"https:\/\/casaporciatti.it\/shop\/prodotto\/pertois-moriset-les-quatre-terroirs-champagne-grand-cru-brut\/"},"modified":"2023-03-16T12:25:43","modified_gmt":"2023-03-16T11:25:43","slug":"pertois-moriset-les-quatre-terroirs-champagne-grand-cru-brut","status":"publish","type":"product","link":"https:\/\/casaporciatti.it\/shop\/en\/product\/pertois-moriset-les-quatre-terroirs-champagne-grand-cru-brut\/","title":{"rendered":"Pertois-Moriset Les Quatre Terroirs Champagne Grand Cru Brut"},"content":{"rendered":"<p>Questa cuv\u00e9e Les Quatre Terroirs prodotta da Pertois-Moriset proviene esclusivamente dai vitigni della C\u00f4te des Blancs. Questo Blanc de Blancs Grand Cru \u00e8 un vino di grande nobilt\u00e0 e notevole finezza.<\/p>\n<p>\u00c8 un blend di Chardonnay provenzale, come suggerisce, da 4 terroir classificati Grand Cru della C\u00f4te des Blancs: Chouilly, Cramant, Oger e Le Mesnil-sur-Oger.<\/p>\n<p>La cuv\u00e9e, vinificata in tini di acciaio inox e botti di rovere, \u00e8 composta per il 70% da vini dell&#8217;anno e per il 30% da vini di riserva perpetui. Questi vini di riserva sono conservati in tini e tini di acciaio inox.<\/p>\n<p>Come le altre cuv\u00e9e della casa, la fermentazione malolattica viene bloccata per preservare la bella acidit\u00e0, la freschezza e la tensione del vino e permettere cos\u00ec di osare una sensazione di finale in bocca pi\u00f9 lungo e salino.<\/p>\n<p>Le bottiglie hanno beneficiato di un affinamento per un minimo di 3 anni mensa della casa<\/p>\n","protected":false},"excerpt":{"rendered":"<p>Questa cuv\u00e9e Les Quatre Terroirs prodotta da Pertois-Moriset proviene esclusivamente dai vitigni della C\u00f4te des Blancs. Questo Blanc de Blancs [&hellip;]<\/p>\n","protected":false},"featured_media":7622,"template":"","meta":[],"product_brand":[],"product_cat":[1812,1818],"product_tag":[2292,2285],"class_list":{"0":"post-8717","1":"product","2":"type-product","3":"status-publish","4":"has-post-thumbnail","6":"product_cat-drink","7":"product_cat-bubbly-wine","8":"product_tag-champagne-en","9":"product_tag-vini-per-le-feste-en","10":"pa_categorie-speciali-vini-per-le-feste-en","11":"pa_produttore-pertois-moriset-en","13":"first","14":"instock","15":"shipping-taxable","16":"purchasable","17":"product-type-simple"},"acf":[],"_links":{"self":[{"href":"https:\/\/casaporciatti.it\/shop\/en\/wp-json\/wp\/v2\/product\/8717","targetHints":{"allow":["GET"]}}],"collection":[{"href":"https:\/\/casaporciatti.it\/shop\/en\/wp-json\/wp\/v2\/product"}],"about":[{"href":"https:\/\/casaporciatti.it\/shop\/en\/wp-json\/wp\/v2\/types\/product"}],"wp:featuredmedia":[{"embeddable":true,"href":"https:\/\/casaporciatti.it\/shop\/en\/wp-json\/wp\/v2\/media\/7622"}],"wp:attachment":[{"href":"https:\/\/casaporciatti.it\/shop\/en\/wp-json\/wp\/v2\/media?parent=8717"}],"wp:term":[{"taxonomy":"product_brand","embeddable":true,"href":"https:\/\/casaporciatti.it\/shop\/en\/wp-json\/wp\/v2\/product_brand?post=8717"},{"taxonomy":"product_cat","embeddable":true,"href":"https:\/\/casaporciatti.it\/shop\/en\/wp-json\/wp\/v2\/product_cat?post=8717"},{"taxonomy":"product_tag","embeddable":true,"href":"https:\/\/casaporciatti.it\/shop\/en\/wp-json\/wp\/v2\/product_tag?post=8717"}],"curies":[{"name":"wp","href":"https:\/\/api.w.org\/{rel}","templated":true}]}}