{"id":8714,"date":"2023-02-14T17:32:53","date_gmt":"2023-02-14T16:32:53","guid":{"rendered":"https:\/\/casaporciatti.it\/shop\/prodotto\/frank-pascal-champagne-brut-nature-reliance\/"},"modified":"2023-11-13T10:08:28","modified_gmt":"2023-11-13T09:08:28","slug":"franck-pascal-champagne-brut-nature-reliance","status":"publish","type":"product","link":"https:\/\/casaporciatti.it\/shop\/en\/product\/franck-pascal-champagne-brut-nature-reliance\/","title":{"rendered":"FRANCK PASCAL Champagne Brut Nature Reliance"},"content":{"rendered":"<p>La cuv\u00e9e Reliance Nature prodotta da Franck Pascal \u00e8 uno champagne arioso e leggero.<\/p>\n<p>\u00c8 uno champagne che unisce il 70% di Pinot Meunier, il 25% di Pinot Nero e il 5% di Chardonnay.<\/p>\n<p>Il vigneto di Franck Pascal si estende su 6 comuni della Valle della Marna, sponda destra. In questo terroir di epoca terziaria le configurazioni geologiche sono eclettiche. La maggior parte dei vigneti si trova su pendii collinari esposti a sud-est, su argille da palmento, argille silicee e argille con calcare duro.<\/p>\n<p>Franck Pascal si distingue per le sue vinificazioni naturali che consentono una migliore espressione del vino, del terroir e della particolarit\u00e0 dell&#8217;annata.<\/p>\n<p>Dal 2005 Franck Pascal lavora in cantina con un approccio biodinamico<\/p>\n<p>La cuv\u00e9e Reliance \u00e8 proposta in Brut Nature, senza zuccheri aggiunti.<\/p>\n<p>La cuv\u00e9e Reliance rivela note di frutti gialli, pasticceria e note tostate, oltre a un tocco di agrumi e limone.<br \/>\nAl palato ritroviamo la stessa energia del naso e questi aromi gourmet, oltre a una bella cornice minerale che porta un tocco arioso.<\/p>\n","protected":false},"excerpt":{"rendered":"<p>La cuv\u00e9e Reliance Nature prodotta da Franck Pascal \u00e8 uno champagne arioso e leggero. \u00c8 uno champagne che unisce il [&hellip;]<\/p>\n","protected":false},"featured_media":7613,"template":"","meta":[],"product_brand":[],"product_cat":[1812,1818],"product_tag":[2292,2548,2285],"class_list":{"0":"post-8714","1":"product","2":"type-product","3":"status-publish","4":"has-post-thumbnail","6":"product_cat-drink","7":"product_cat-bubbly-wine","8":"product_tag-champagne-en","9":"product_tag-franck-pascal-en","10":"product_tag-vini-per-le-feste-en","11":"pa_categorie-speciali-vini-per-le-feste-en","12":"pa_produttore-franck-pascal-en","14":"first","15":"outofstock","16":"shipping-taxable","17":"purchasable","18":"product-type-simple"},"acf":[],"_links":{"self":[{"href":"https:\/\/casaporciatti.it\/shop\/en\/wp-json\/wp\/v2\/product\/8714","targetHints":{"allow":["GET"]}}],"collection":[{"href":"https:\/\/casaporciatti.it\/shop\/en\/wp-json\/wp\/v2\/product"}],"about":[{"href":"https:\/\/casaporciatti.it\/shop\/en\/wp-json\/wp\/v2\/types\/product"}],"wp:featuredmedia":[{"embeddable":true,"href":"https:\/\/casaporciatti.it\/shop\/en\/wp-json\/wp\/v2\/media\/7613"}],"wp:attachment":[{"href":"https:\/\/casaporciatti.it\/shop\/en\/wp-json\/wp\/v2\/media?parent=8714"}],"wp:term":[{"taxonomy":"product_brand","embeddable":true,"href":"https:\/\/casaporciatti.it\/shop\/en\/wp-json\/wp\/v2\/product_brand?post=8714"},{"taxonomy":"product_cat","embeddable":true,"href":"https:\/\/casaporciatti.it\/shop\/en\/wp-json\/wp\/v2\/product_cat?post=8714"},{"taxonomy":"product_tag","embeddable":true,"href":"https:\/\/casaporciatti.it\/shop\/en\/wp-json\/wp\/v2\/product_tag?post=8714"}],"curies":[{"name":"wp","href":"https:\/\/api.w.org\/{rel}","templated":true}]}}