{"id":8705,"date":"2023-02-14T17:32:39","date_gmt":"2023-02-14T16:32:39","guid":{"rendered":"https:\/\/casaporciatti.it\/shop\/prodotto\/riecine-vigna-gittori-chianti-classico-gran-selezione-2019\/"},"modified":"2024-10-10T13:31:58","modified_gmt":"2024-10-10T11:31:58","slug":"riecine-vigna-gittori-chianti-classico-gran-selezione-2020","status":"publish","type":"product","link":"https:\/\/casaporciatti.it\/shop\/en\/product\/riecine-vigna-gittori-chianti-classico-gran-selezione-2020\/","title":{"rendered":"RIECINE Vigna Gittori Chianti Classico Gran Selezione 2020"},"content":{"rendered":"<p>Il Chianti Classico Gran Selezione Vigna Gittori 2020 di Riecine comes from a vineyard of 2.25 ettari di Chianti Classico impiantati nel 1971 con una densit\u00e0 di 3.400 piante per ettaro \u00e8 situata con esposizione a sud su antiche terrazze. Il Vigna Gittori di Riecine offers a buoquet speziato, with accenti di vaniglia and pane tostato che abbracciano i sentori di ciliegia, fragola e violetta. Ricco, with a solid structure and a final lungo marked with fruit, Mediterranean grass and a mineral note. Evolver\u00e0 magnificamente<\/p>\n<p>Riecine \u00e8 bellissima tenuta al centro del Chianti Classico nel comune di Gaiole in Chianti. Riecine ha semper seguito un percorso particolare chiunque sia stato al comando. Fondata dall\u2019inglese John Dunkley e oggi gestita dalla famiglia Frank, la tenuta \u00e8 impegnata in un approccio naturale.<\/p>\n<p>The azienda \u00e8 certificatea biologica e allo stesso tempo segue delle pratiche biodinamiche. Il terreno \u00e8 dunque vivo, popolato di piante, fiori ed erbe. la biodiversit\u00e0 \u00e8 incoraggiata e di conseguenza le difese proprie delle viti e la salute dei vigneti. Solo i grappoli migliori passano la selezione manuale, quelli pi\u00f9 maturi e sani; tutto il resto rimane nei campi per tornare sulla terra.<\/p>\n<p>Pochissima solforosa, lieviti naturali e lunghe fermentazioni cos\u00ec i vini di Riecine, delicately, vengono al mondo. Credendo strongly nel Sangiovese as unica variet\u00e0 capace di interpretare il terroir, i vini di questa splendida tenuta hanno nell\u2019anima il \u201csenso del luogo\u201d<\/p>\n","protected":false},"excerpt":{"rendered":"<p>Il Chianti Classico Gran Selezione Vigna Gittori 2020 di Riecine comes from a vineyard of 2.25 ettari di Chianti Classico [&hellip;]<\/p>\n","protected":false},"featured_media":7584,"template":"","meta":[],"product_brand":[],"product_cat":[1812,1817],"product_tag":[2235,2252,2375,2236],"class_list":{"0":"post-8705","1":"product","2":"type-product","3":"status-publish","4":"has-post-thumbnail","6":"product_cat-drink","7":"product_cat-red","8":"product_tag-chianti-classico-gran-selezione-en","9":"product_tag-portami-in-chianti-en","10":"product_tag-riecine-en","11":"product_tag-vini-di-gaiole-en","12":"pa_categorie-speciali-portami-in-chianti-en","13":"pa_categorie-speciali-vini-di-gaiole-in-chianti-en","14":"pa_chianti-classico-gaiole-in-chianti-wines","15":"pa_produttore-riecine-en","17":"first","18":"instock","19":"shipping-taxable","20":"purchasable","21":"product-type-simple"},"acf":[],"_links":{"self":[{"href":"https:\/\/casaporciatti.it\/shop\/en\/wp-json\/wp\/v2\/product\/8705","targetHints":{"allow":["GET"]}}],"collection":[{"href":"https:\/\/casaporciatti.it\/shop\/en\/wp-json\/wp\/v2\/product"}],"about":[{"href":"https:\/\/casaporciatti.it\/shop\/en\/wp-json\/wp\/v2\/types\/product"}],"wp:featuredmedia":[{"embeddable":true,"href":"https:\/\/casaporciatti.it\/shop\/en\/wp-json\/wp\/v2\/media\/7584"}],"wp:attachment":[{"href":"https:\/\/casaporciatti.it\/shop\/en\/wp-json\/wp\/v2\/media?parent=8705"}],"wp:term":[{"taxonomy":"product_brand","embeddable":true,"href":"https:\/\/casaporciatti.it\/shop\/en\/wp-json\/wp\/v2\/product_brand?post=8705"},{"taxonomy":"product_cat","embeddable":true,"href":"https:\/\/casaporciatti.it\/shop\/en\/wp-json\/wp\/v2\/product_cat?post=8705"},{"taxonomy":"product_tag","embeddable":true,"href":"https:\/\/casaporciatti.it\/shop\/en\/wp-json\/wp\/v2\/product_tag?post=8705"}],"curies":[{"name":"wp","href":"https:\/\/api.w.org\/{rel}","templated":true}]}}