{"id":8664,"date":"2023-02-14T17:32:17","date_gmt":"2023-02-14T16:32:17","guid":{"rendered":"https:\/\/casaporciatti.it\/shop\/prodotto\/tramin-troy-alto-adige-riserva-chardonnay-2018\/"},"modified":"2023-03-16T12:25:05","modified_gmt":"2023-03-16T11:25:05","slug":"tramin-troy-alto-adige-riserva-chardonnay-2018","status":"publish","type":"product","link":"https:\/\/casaporciatti.it\/shop\/en\/product\/tramin-troy-alto-adige-riserva-chardonnay-2018\/","title":{"rendered":"TRAMIN TROY Alto Adige Riserva Chardonnay 2018"},"content":{"rendered":"<p>Il top di gamma della Cantina Tramin, l&#8217;Alto Adige Chardonnay Riserva Troy 2018 \u00e8 un bianco sensuale e sofisticato che offre eleganza e potenza in egual misura. Da un&#8217;annata calda e da un clima pi\u00f9 fresco d&#8217;alta quota, il vino trova un buon equilibrio con vibranti sentori di mela cotogna, nettarina e melone. Dedelicati aromi guidati dal rovere, spezie e mandorle tostate che aggiungono un ulteriore livello di dimensione al palato e alla struttura generale.<\/p>\n<p>Troy \u00e8 l&#8217;idea di Chardonnay d\u2019alta montagna della Cantina TRamin. Nella lingua degli avi questo nome significa \u201csentiero\u201d, una scelta che rappresenta il lungo percorso di ricerca e sperimentazione di questo nobile vitigno. Sono state rilasciate circa 6600 bottiglie.<\/p>\n<p>Situata nel cuore dell&#8217;Alto Adige, nel comune di Termeno, sul versante sud delle Alpi, Tramin comprende una delle pi\u00f9 antiche reti di agricoltori che formano un&#8217;azienda vinicola. Ricchi di tradizione, i vini di Tramin sono espressioni autentiche di un terroir unico, supportati da una filosofia comune di duro lavoro, dedizione, fiducia e creativit\u00e0 tra tutti i membri partecipanti. Tramin opera a misura d&#8217;uomo con un rapporto contadino-terra simile a quello di una piccola tenuta, consentendo una raccolta manuale delicata.<\/p>\n<p>Fondata nel 1889 dal pastore Christian Schrott, Tramin conta oggi 270 membri su circa 620 acri nelle comunit\u00e0 di Termeno, Neumarkt, Montagna e Ora. La citt\u00e0 di Termeno &#8211; il nome tedesco di Termeno &#8211; ospita l&#8217;uva aromatica, il Gew\u00fcrztraminer. L&#8217;uva Traminer (come viene chiamata affettuosamente qui) \u00e8 una delle pi\u00f9 antiche al mondo e vanta una nobile stirpe. Recenti studi dimostrano infatti che \u00e8 l&#8217;antenato di alcuni dei vitigni pi\u00f9 antichi come il Cabernet Sauvignon e il Riesling, e il Pinot Bianco, il Grigio e il Noir. Alla Cantina Tramin l&#8217;uva Traminer cresce nella sottozona del Sella, un terroir particolarmente vocato al Gew\u00fcrztraminer; da qui il nome della cantina, Cantina Tramin.<\/p>\n<p>Posizione del vigneto<br \/>\nTra i vigneti pi\u00f9 settentrionali d&#8217;Italia. Queste viti crescono in una valle glaciale dalle alte pareti che la protegge dal freddo settentrionale e intrappola il calore del sole. La cantina stessa si trova sulla Strada del Vino (Strada di Vino \/ Weinstrasse) nel comune di Termeno &#8211; o Tramin in tedesco &#8211; poche miglia a sud del capoluogo di provincia Bolzano (Bozen) e a 80 km dal confine austriaco.<\/p>\n","protected":false},"excerpt":{"rendered":"<p>Il top di gamma della Cantina Tramin, l&#8217;Alto Adige Chardonnay Riserva Troy 2018 \u00e8 un bianco sensuale e sofisticato che [&hellip;]<\/p>\n","protected":false},"featured_media":7492,"template":"","meta":[],"product_brand":[],"product_cat":[1840,1812,182,1813],"product_tag":[298,303,84,91],"class_list":{"0":"post-8664","1":"product","2":"type-product","3":"status-publish","4":"has-post-thumbnail","6":"product_cat-white-drink","7":"product_cat-drink","8":"product_cat-vini-bianchi","9":"product_cat-white","10":"product_tag-alto-adige","11":"product_tag-tramin","12":"product_tag-vini-per-lestate","13":"product_tag-vini-pregiati-e-rari","14":"pa_categorie-speciali-vini-pregiati-e-rari-en","15":"pa_categorie-speciali-vini-per-lestate-en","16":"pa_produttore-tramin-en","18":"first","19":"outofstock","20":"shipping-taxable","21":"purchasable","22":"product-type-simple"},"acf":[],"_links":{"self":[{"href":"https:\/\/casaporciatti.it\/shop\/en\/wp-json\/wp\/v2\/product\/8664","targetHints":{"allow":["GET"]}}],"collection":[{"href":"https:\/\/casaporciatti.it\/shop\/en\/wp-json\/wp\/v2\/product"}],"about":[{"href":"https:\/\/casaporciatti.it\/shop\/en\/wp-json\/wp\/v2\/types\/product"}],"wp:featuredmedia":[{"embeddable":true,"href":"https:\/\/casaporciatti.it\/shop\/en\/wp-json\/wp\/v2\/media\/7492"}],"wp:attachment":[{"href":"https:\/\/casaporciatti.it\/shop\/en\/wp-json\/wp\/v2\/media?parent=8664"}],"wp:term":[{"taxonomy":"product_brand","embeddable":true,"href":"https:\/\/casaporciatti.it\/shop\/en\/wp-json\/wp\/v2\/product_brand?post=8664"},{"taxonomy":"product_cat","embeddable":true,"href":"https:\/\/casaporciatti.it\/shop\/en\/wp-json\/wp\/v2\/product_cat?post=8664"},{"taxonomy":"product_tag","embeddable":true,"href":"https:\/\/casaporciatti.it\/shop\/en\/wp-json\/wp\/v2\/product_tag?post=8664"}],"curies":[{"name":"wp","href":"https:\/\/api.w.org\/{rel}","templated":true}]}}