{"id":8650,"date":"2023-02-14T17:32:03","date_gmt":"2023-02-14T16:32:03","guid":{"rendered":"https:\/\/casaporciatti.it\/shop\/prodotto\/jerome-prevost-la-closerie-les-beguines-champagne-extra-brut-lc-2019\/"},"modified":"2023-12-11T11:28:10","modified_gmt":"2023-12-11T10:28:10","slug":"jerome-prevost-la-closerie-les-beguines-champagne-extra-brut-lb20","status":"publish","type":"product","link":"https:\/\/casaporciatti.it\/shop\/en\/product\/jerome-prevost-la-closerie-les-beguines-champagne-extra-brut-lb20\/","title":{"rendered":"J\u00e9r\u00f4me Pr\u00e9vost LA CLOSERIE LES BEGUINES CHAMPAGNE EXTRA BRUT LB20"},"content":{"rendered":"<p>The Champagne Extra Brut Les B\u00e9guines LB 20 by J\u00e9r\u00f4me Pr\u00e9vost LA CLOSERIE has surpassed itself once again. Aromas of orange peel, fresh fruit, red berries and peach, mixed with hints of walnuts and marzipan. On the finish warm spices and hay. Full-bodied, layered and concentrated, Les B\u00e9guines LC 19 by J\u00e9r\u00f4me Pr\u00e9vost LA CLOSERIE is a deep and complete Champagne enlivened by a soft mousse. It concludes with a long and savory finish. One of the best Pr\u00e9vost releases of the decade.<\/p>\n<p>J\u00e9r\u00f4me Pr\u00e9vost and his Champagne La Closerie cellar are part of a coalition of small producers who produce intense vinous champagnes, transparent to the terroir. Rather than following Champagne&#8217;s traditional model of blending grapes, vintages and vineyards to produce a &#8220;standardized&#8221; product, J\u00e9r\u00f4me and his colleagues &#8220;Champagne Renegades&#8221; produce terroir-specific bottlings dedicated primarily to one grape and one vintage.<\/p>\n<p>J\u00e9r\u00f4me inherited a two-hectare parcel known as Les B\u00e9guines from his grandmother, who grew up on the same road in the village of Gueux, in the Montagne de Reims, where the winery and family home are located. In Les B\u00e9guines, Pinot Meunier reigns supreme, but there are plants of Pinot Noir, Pinot Grigio and Chardonnay scattered throughout the parcel, which account for about 5% of the final blend. Also, while a single vintage dominates, J\u00e9r\u00f4me tends to assemble into reserve wines of 10-15%.<\/p>\n<p>J\u00e9r\u00f4me&#8217;s grandmother had previously rented the vines for others to cultivate, until 1987, when J\u00e9r\u00f4me took over and started selling the grapes directly to the n\u00e9gociants. In the mid-90s he began working with Jacques Selosse and in 1998, with the help of Anselme Selosse, he began to produce small quantities of wine in the Selosse cellars in Avize. He continued to produce his wine there until 2001, when he moved the production to Gueux. Today, a modern, minimalist house and winery sit on the edge of the vineyard.<\/p>\n<p>J\u00e9r\u00f4me was certainly influenced by some of Anselme Selosse&#8217;s unique techniques, including meticulous attention to detail in the vineyard, with extremely low yields (around half the legal limit!) And no chemical additives used in his agriculture. Like Anselme, J\u00e9r\u00f4me likes to play by his rules and can be a bit contrarian when it comes to some of his techniques.<\/p>\n","protected":false},"excerpt":{"rendered":"<p>The Champagne Extra Brut Les B\u00e9guines LB 20 by J\u00e9r\u00f4me Pr\u00e9vost LA CLOSERIE has surpassed itself once again. Aromas of [&hellip;]<\/p>\n","protected":false},"featured_media":7458,"template":"","meta":[],"product_brand":[],"product_cat":[1812,1818],"product_tag":[2292,2586,2285],"class_list":{"0":"post-8650","1":"product","2":"type-product","3":"status-publish","4":"has-post-thumbnail","6":"product_cat-drink","7":"product_cat-bubbly-wine","8":"product_tag-champagne-en","9":"product_tag-jerome-prevost-la-closerie-en","10":"product_tag-vini-per-le-feste-en","11":"pa_categorie-speciali-vini-per-le-feste-en","12":"pa_produttore-jerome-prevost-la-closerie-en","14":"first","15":"outofstock","16":"shipping-taxable","17":"purchasable","18":"product-type-simple"},"acf":[],"_links":{"self":[{"href":"https:\/\/casaporciatti.it\/shop\/en\/wp-json\/wp\/v2\/product\/8650","targetHints":{"allow":["GET"]}}],"collection":[{"href":"https:\/\/casaporciatti.it\/shop\/en\/wp-json\/wp\/v2\/product"}],"about":[{"href":"https:\/\/casaporciatti.it\/shop\/en\/wp-json\/wp\/v2\/types\/product"}],"wp:featuredmedia":[{"embeddable":true,"href":"https:\/\/casaporciatti.it\/shop\/en\/wp-json\/wp\/v2\/media\/7458"}],"wp:attachment":[{"href":"https:\/\/casaporciatti.it\/shop\/en\/wp-json\/wp\/v2\/media?parent=8650"}],"wp:term":[{"taxonomy":"product_brand","embeddable":true,"href":"https:\/\/casaporciatti.it\/shop\/en\/wp-json\/wp\/v2\/product_brand?post=8650"},{"taxonomy":"product_cat","embeddable":true,"href":"https:\/\/casaporciatti.it\/shop\/en\/wp-json\/wp\/v2\/product_cat?post=8650"},{"taxonomy":"product_tag","embeddable":true,"href":"https:\/\/casaporciatti.it\/shop\/en\/wp-json\/wp\/v2\/product_tag?post=8650"}],"curies":[{"name":"wp","href":"https:\/\/api.w.org\/{rel}","templated":true}]}}