{"id":8614,"date":"2023-02-14T17:31:54","date_gmt":"2023-02-14T16:31:54","guid":{"rendered":"https:\/\/casaporciatti.it\/shop\/prodotto\/ricci-derthona-2018\/"},"modified":"2023-03-16T12:24:32","modified_gmt":"2023-03-16T11:24:32","slug":"ricci-derthona-2018","status":"publish","type":"product","link":"https:\/\/casaporciatti.it\/shop\/en\/product\/ricci-derthona-2018\/","title":{"rendered":"RICCI Derthona 2018"},"content":{"rendered":"<p>Il Ricci Derthona \u00e8 un vino bianco fermentato ed elevato in acciaio della zona del Tortonose. L&#8217;uva Timorasso rimane tre giorni a contatto con le bucce, conferendo una pennellata di colore dorato al vino. Ricci Derthona Timorasso resta sulle fecce fini per 12-22 mesi, a seconda dell&#8217;annata. Il vino \u00e8 vibrante, agrumato e finemente aromatico, con una bella spina dorsale minerale. Accompagna frutti di mare, crostacei, insalate e formaggi freschi.<\/p>\n<p>Il nome \u201cDerthona\u201d con cui anticamente chiamata cos\u00ec la citt\u00e0 di Tortona, \u00e8 un omaggio a questo legame profondo tra la terra e l\u2019uva.<\/p>\n<p>Fu il nonno di Daniele Ricci ad acquistare Cascina San Leto nelle colline orientali del Piemonte nel 1929, piantando uve locali (prevalentemente Timorasso con minori quantit\u00e0 di Barbera e Croatina) e impegnandosi ad allevare bestiame nella propriet\u00e0. Quando la fillossera devast\u00f2 la maggior parte dei vigneti della zona a met\u00e0-fine Ottocento, molti viticoltori abbandonarono il Timorasso per il Cortese a causa della sua scarsa produttivit\u00e0. Carlo Ricci mantenne invece la rotta. Oggi Daniele Ricci \u00e8 riconosciuto come uno dei principali della regione per i suoi vini a base di Timorasso, un vitigno iper-locale di cui oggi ci sono solo 100 ettari piantati.<\/p>\n<p>Daniele Ricci spiega che \u00e8 grazie al suo terroir che i suoi vini hanno una personalit\u00e0 cos\u00ec spiccata. I suoli di Costa Vescovato e dei Colli Tortonesi sono costituiti da marne calcareo-argillose identiche a quelle di Serralunga d&#8217;Alba, naturalmente pi\u00f9 rinomata per la sua produzione di Barolo. L&#8217;azienda \u00e8 una conduzione biologica<\/p>\n<p>In cantina, Daniele Ricci fermenta i vini in acciaio per poi prosegue l&#8217;\u00e9levage in botti d&#8217;acciaio o neutre (acacia o rovere non tostate). L&#8217;idea di Daniele Ricci \u00e8 quella di produrre vini varietali che siano rappresentativi della tradizione e del terroir lavorando nel modo pi\u00f9 naturale possibile sia in vigna che in cantina. Nessuno dei vini Ricci viene filtrato n\u00e9 affinato e contiene pochissima solforosa.<\/p>\n","protected":false},"excerpt":{"rendered":"<p>Il Ricci Derthona \u00e8 un vino bianco fermentato ed elevato in acciaio della zona del Tortonose. L&#8217;uva Timorasso rimane tre [&hellip;]<\/p>\n","protected":false},"featured_media":7378,"template":"","meta":[],"product_brand":[],"product_cat":[1812,1813],"product_tag":[2249,2307,2247],"class_list":{"0":"post-8614","1":"product","2":"type-product","3":"status-publish","4":"has-post-thumbnail","6":"product_cat-drink","7":"product_cat-white","8":"product_tag-scelto-da-riccardo-en","9":"product_tag-vini-per-lestate-en","10":"product_tag-vino-biologico-en","11":"pa_categorie-speciali-vino-biologico-en","12":"pa_categorie-speciali-vini-per-lestate-en","13":"pa_etichette-porciatti-organic-wine","14":"pa_etichette-porciatti-recommended-by-riccardo","15":"pa_produttore-ricci-en","17":"first","18":"outofstock","19":"shipping-taxable","20":"purchasable","21":"product-type-simple"},"acf":[],"_links":{"self":[{"href":"https:\/\/casaporciatti.it\/shop\/en\/wp-json\/wp\/v2\/product\/8614","targetHints":{"allow":["GET"]}}],"collection":[{"href":"https:\/\/casaporciatti.it\/shop\/en\/wp-json\/wp\/v2\/product"}],"about":[{"href":"https:\/\/casaporciatti.it\/shop\/en\/wp-json\/wp\/v2\/types\/product"}],"wp:featuredmedia":[{"embeddable":true,"href":"https:\/\/casaporciatti.it\/shop\/en\/wp-json\/wp\/v2\/media\/7378"}],"wp:attachment":[{"href":"https:\/\/casaporciatti.it\/shop\/en\/wp-json\/wp\/v2\/media?parent=8614"}],"wp:term":[{"taxonomy":"product_brand","embeddable":true,"href":"https:\/\/casaporciatti.it\/shop\/en\/wp-json\/wp\/v2\/product_brand?post=8614"},{"taxonomy":"product_cat","embeddable":true,"href":"https:\/\/casaporciatti.it\/shop\/en\/wp-json\/wp\/v2\/product_cat?post=8614"},{"taxonomy":"product_tag","embeddable":true,"href":"https:\/\/casaporciatti.it\/shop\/en\/wp-json\/wp\/v2\/product_tag?post=8614"}],"curies":[{"name":"wp","href":"https:\/\/api.w.org\/{rel}","templated":true}]}}