{"id":8581,"date":"2023-02-14T17:31:25","date_gmt":"2023-02-14T16:31:25","guid":{"rendered":"https:\/\/casaporciatti.it\/shop\/prodotto\/brezza-barolo-sarmassa-2016\/"},"modified":"2023-03-16T12:24:12","modified_gmt":"2023-03-16T11:24:12","slug":"brezza-barolo-sarmassa-2016","status":"publish","type":"product","link":"https:\/\/casaporciatti.it\/shop\/en\/product\/brezza-barolo-sarmassa-2016\/","title":{"rendered":"BREZZA Barolo Sarmassa 2016"},"content":{"rendered":"<p>La potenza e il peso del Barolo Sarmassa di Brezza sono immediatamente evidenti. Il vino riempie il palato e cangia velocemente nel bicchiere: un momento sembra astringente, quello dopo \u00e8 setoso e lungo. Gli aromi sono floreali, poi sapidi, poi speziati in quella che \u00e8 una presentazione aromatica in continua evoluzione ed evoluzione. Il vino acquista intensit\u00e0 e purezza uomo mano che si arieggia nel bicchiere e questo \u00e8 di buon auspicio per le sue potenzialit\u00e0 a lungo termine.<\/p>\n<p>L&#8217;azienda Brezza, che possiede parte del rinomato vigneto Cannubi e altri bei siti intorno al paese di Barolo, imbottiglia dal 1910. Oggi condotta da Enzo Brezza e dal cugino Giacomo, quarta generazione della famiglia. I vini di Brezza sono icone della vinificazione tradizionale: viticoltura biologica, lunghe macerazioni e affinamento in botti grandi. Questo stile trasparente, applicato in modo dichiarato e pulito attraverso i diversi imbottigliamenti, consente di rendere le differenze di sito, senza che aromi di rovere o rusticit\u00e0 si intromettano.<\/p>\n<p>Il Cru Sarmassa si trova sul lato opposto della dorsale principale del Barolo rispetto ai Cannubi, eppure ha un microclima distinto\u2026\u00e8 la prima zona dove la neve si scioglie in inverno. I vini che vi sono pi\u00f9 strutturati di quelli di Cannubi.<\/p>\n","protected":false},"excerpt":{"rendered":"<p>La potenza e il peso del Barolo Sarmassa di Brezza sono immediatamente evidenti. Il vino riempie il palato e cangia [&hellip;]<\/p>\n","protected":false},"featured_media":7279,"template":"","meta":[],"product_brand":[],"product_cat":[1812,1817],"product_tag":[2263,2247],"class_list":{"0":"post-8581","1":"product","2":"type-product","3":"status-publish","4":"has-post-thumbnail","6":"product_cat-drink","7":"product_cat-red","8":"product_tag-produttore-artigianale-en","9":"product_tag-vino-biologico-en","10":"pa_categorie-speciali-vino-biologico-en","11":"pa_etichette-porciatti-artisan-producers","12":"pa_etichette-porciatti-organic-wine","13":"pa_produttore-brezza-en","15":"first","16":"outofstock","17":"shipping-taxable","18":"purchasable","19":"product-type-simple"},"acf":[],"_links":{"self":[{"href":"https:\/\/casaporciatti.it\/shop\/en\/wp-json\/wp\/v2\/product\/8581","targetHints":{"allow":["GET"]}}],"collection":[{"href":"https:\/\/casaporciatti.it\/shop\/en\/wp-json\/wp\/v2\/product"}],"about":[{"href":"https:\/\/casaporciatti.it\/shop\/en\/wp-json\/wp\/v2\/types\/product"}],"wp:featuredmedia":[{"embeddable":true,"href":"https:\/\/casaporciatti.it\/shop\/en\/wp-json\/wp\/v2\/media\/7279"}],"wp:attachment":[{"href":"https:\/\/casaporciatti.it\/shop\/en\/wp-json\/wp\/v2\/media?parent=8581"}],"wp:term":[{"taxonomy":"product_brand","embeddable":true,"href":"https:\/\/casaporciatti.it\/shop\/en\/wp-json\/wp\/v2\/product_brand?post=8581"},{"taxonomy":"product_cat","embeddable":true,"href":"https:\/\/casaporciatti.it\/shop\/en\/wp-json\/wp\/v2\/product_cat?post=8581"},{"taxonomy":"product_tag","embeddable":true,"href":"https:\/\/casaporciatti.it\/shop\/en\/wp-json\/wp\/v2\/product_tag?post=8581"}],"curies":[{"name":"wp","href":"https:\/\/api.w.org\/{rel}","templated":true}]}}