{"id":8510,"date":"2023-02-14T17:30:32","date_gmt":"2023-02-14T16:30:32","guid":{"rendered":"https:\/\/casaporciatti.it\/shop\/prodotto\/jean-vesselle-champagne-brut-reserve-s-a\/"},"modified":"2023-03-16T12:23:28","modified_gmt":"2023-03-16T11:23:28","slug":"jean-vesselle-champagne-brut-reserve-s-a","status":"publish","type":"product","link":"https:\/\/casaporciatti.it\/shop\/en\/product\/jean-vesselle-champagne-brut-reserve-s-a\/","title":{"rendered":"JEAN VESSELLE Champagne Brut R\u00e9serve s.a."},"content":{"rendered":"<p>Lo Champagne Brut R\u00e9serve di Jean Vesselle presenta una bollicina piuttosto generosa e un sorso molto piacevole che sa di frutta di frutta ben matura, cremoso e vellutato.<\/p>\n<p>Il piccole Domaine Jean Vessele si trova in piena Montagne de Reims. R\u00e9coltant manipulant di assoluto Delphine Vesselle ha saputo costruire lentamente e pazientemente una vera e propria Maison, pur rimanendo fedele alla visione vigneronesca e agli insegnamenti del padre scomparso prematuramente molti anni fa. Le responsabilit\u00e0 di giovane produttrice sono diventate certezze, oggi. Insieme al marito, con tenacia, lavoro, garbo e savoir-faire, \u00e8 riuscita a creare un forte marchio e una identit\u00e0 di gamma davvero convincente.<\/p>\n<p>Ad eccezione di una parcella di Chardonnay a sud di Bouzy, l&#8217;intero parco vigneti \u00e8 coltivato a Pinot Noir, principalmente a Bouzy, con una piccola parte nell&#8217;Aube. . Nel tempo, ha ulteriormente esteso la superficie dei vigneti di propriet\u00e0 con l\u2019acquisizione di nuove parcelle nella C\u00f4te des Bar, portandola complessivamente a 15 ettari, quasi tutti a Pinot Noir. In cantina ha saputo ammodernare gli impianti e trovare una linea espressiva di alto valore enologico: la conseguenza \u00e8 evidente nella definizione di tutti gli Champagne prodotti. Gli champagne Jean Vessel sono quindi colorati, pieni e vinosi<\/p>\n<p>&nbsp;<\/p>\n<p>&nbsp;<\/p>\n","protected":false},"excerpt":{"rendered":"<p>Lo Champagne Brut R\u00e9serve di Jean Vesselle presenta una bollicina piuttosto generosa e un sorso molto piacevole che sa di [&hellip;]<\/p>\n","protected":false},"featured_media":7092,"template":"","meta":[],"product_brand":[],"product_cat":[1812,1818],"product_tag":[],"class_list":{"0":"post-8510","1":"product","2":"type-product","3":"status-publish","4":"has-post-thumbnail","6":"product_cat-drink","7":"product_cat-bubbly-wine","8":"pa_produttore-jean-vesselle-en","10":"first","11":"outofstock","12":"shipping-taxable","13":"purchasable","14":"product-type-simple"},"acf":[],"_links":{"self":[{"href":"https:\/\/casaporciatti.it\/shop\/en\/wp-json\/wp\/v2\/product\/8510","targetHints":{"allow":["GET"]}}],"collection":[{"href":"https:\/\/casaporciatti.it\/shop\/en\/wp-json\/wp\/v2\/product"}],"about":[{"href":"https:\/\/casaporciatti.it\/shop\/en\/wp-json\/wp\/v2\/types\/product"}],"wp:featuredmedia":[{"embeddable":true,"href":"https:\/\/casaporciatti.it\/shop\/en\/wp-json\/wp\/v2\/media\/7092"}],"wp:attachment":[{"href":"https:\/\/casaporciatti.it\/shop\/en\/wp-json\/wp\/v2\/media?parent=8510"}],"wp:term":[{"taxonomy":"product_brand","embeddable":true,"href":"https:\/\/casaporciatti.it\/shop\/en\/wp-json\/wp\/v2\/product_brand?post=8510"},{"taxonomy":"product_cat","embeddable":true,"href":"https:\/\/casaporciatti.it\/shop\/en\/wp-json\/wp\/v2\/product_cat?post=8510"},{"taxonomy":"product_tag","embeddable":true,"href":"https:\/\/casaporciatti.it\/shop\/en\/wp-json\/wp\/v2\/product_tag?post=8510"}],"curies":[{"name":"wp","href":"https:\/\/api.w.org\/{rel}","templated":true}]}}