{"id":8473,"date":"2023-02-14T17:30:19","date_gmt":"2023-02-14T16:30:19","guid":{"rendered":"https:\/\/casaporciatti.it\/shop\/prodotto\/canneto-vino-nobile-di-montepulciano-2016\/"},"modified":"2023-03-16T12:23:04","modified_gmt":"2023-03-16T11:23:04","slug":"canneto-vino-nobile-di-montepulciano-2016","status":"publish","type":"product","link":"https:\/\/casaporciatti.it\/shop\/en\/product\/canneto-vino-nobile-di-montepulciano-2016\/","title":{"rendered":"CANNETO Vino Nobile di Montepulciano 2016"},"content":{"rendered":"<p>Il Vino Nobile di Montepulciano Canneto si presenta con un colore rubino saturo.\u00a0 Al naso sentori di frutta matura e spezie che si intrecciano in profondit\u00e0 nelle pieghe del bouquet. L&#8217;intensit\u00e0 aromatica conferisce al vino piacevolezza e facilit\u00e0 di abbinamento con le classica bistecca fiorentina. E&#8217; Vino Nobile capace di evolvere bene.<\/p>\n<p>L&#8217;azienda vinicola Canneto si trova sul versante ovest di Montepulciano, nei pressi della magnifica chiesa di San Biagio e vanta una lunga tradizione vinicola.\u00a0 L&#8217;azienda \u00e8 costituita da 48 ettari, di cui 30 vitati &#8211; 16 dei quali riservati alla produzione di Vino Nobile. I vigneti prevalentemente esposti a sud si trovano a 350 e 400 m slm, su suoli ghiaiosi con ghiaia. Il sistema di allevamento \u00e8 a cordone speronato. Vinificazione attenta, scelta del luogo, imbottigliamento &#8230; questi sono alcuni degli aspetti che ricevono la massima cura e attenzione.<\/p>\n","protected":false},"excerpt":{"rendered":"<p>Il Vino Nobile di Montepulciano Canneto si presenta con un colore rubino saturo.\u00a0 Al naso sentori di frutta matura e [&hellip;]<\/p>\n","protected":false},"featured_media":6995,"template":"","meta":[],"product_brand":[],"product_cat":[1831,1812,1817],"product_tag":[324,170],"class_list":{"0":"post-8473","1":"product","2":"type-product","3":"status-publish","4":"has-post-thumbnail","6":"product_cat-red-drink","7":"product_cat-drink","8":"product_cat-red","9":"product_tag-canneto","10":"product_tag-nobile-di-montepulciano","11":"pa_produttore-canneto-en","13":"first","14":"outofstock","15":"shipping-taxable","16":"purchasable","17":"product-type-simple"},"acf":[],"_links":{"self":[{"href":"https:\/\/casaporciatti.it\/shop\/en\/wp-json\/wp\/v2\/product\/8473","targetHints":{"allow":["GET"]}}],"collection":[{"href":"https:\/\/casaporciatti.it\/shop\/en\/wp-json\/wp\/v2\/product"}],"about":[{"href":"https:\/\/casaporciatti.it\/shop\/en\/wp-json\/wp\/v2\/types\/product"}],"wp:featuredmedia":[{"embeddable":true,"href":"https:\/\/casaporciatti.it\/shop\/en\/wp-json\/wp\/v2\/media\/6995"}],"wp:attachment":[{"href":"https:\/\/casaporciatti.it\/shop\/en\/wp-json\/wp\/v2\/media?parent=8473"}],"wp:term":[{"taxonomy":"product_brand","embeddable":true,"href":"https:\/\/casaporciatti.it\/shop\/en\/wp-json\/wp\/v2\/product_brand?post=8473"},{"taxonomy":"product_cat","embeddable":true,"href":"https:\/\/casaporciatti.it\/shop\/en\/wp-json\/wp\/v2\/product_cat?post=8473"},{"taxonomy":"product_tag","embeddable":true,"href":"https:\/\/casaporciatti.it\/shop\/en\/wp-json\/wp\/v2\/product_tag?post=8473"}],"curies":[{"name":"wp","href":"https:\/\/api.w.org\/{rel}","templated":true}]}}