{"id":8435,"date":"2023-02-14T17:29:51","date_gmt":"2023-02-14T16:29:51","guid":{"rendered":"https:\/\/casaporciatti.it\/shop\/prodotto\/domaine-de-la-grange-des-peres-pays-de-lherault-la-grange-des-peres-rouge-2018\/"},"modified":"2023-03-16T12:22:43","modified_gmt":"2023-03-16T11:22:43","slug":"domaine-de-la-grange-des-peres-pays-de-lherault-la-grange-des-peres-rouge-2018","status":"publish","type":"product","link":"https:\/\/casaporciatti.it\/shop\/en\/product\/domaine-de-la-grange-des-peres-pays-de-lherault-la-grange-des-peres-rouge-2018\/","title":{"rendered":"DOMAINE DE LA GRANGE DES P\u00c8RES, Pays de l\u2019H\u00e9rault, La Grange des P\u00e8res Rouge 2018"},"content":{"rendered":"<p>One of Languedoc&#8217;s iconic estates the Domaine de la Grange des P\u00e8res has made an impressive 2018 Grange des P\u00e8res. Soft and sweetly fruity, it is a wine that can already be drunk great. The bouquet of olive, pepper and sweet dark fruit has a full richness, without edges and ripe tannins. This is a cuv\u00e9e that can age, but there is certainly nothing wrong with enjoying this vintage in its youth.<\/p>\n<p>Laurent Vaill\u00e9 founded the Domanine Grange des P\u00e8res in the early 1990s. It has almost 10 hectares of vineyards in the famous hills of Aniane, within the C\u00f4teaux du Languedoc AOC. However his wines cannot carry the AOC label as he uses unauthorized varieties within the AOC: they are Vins de Pays de l&#8217;H\u00e9rault. While its red has achieved the status of iconic Languedoc wine, its white (900 bottles produced annually) is also highly sought after.<\/p>\n<p>Laurent Vaill\u00e9, a former physiotherapist, started this domaine in 1992 after working for some of the greatest vignerons in France, including Gerard Chave of the Hermitage and Coche Dury in Burgundy. For Laurent, it was a welcome return to his family&#8217;s wonderful heritage and he now has 11 hectares of Syrah, Mourv\u00e8dre and Cabernet Sauvignon vineyards in Aniane.<\/p>\n<p>The Syrah and Cabernet Sauvignon vines are located in the north on limestone soil at an altitude of 300 meters, while the Mourv\u00e8dre is facing south on pierres roul\u00e9es, as in Chateauneuf du Pape. The yields are reduced to a minimum of 25 hl \/ ha thanks to the thinning of the bunches and the manual sorting of the grapes. It uses \u201creasoned\u201d viticultural practices, minimizing the use of chemicals, cultivating the soil, removing the leaves to let the generous sunlight into the foliage and making a green harvest where necessary.<\/p>\n<p>The vinification is in traditional style, each variety is vinified separately using natural yeasts and long maceration. The wines spend up to 24 months in cask (a third new), but the oak is perfectly integrated even at the time of release.<\/p>\n","protected":false},"excerpt":{"rendered":"<p>One of Languedoc&#8217;s iconic estates the Domaine de la Grange des P\u00e8res has made an impressive 2018 Grange des P\u00e8res. [&hellip;]<\/p>\n","protected":false},"featured_media":6897,"template":"","meta":[],"product_brand":[],"product_cat":[1812,1817],"product_tag":[],"class_list":{"0":"post-8435","1":"product","2":"type-product","3":"status-publish","4":"has-post-thumbnail","6":"product_cat-drink","7":"product_cat-red","8":"pa_categorie-speciali-vini-pregiati-e-rari-en","9":"pa_produttore-domaine-de-la-grange-des-peres-en","11":"first","12":"instock","13":"shipping-taxable","14":"purchasable","15":"product-type-simple"},"acf":[],"_links":{"self":[{"href":"https:\/\/casaporciatti.it\/shop\/en\/wp-json\/wp\/v2\/product\/8435","targetHints":{"allow":["GET"]}}],"collection":[{"href":"https:\/\/casaporciatti.it\/shop\/en\/wp-json\/wp\/v2\/product"}],"about":[{"href":"https:\/\/casaporciatti.it\/shop\/en\/wp-json\/wp\/v2\/types\/product"}],"wp:featuredmedia":[{"embeddable":true,"href":"https:\/\/casaporciatti.it\/shop\/en\/wp-json\/wp\/v2\/media\/6897"}],"wp:attachment":[{"href":"https:\/\/casaporciatti.it\/shop\/en\/wp-json\/wp\/v2\/media?parent=8435"}],"wp:term":[{"taxonomy":"product_brand","embeddable":true,"href":"https:\/\/casaporciatti.it\/shop\/en\/wp-json\/wp\/v2\/product_brand?post=8435"},{"taxonomy":"product_cat","embeddable":true,"href":"https:\/\/casaporciatti.it\/shop\/en\/wp-json\/wp\/v2\/product_cat?post=8435"},{"taxonomy":"product_tag","embeddable":true,"href":"https:\/\/casaporciatti.it\/shop\/en\/wp-json\/wp\/v2\/product_tag?post=8435"}],"curies":[{"name":"wp","href":"https:\/\/api.w.org\/{rel}","templated":true}]}}