{"id":8429,"date":"2023-02-14T17:29:36","date_gmt":"2023-02-14T16:29:36","guid":{"rendered":"https:\/\/casaporciatti.it\/shop\/prodotto\/girlan-alto-adige-gewurztraminer-2019\/"},"modified":"2023-03-16T12:22:38","modified_gmt":"2023-03-16T11:22:38","slug":"girlan-alto-adige-gewurztraminer-2019","status":"publish","type":"product","link":"https:\/\/casaporciatti.it\/shop\/en\/product\/girlan-alto-adige-gewurztraminer-2019\/","title":{"rendered":"GIRLAN Alto Adige Gew\u00fcrztraminer 2019"},"content":{"rendered":"<p>Le uve Gew\u00fcrztraminer per questo fantastico bianco di Girlan crescono vicino a Egna e Montagna nella zona denominata Bassa Altesina, dove le condizioni sono ottimali. I terreni leggeri e caldi, i pendii soleggiati leggermente inclinati, si esprimono magnificamente nel bicchiere.<\/p>\n<p>Il Gewurztraminer di Girlan \u00e8 di colore giallo dorato. Ha un profumo intenso, aromatico e un palato corposo che richiede piatti saporiti. \u00c8 consigliato con crostacei, formaggi aromatizzati e dolci, come lo strudel di mele o la torta. \u00c8 anche un buon abbinamento con piatti speziati e creazioni agrodolci tipiche della cucina asiatica.<\/p>\n<p>La Cantina Girlan \u00e8 stata fondata nel 1923 da 23 vignaioli riuniti in questa storica tenuta di campagna del XVI secolo nel villaggio di Girlan. Allora, i 23 soci fondatori avevano una produzione annua di appena 2.700 hl di vino. La Cantina Girlan conta oggi 200 soci viticoltori, per una superficie totale di 220 ettari di vigneto nelle migliori zone di coltivazione della regione.<\/p>\n<p>Cornaiano &#8211; menzionata per la prima volta in documenti risalenti al 1085 d.C. &#8211; \u00e8 sempre stata una rinomata zona vinicola. I vigneti si trovano ad altitudini da 250 a 550 mt slm, in diversi tipi di suolo che formano un ambiente ideale per la coltivazione di numerose variet\u00e0 autoctone e internazionali. L&#8217;enologo Gerhard Kofler mantiene un contatto stretto e personale con tutti i viticoltori. Questo scambio di informazioni ed esperienze \u00e8 la pietra angolare dei continui sforzi di Girlan per produrre vini di qualit\u00e0. Le cantine e gli impianti di vinificazione sono stati ristrutturati e ammodernati nel 2010 e le uve vengono lavorate per gravit\u00e0, senza alcuna movimentazione meccanica.<\/p>\n","protected":false},"excerpt":{"rendered":"<p>Le uve Gew\u00fcrztraminer per questo fantastico bianco di Girlan crescono vicino a Egna e Montagna nella zona denominata Bassa Altesina, [&hellip;]<\/p>\n","protected":false},"featured_media":6879,"template":"","meta":[],"product_brand":[],"product_cat":[1840,1812,1813],"product_tag":[298,306],"class_list":{"0":"post-8429","1":"product","2":"type-product","3":"status-publish","4":"has-post-thumbnail","6":"product_cat-white-drink","7":"product_cat-drink","8":"product_cat-white","9":"product_tag-alto-adige","10":"product_tag-girlan","11":"pa_categorie-speciali-vini-per-lestate-en","12":"pa_produttore-girlan-en","14":"first","15":"outofstock","16":"shipping-taxable","17":"purchasable","18":"product-type-simple"},"acf":[],"_links":{"self":[{"href":"https:\/\/casaporciatti.it\/shop\/en\/wp-json\/wp\/v2\/product\/8429","targetHints":{"allow":["GET"]}}],"collection":[{"href":"https:\/\/casaporciatti.it\/shop\/en\/wp-json\/wp\/v2\/product"}],"about":[{"href":"https:\/\/casaporciatti.it\/shop\/en\/wp-json\/wp\/v2\/types\/product"}],"wp:featuredmedia":[{"embeddable":true,"href":"https:\/\/casaporciatti.it\/shop\/en\/wp-json\/wp\/v2\/media\/6879"}],"wp:attachment":[{"href":"https:\/\/casaporciatti.it\/shop\/en\/wp-json\/wp\/v2\/media?parent=8429"}],"wp:term":[{"taxonomy":"product_brand","embeddable":true,"href":"https:\/\/casaporciatti.it\/shop\/en\/wp-json\/wp\/v2\/product_brand?post=8429"},{"taxonomy":"product_cat","embeddable":true,"href":"https:\/\/casaporciatti.it\/shop\/en\/wp-json\/wp\/v2\/product_cat?post=8429"},{"taxonomy":"product_tag","embeddable":true,"href":"https:\/\/casaporciatti.it\/shop\/en\/wp-json\/wp\/v2\/product_tag?post=8429"}],"curies":[{"name":"wp","href":"https:\/\/api.w.org\/{rel}","templated":true}]}}