{"id":8395,"date":"2023-02-14T17:29:19","date_gmt":"2023-02-14T16:29:19","guid":{"rendered":"https:\/\/casaporciatti.it\/shop\/prodotto\/buondonno-bag-in-box-toscana-rosso-biologico-2020-5l\/"},"modified":"2023-03-17T18:05:42","modified_gmt":"2023-03-17T17:05:42","slug":"buondonno-bag-in-box-toscana-rosso-biologico-2020-5l-2","status":"publish","type":"product","link":"https:\/\/casaporciatti.it\/shop\/en\/product\/buondonno-bag-in-box-toscana-rosso-biologico-2020-5l-2\/","title":{"rendered":"BUONDONNO BAG IN BOX Toscana Rosso Biologico 2020 &#8211; 5L"},"content":{"rendered":"<p>Il Bag in Box di Buondonno a Castellina in Chianti \u00e8 un rosso schietto e sincero. Morbido e dalla grande bevibilit\u00e0<\/p>\n<p>Il podere Casavecchia alla Piazza \u00e8 situato sulle colline del Chianti Classico, a met\u00e0 strada tra Firenze e Siena, nel Comune d Castellina in Chianti. L&#8217;azienda \u00e8 circondata da boschi, vigneti ed uliveti, e si estende su circa 24 ettari di cui 11 coltivati a vigneto, 4 ad uliveto ed i restanti a bosco e pascolo.<\/p>\n<p>A condurre l&#8217;azienda c&#8217;\u00e8 Gabriele Buondonno che fin dal 1989 coltiva con il sistema dell\u2019Agricoltura Biologica. Qui si producono vini ed olio di qualit\u00e0 e naturalit\u00e0.<\/p>\n","protected":false},"excerpt":{"rendered":"<p>Il Bag in Box di Buondonno a Castellina in Chianti \u00e8 un rosso schietto e sincero. Morbido e dalla grande [&hellip;]<\/p>\n","protected":false},"featured_media":6781,"template":"","meta":[],"product_brand":[],"product_cat":[1812,1817,1821],"product_tag":[2267,2265,2245,2247],"class_list":{"0":"post-8395","1":"product","2":"type-product","3":"status-publish","4":"has-post-thumbnail","6":"product_cat-drink","7":"product_cat-red","8":"product_cat-featured-product","9":"product_tag-bag-in-box-en","10":"product_tag-buondonno-en","11":"product_tag-toscana-igt-en","12":"product_tag-vino-biologico-en","13":"pa_categorie-speciali-vino-biologico-en","14":"pa_chianti-classico-castellina-in-chianti-wines","15":"pa_produttore-buondonno-en","17":"first","18":"outofstock","19":"shipping-taxable","20":"purchasable","21":"product-type-simple"},"acf":[],"_links":{"self":[{"href":"https:\/\/casaporciatti.it\/shop\/en\/wp-json\/wp\/v2\/product\/8395","targetHints":{"allow":["GET"]}}],"collection":[{"href":"https:\/\/casaporciatti.it\/shop\/en\/wp-json\/wp\/v2\/product"}],"about":[{"href":"https:\/\/casaporciatti.it\/shop\/en\/wp-json\/wp\/v2\/types\/product"}],"wp:featuredmedia":[{"embeddable":true,"href":"https:\/\/casaporciatti.it\/shop\/en\/wp-json\/wp\/v2\/media\/6781"}],"wp:attachment":[{"href":"https:\/\/casaporciatti.it\/shop\/en\/wp-json\/wp\/v2\/media?parent=8395"}],"wp:term":[{"taxonomy":"product_brand","embeddable":true,"href":"https:\/\/casaporciatti.it\/shop\/en\/wp-json\/wp\/v2\/product_brand?post=8395"},{"taxonomy":"product_cat","embeddable":true,"href":"https:\/\/casaporciatti.it\/shop\/en\/wp-json\/wp\/v2\/product_cat?post=8395"},{"taxonomy":"product_tag","embeddable":true,"href":"https:\/\/casaporciatti.it\/shop\/en\/wp-json\/wp\/v2\/product_tag?post=8395"}],"curies":[{"name":"wp","href":"https:\/\/api.w.org\/{rel}","templated":true}]}}