{"id":8378,"date":"2023-02-14T17:29:04","date_gmt":"2023-02-14T16:29:04","guid":{"rendered":"https:\/\/casaporciatti.it\/shop\/prodotto\/felsina-spumante-metodo-classico-brut\/"},"modified":"2023-03-16T12:22:11","modified_gmt":"2023-03-16T11:22:11","slug":"felsina-spumante-metodo-classico-brut","status":"publish","type":"product","link":"https:\/\/casaporciatti.it\/shop\/en\/product\/felsina-spumante-metodo-classico-brut\/","title":{"rendered":"FELSINA Spumante Metodo Classico Brut"},"content":{"rendered":"<p>Lo Spumante metodo classico Brut di F\u00e8lsina nasce da vigneti posti&nbsp; a sud-est di Siena, nel Comune di Castelnuovo Berardenga, sul confine meridionale della zona di produzione del Chianti Classico. L&#8217;assemblaggio della base spumante \u00e8 composto da&nbsp;60% Sangiovese, 20% Pinot Nero, 20% Chardonnay. Sosta per 22 mesi sui lieviti.<\/p>\n<p>Nel bicchiere lo spumante metodo classico brut di F\u00e8lsina \u00e8 brillante con un perlage fine e persistente. Il profumo \u00e8 delicato, floreale&nbsp; con rimandi crosta di pane. Al sorso \u00e8 secco ed equilibrato con una buona acidit\u00e0 accompagnata da un finale lungo e sostenuto con ritorni di frutta esotica.<\/p>\n<p><\/p>\n<p>Era il 1966 quando Domenico Poggialini compr\u00f2 la propriet\u00e0 di <strong>Felsina<\/strong> nel comprensorio della <strong>Berardenga<\/strong> all&#8217;estremo sud della denominazione del <strong>Chianti Classico.<\/strong><\/p>\n<p>A quel tempo l&#8217;azienda esisteva prevalentemente per la produzione di olio, cereali e altri raccolti. Di vigne ce n&#8217;erano appena 2,5 ettari e mentre Domenico e suo figlio Beppe lavoravano duro per espandere le vigne e la cantina durante i primi anni, fu solo con l&#8217;arrivo di Giuseppe Mazzacolin a seguito del matrimonio con la figlia di Domenico, Gloria, che Felsina prese il volo.<\/p>\n<p>Con Mazzacolin arriv\u00f2 anche la consulenza enologica di Bernabei e l&#8217;esigenza di concentrarsi sul Sangiovese come vitigno principe dell&#8217;azienda al contrario della moda del periodo che vedeva affidarsi a vitigni bordolesi.<\/p>\n<p>I vini di Felsina sono figli del loro terroir che \u00e8 molto variegato. I suoli possono essere argillo-sabbiosi con depositi marini oppure sassosi (alberese) e poveri.<\/p>\n<p><\/p>\n","protected":false},"excerpt":{"rendered":"<p>Lo Spumante metodo classico Brut di F\u00e8lsina nasce da vigneti posti&nbsp; a sud-est di Siena, nel Comune di Castelnuovo Berardenga, [&hellip;]<\/p>\n","protected":false},"featured_media":6727,"template":"","meta":[],"product_brand":[],"product_cat":[1812,1818],"product_tag":[2361],"class_list":{"0":"post-8378","1":"product","2":"type-product","3":"status-publish","4":"has-post-thumbnail","6":"product_cat-drink","7":"product_cat-bubbly-wine","8":"product_tag-felsina-en","9":"pa_categorie-speciali-in-promozione-ora-en","10":"pa_categorie-speciali-vini-per-lestate-en","11":"pa_chianti-classico-castelnuovo-berardenga-wines","12":"pa_produttore-felsina-en","14":"first","15":"outofstock","16":"shipping-taxable","17":"purchasable","18":"product-type-simple"},"acf":[],"_links":{"self":[{"href":"https:\/\/casaporciatti.it\/shop\/en\/wp-json\/wp\/v2\/product\/8378","targetHints":{"allow":["GET"]}}],"collection":[{"href":"https:\/\/casaporciatti.it\/shop\/en\/wp-json\/wp\/v2\/product"}],"about":[{"href":"https:\/\/casaporciatti.it\/shop\/en\/wp-json\/wp\/v2\/types\/product"}],"wp:featuredmedia":[{"embeddable":true,"href":"https:\/\/casaporciatti.it\/shop\/en\/wp-json\/wp\/v2\/media\/6727"}],"wp:attachment":[{"href":"https:\/\/casaporciatti.it\/shop\/en\/wp-json\/wp\/v2\/media?parent=8378"}],"wp:term":[{"taxonomy":"product_brand","embeddable":true,"href":"https:\/\/casaporciatti.it\/shop\/en\/wp-json\/wp\/v2\/product_brand?post=8378"},{"taxonomy":"product_cat","embeddable":true,"href":"https:\/\/casaporciatti.it\/shop\/en\/wp-json\/wp\/v2\/product_cat?post=8378"},{"taxonomy":"product_tag","embeddable":true,"href":"https:\/\/casaporciatti.it\/shop\/en\/wp-json\/wp\/v2\/product_tag?post=8378"}],"curies":[{"name":"wp","href":"https:\/\/api.w.org\/{rel}","templated":true}]}}