{"id":8374,"date":"2023-02-14T17:29:04","date_gmt":"2023-02-14T16:29:04","guid":{"rendered":"https:\/\/casaporciatti.it\/shop\/prodotto\/diebolt-vallois-cuvee-tradition-champagne\/"},"modified":"2023-03-16T12:22:10","modified_gmt":"2023-03-16T11:22:10","slug":"diebolt-vallois-cuvee-tradition-champagne","status":"publish","type":"product","link":"https:\/\/casaporciatti.it\/shop\/en\/product\/diebolt-vallois-cuvee-tradition-champagne\/","title":{"rendered":"Diebolt-Vallois Cuv\u00e9e Tradition, Champagne"},"content":{"rendered":"<p>Lo Champagne Tradition della Maison\u00a0 Diebolt-Vallois \u00e8 una cuv\u00e9e di Chardonnay al 30%, Pinot Nero dal 35 al 45% e Pinot Meunier dal 25 al 35%, mix che varia negli anni per mantenere lo champagne costante e regolare.<\/p>\n<p>Ottenuto da uve provenienti dagli appezzamenti della tenuta Diebolt-Vallois, il Cuv\u00e9e Tradition \u00e8 uno champagne pieno di carattere, con una grande personalit\u00e0.<\/p>\n<p>La Cuv\u00e9e Tradition firmata Diebolt-Vallois \u00e8 uno champagne dal colore giallo chiaro, con riflessi verdi di una bellissima lucentezza. Le sue bollicine sono fini e lente.<\/p>\n<p>Al naso \u00e8 complesso, con note minerali, molta freschezza e aromi agrumati molto pronunciati.<\/p>\n<p>Al palato conferma bene il naso, \u00e8 una cuv\u00e9e fresca e vivace con note di pompelmo rosa e lime. La Cuv\u00e9e Tradition Diebolt-Vallois offre un carattere potente, elegante ed equilibrato. Una cuv\u00e9e ben rappresentativa della casa.<\/p>\n<p>\u00c8 uno champagne che consiglio di servire come aperitivo o all&#8217;inizio di un pasto. La Cuv\u00e9e Tradition Diebolt-Vallois esprimer\u00e0 appieno i suoi aromi se servita a 9 \u00b0 C.<\/p>\n<p>Jacques Diebolt \u00e8 uno dei migliori produttori di vino della C\u00f4te des Blancs, dove la casa da lui fondata ha 14 ettari di vigne su terroir leggendari (Cramant, Mesnil sur Oger, ecc.).<\/p>\n<p>Lo Chardonnay \u00e8 il re della gamma Diebolt-Vallois, e si ritrova in particolare nel Blanc de Blancs, un vino teso, vivace e pieno di freschezza.<\/p>\n<p>&nbsp;<\/p>\n","protected":false},"excerpt":{"rendered":"<p>Lo Champagne Tradition della Maison\u00a0 Diebolt-Vallois \u00e8 una cuv\u00e9e di Chardonnay al 30%, Pinot Nero dal 35 al 45% e [&hellip;]<\/p>\n","protected":false},"featured_media":6715,"template":"","meta":[],"product_brand":[],"product_cat":[1812,1818],"product_tag":[],"class_list":{"0":"post-8374","1":"product","2":"type-product","3":"status-publish","4":"has-post-thumbnail","6":"product_cat-drink","7":"product_cat-bubbly-wine","8":"pa_produttore-diebolt-vallois-en","10":"first","11":"outofstock","12":"shipping-taxable","13":"purchasable","14":"product-type-simple"},"acf":[],"_links":{"self":[{"href":"https:\/\/casaporciatti.it\/shop\/en\/wp-json\/wp\/v2\/product\/8374","targetHints":{"allow":["GET"]}}],"collection":[{"href":"https:\/\/casaporciatti.it\/shop\/en\/wp-json\/wp\/v2\/product"}],"about":[{"href":"https:\/\/casaporciatti.it\/shop\/en\/wp-json\/wp\/v2\/types\/product"}],"wp:featuredmedia":[{"embeddable":true,"href":"https:\/\/casaporciatti.it\/shop\/en\/wp-json\/wp\/v2\/media\/6715"}],"wp:attachment":[{"href":"https:\/\/casaporciatti.it\/shop\/en\/wp-json\/wp\/v2\/media?parent=8374"}],"wp:term":[{"taxonomy":"product_brand","embeddable":true,"href":"https:\/\/casaporciatti.it\/shop\/en\/wp-json\/wp\/v2\/product_brand?post=8374"},{"taxonomy":"product_cat","embeddable":true,"href":"https:\/\/casaporciatti.it\/shop\/en\/wp-json\/wp\/v2\/product_cat?post=8374"},{"taxonomy":"product_tag","embeddable":true,"href":"https:\/\/casaporciatti.it\/shop\/en\/wp-json\/wp\/v2\/product_tag?post=8374"}],"curies":[{"name":"wp","href":"https:\/\/api.w.org\/{rel}","templated":true}]}}