{"id":8371,"date":"2023-02-14T17:29:04","date_gmt":"2023-02-14T16:29:04","guid":{"rendered":"https:\/\/casaporciatti.it\/shop\/prodotto\/bereche-fils-champagne-brut-reserve\/"},"modified":"2023-03-16T12:22:05","modified_gmt":"2023-03-16T11:22:05","slug":"bereche-fils-champagne-brut-reserve","status":"publish","type":"product","link":"https:\/\/casaporciatti.it\/shop\/en\/product\/bereche-fils-champagne-brut-reserve\/","title":{"rendered":"B\u00e9r\u00e8che &#038; Fils, Champagne Brut R\u00e9serve"},"content":{"rendered":"<p>Lo Champagne Brut R\u00e9serve di B\u00e9r\u00e8che &amp; Fils \u00e8 il\u00a0vero biglietto da visita della Maison. Il Brut R\u00e9serve riflette perfettamente lo spirito del brut senza anno, accessibile e per ogni ogni circostanza. Allo stesso tempo vivace, morbido, senza pesantezza, cremoso e goloso.<\/p>\n<p>Dello Chamapagne Brut R\u00e9serve di B\u00e9r\u00e8che &amp; Fils si apprezza il suo dosaggio molto leggero (9 gr \/ l) che gli conferisce un finale molto piacevole.<\/p>\n<p>Cuv\u00e9e composta da\u00a025% Chardonnay, 25% Pinot Meunier, 20% Pinot Noir. Il vino affina prima in barrique e poi per 24 mesi sui lieviti.<\/p>\n<p>La Maison di Champagne B\u00e9r\u00e8che &amp; Fils \u00e8 stata fondata nel 1847 e conta ad oggi circa 9,5 ettari di vigneto, situati nel cuore della Montagne de Reims e Vall\u00e9e de la Marne.<\/p>\n<p>Alla guida di Champagne B\u00e9r\u00e8che &amp; Fils ci sono Rapha\u00ebl e Vincent B\u00e9r\u00eache che hanno rilevato la maion dal padre Jean-Pierre nello spirito di perpetuare il rispetto per le terre che sono state loro tramandate. Champagne B\u00e9r\u00e8che &amp; Fils viene coltivato con cura, lavorando il terreno e utilizzando preparati naturali, vietando qualsiasi diserbante chimico. Come in vigna, il lavoro in cantina privilegia metodi semplici e naturali per la produzione di vini Champagne AOC, in modo da mantenere la vinificazione il pi\u00f9 vicino possibile al frutto e soprattutto al clima di origine.<\/p>\n","protected":false},"excerpt":{"rendered":"<p>Lo Champagne Brut R\u00e9serve di B\u00e9r\u00e8che &amp; Fils \u00e8 il\u00a0vero biglietto da visita della Maison. Il Brut R\u00e9serve riflette perfettamente [&hellip;]<\/p>\n","protected":false},"featured_media":6706,"template":"","meta":[],"product_brand":[],"product_cat":[1812,1818],"product_tag":[2292],"class_list":{"0":"post-8371","1":"product","2":"type-product","3":"status-publish","4":"has-post-thumbnail","6":"product_cat-drink","7":"product_cat-bubbly-wine","8":"product_tag-champagne-en","9":"pa_categorie-speciali-vini-per-lestate-en","10":"pa_produttore-bereche-fils-en","12":"first","13":"instock","14":"shipping-taxable","15":"purchasable","16":"product-type-simple"},"acf":[],"_links":{"self":[{"href":"https:\/\/casaporciatti.it\/shop\/en\/wp-json\/wp\/v2\/product\/8371","targetHints":{"allow":["GET"]}}],"collection":[{"href":"https:\/\/casaporciatti.it\/shop\/en\/wp-json\/wp\/v2\/product"}],"about":[{"href":"https:\/\/casaporciatti.it\/shop\/en\/wp-json\/wp\/v2\/types\/product"}],"wp:featuredmedia":[{"embeddable":true,"href":"https:\/\/casaporciatti.it\/shop\/en\/wp-json\/wp\/v2\/media\/6706"}],"wp:attachment":[{"href":"https:\/\/casaporciatti.it\/shop\/en\/wp-json\/wp\/v2\/media?parent=8371"}],"wp:term":[{"taxonomy":"product_brand","embeddable":true,"href":"https:\/\/casaporciatti.it\/shop\/en\/wp-json\/wp\/v2\/product_brand?post=8371"},{"taxonomy":"product_cat","embeddable":true,"href":"https:\/\/casaporciatti.it\/shop\/en\/wp-json\/wp\/v2\/product_cat?post=8371"},{"taxonomy":"product_tag","embeddable":true,"href":"https:\/\/casaporciatti.it\/shop\/en\/wp-json\/wp\/v2\/product_tag?post=8371"}],"curies":[{"name":"wp","href":"https:\/\/api.w.org\/{rel}","templated":true}]}}