{"id":8370,"date":"2023-02-14T17:29:04","date_gmt":"2023-02-14T16:29:04","guid":{"rendered":"https:\/\/casaporciatti.it\/shop\/prodotto\/drappier-champagne-blanc-de-blanc\/"},"modified":"2023-03-16T12:22:05","modified_gmt":"2023-03-16T11:22:05","slug":"drappier-champagne-blanc-de-blanc","status":"publish","type":"product","link":"https:\/\/casaporciatti.it\/shop\/en\/product\/drappier-champagne-blanc-de-blanc\/","title":{"rendered":"DRAPPIER Champagne Blanc de Blanc"},"content":{"rendered":"<p>Come suggerisce il nome, questo champagne Blanc de Blancs di Drappier \u00e8 ottenuto esclusivamente da uve bianche, vale a dire da Chardonnay. Tuttavia, la Maison Drappier interpreta questa tipologia con un tocco di Pinot Bianco, noto come &#8220;Blanc Vrai&#8221; in Champagne,che fa pa parte della cuv\u00e9e, per aumentarne la complessit\u00e0 e la rotondit\u00e0 &#8230;<\/p>\n<p>Alla vista lo Champagne Drappier Blanc de Blanc ha un colore luminoso e trasparente, oro pallido ravvivato \u200b\u200bda una schiuma finissima.<br \/>\nAl naso evoca la pesca bianca, la pera, ma anche note pi\u00f9 floreali come la peonia.<br \/>\nAl palato \u00e8 uno champagne minerale, leggermente biscottato, cremoso, morbido, avvolgente.<\/p>\n<p>La maison Drappier produce da due secoli Champagne autentici, riconosciuti per i loro intensi aromi di Pinot Nero. Fornitore del generale De Gaulle, la Maison Drappier firma cuv\u00e9e da sempre caratterizzate da freschezza e fine effervescenza. La casa di famiglia \u00e8 anche nota per la sua grande cuv\u00e9e vintage, la Grande Sendr\u00e9e, che sorprende per la sua raffinatezza e complessit\u00e0 aromatica.<\/p>\n","protected":false},"excerpt":{"rendered":"<p>Come suggerisce il nome, questo champagne Blanc de Blancs di Drappier \u00e8 ottenuto esclusivamente da uve bianche, vale a dire [&hellip;]<\/p>\n","protected":false},"featured_media":6703,"template":"","meta":[],"product_brand":[],"product_cat":[1812,1818],"product_tag":[],"class_list":{"0":"post-8370","1":"product","2":"type-product","3":"status-publish","4":"has-post-thumbnail","6":"product_cat-drink","7":"product_cat-bubbly-wine","8":"pa_produttore-drappier-en","10":"first","11":"outofstock","12":"shipping-taxable","13":"purchasable","14":"product-type-simple"},"acf":[],"_links":{"self":[{"href":"https:\/\/casaporciatti.it\/shop\/en\/wp-json\/wp\/v2\/product\/8370","targetHints":{"allow":["GET"]}}],"collection":[{"href":"https:\/\/casaporciatti.it\/shop\/en\/wp-json\/wp\/v2\/product"}],"about":[{"href":"https:\/\/casaporciatti.it\/shop\/en\/wp-json\/wp\/v2\/types\/product"}],"wp:featuredmedia":[{"embeddable":true,"href":"https:\/\/casaporciatti.it\/shop\/en\/wp-json\/wp\/v2\/media\/6703"}],"wp:attachment":[{"href":"https:\/\/casaporciatti.it\/shop\/en\/wp-json\/wp\/v2\/media?parent=8370"}],"wp:term":[{"taxonomy":"product_brand","embeddable":true,"href":"https:\/\/casaporciatti.it\/shop\/en\/wp-json\/wp\/v2\/product_brand?post=8370"},{"taxonomy":"product_cat","embeddable":true,"href":"https:\/\/casaporciatti.it\/shop\/en\/wp-json\/wp\/v2\/product_cat?post=8370"},{"taxonomy":"product_tag","embeddable":true,"href":"https:\/\/casaporciatti.it\/shop\/en\/wp-json\/wp\/v2\/product_tag?post=8370"}],"curies":[{"name":"wp","href":"https:\/\/api.w.org\/{rel}","templated":true}]}}