{"id":8369,"date":"2023-02-14T17:29:04","date_gmt":"2023-02-14T16:29:04","guid":{"rendered":"https:\/\/casaporciatti.it\/shop\/prodotto\/drappier-champagne-pinot-noir-sans-soufre-brut-nature-zero-dosage\/"},"modified":"2023-03-16T12:22:04","modified_gmt":"2023-03-16T11:22:04","slug":"drappier-champagne-pinot-noir-sans-soufre-brut-nature-zero-dosage","status":"publish","type":"product","link":"https:\/\/casaporciatti.it\/shop\/en\/product\/drappier-champagne-pinot-noir-sans-soufre-brut-nature-zero-dosage\/","title":{"rendered":"DRAPPIER Champagne Pinot Noir Sans Soufre, Brut Nature Zero Dosage"},"content":{"rendered":"<p>Qui tutto \u00e8 purezza. Il culmine della natura. Lo Champagne Drappier Brut Nature senza solfiti \u00e8 il culmine di un approccio che da anni porta la Maison Drappier a ridurre il contenuto di solfiti dei propri Champagne.<br \/>\nNessuna dose di solforosa \u00e8 stata aggiunta a questa cuv\u00e9e durante le varie fasi della vinificazione, permettendo al Pinot Nero di esprimersi in perfetta libert\u00e0.<br \/>\nPriva di dosaggio e tuttavia notevolmente rotonda grazie alla maturit\u00e0 dei grappoli e al tempo trascorso nelle nostre cantine, questa cuv\u00e9e evoca bellissime mele e pera William con un tocco di agrumi.<\/p>\n<p>La maison Drappier produce da due secoli Champagne autentici, riconosciuti per i loro intensi aromi di Pinot Nero. Fornitore del generale De Gaulle, la Maison Drappier firma cuv\u00e9e da sempre caratterizzate da freschezza e fine effervescenza. La casa di famiglia \u00e8 anche nota per la sua grande cuv\u00e9e vintage, la Grande Sendr\u00e9e, che sorprende per la sua raffinatezza e complessit\u00e0 aromatica.<\/p>\n","protected":false},"excerpt":{"rendered":"<p>Qui tutto \u00e8 purezza. Il culmine della natura. Lo Champagne Drappier Brut Nature senza solfiti \u00e8 il culmine di un [&hellip;]<\/p>\n","protected":false},"featured_media":6700,"template":"","meta":[],"product_brand":[],"product_cat":[1812,1818],"product_tag":[],"class_list":{"0":"post-8369","1":"product","2":"type-product","3":"status-publish","4":"has-post-thumbnail","6":"product_cat-drink","7":"product_cat-bubbly-wine","8":"pa_produttore-drappier-en","10":"first","11":"outofstock","12":"shipping-taxable","13":"purchasable","14":"product-type-simple"},"acf":[],"_links":{"self":[{"href":"https:\/\/casaporciatti.it\/shop\/en\/wp-json\/wp\/v2\/product\/8369","targetHints":{"allow":["GET"]}}],"collection":[{"href":"https:\/\/casaporciatti.it\/shop\/en\/wp-json\/wp\/v2\/product"}],"about":[{"href":"https:\/\/casaporciatti.it\/shop\/en\/wp-json\/wp\/v2\/types\/product"}],"wp:featuredmedia":[{"embeddable":true,"href":"https:\/\/casaporciatti.it\/shop\/en\/wp-json\/wp\/v2\/media\/6700"}],"wp:attachment":[{"href":"https:\/\/casaporciatti.it\/shop\/en\/wp-json\/wp\/v2\/media?parent=8369"}],"wp:term":[{"taxonomy":"product_brand","embeddable":true,"href":"https:\/\/casaporciatti.it\/shop\/en\/wp-json\/wp\/v2\/product_brand?post=8369"},{"taxonomy":"product_cat","embeddable":true,"href":"https:\/\/casaporciatti.it\/shop\/en\/wp-json\/wp\/v2\/product_cat?post=8369"},{"taxonomy":"product_tag","embeddable":true,"href":"https:\/\/casaporciatti.it\/shop\/en\/wp-json\/wp\/v2\/product_tag?post=8369"}],"curies":[{"name":"wp","href":"https:\/\/api.w.org\/{rel}","templated":true}]}}