{"id":8368,"date":"2023-02-14T17:29:04","date_gmt":"2023-02-14T16:29:04","guid":{"rendered":"https:\/\/casaporciatti.it\/shop\/prodotto\/drappier-cuvee-charles-de-gaulle-champagne-brut\/"},"modified":"2023-03-16T12:22:04","modified_gmt":"2023-03-16T11:22:04","slug":"drappier-cuvee-charles-de-gaulle-champagne-brut","status":"publish","type":"product","link":"https:\/\/casaporciatti.it\/shop\/en\/product\/drappier-cuvee-charles-de-gaulle-champagne-brut\/","title":{"rendered":"DRAPPIER Cuv\u00e9e Charles de Gaulle, Champagne Brut"},"content":{"rendered":"<p>Lo Champagne Cuv\u00e9e Charles de Gaulle di Drappier \u00e8 stato lanciato in occasione del 50 \u00b0 anniversario dell&#8217;appello del 18 giugno 1990, in omaggio alla figura storica che ha segnato lo Champagne con la sua presenza.<br \/>\nChampagne Drappier ha avuto l&#8217;onore di essere scelto da questo illustre personaggio per i suoi ricevimenti privati \u200b\u200ba Colombey-les-Deux-\u00c9glises, durante i quali gli piaceva offrire uno champagne aromatico e autentico.<br \/>\nSempre vintage, la Cuv\u00e9e Charles de Gaulle \u00e8 composta per l&#8217;80% da Pinot Nero e per il 20% da Chardonnay.<br \/>\n\u00c8 un vino di carattere, che unisce aromi potenti e finezza.<\/p>\n<p>Vengono utilizzati solo i mosti di prima spremitura per la cuv\u00e9e.<br \/>\nPresse meccaniche a bassa pressione. Uso della gravit\u00e0 per prevenire il pompaggio ed evitare cos\u00ec l&#8217;ossidazione.<br \/>\nUso minimo di zolfo.<br \/>\nDecantazione naturale.<br \/>\nFermentazione alcolica per circa 2 settimane a bassa temperatura. Quindi fermentazione malolattica naturale e completa. Nessuna filtrazione.<br \/>\nIl 100% dei vini viene affinato in tini per mantenerne la massima freschezza.<\/p>\n<p>Dopo l&#8217;imbottigliamento, la cuv\u00e9e matura per almeno 3 anni.<br \/>\nDosaggio: 7,5 g \/ l<\/p>\n<p>La maison Drappier produce da due secoli Champagne autentici, riconosciuti per i loro intensi aromi di Pinot Nero. Fornitore del generale De Gaulle, la Maison Drappier firma cuv\u00e9e da sempre caratterizzate da freschezza e fine effervescenza. La casa di famiglia \u00e8 anche nota per la sua grande cuv\u00e9e vintage, la Grande Sendr\u00e9e, che sorprende per la sua raffinatezza e complessit\u00e0 aromatica.<\/p>\n","protected":false},"excerpt":{"rendered":"<p>Lo Champagne Cuv\u00e9e Charles de Gaulle di Drappier \u00e8 stato lanciato in occasione del 50 \u00b0 anniversario dell&#8217;appello del 18 [&hellip;]<\/p>\n","protected":false},"featured_media":6697,"template":"","meta":[],"product_brand":[],"product_cat":[1812,1818],"product_tag":[],"class_list":{"0":"post-8368","1":"product","2":"type-product","3":"status-publish","4":"has-post-thumbnail","6":"product_cat-drink","7":"product_cat-bubbly-wine","8":"pa_categorie-speciali-in-promozione-ora-en","9":"pa_produttore-drappier-en","11":"first","12":"outofstock","13":"shipping-taxable","14":"purchasable","15":"product-type-simple"},"acf":[],"_links":{"self":[{"href":"https:\/\/casaporciatti.it\/shop\/en\/wp-json\/wp\/v2\/product\/8368","targetHints":{"allow":["GET"]}}],"collection":[{"href":"https:\/\/casaporciatti.it\/shop\/en\/wp-json\/wp\/v2\/product"}],"about":[{"href":"https:\/\/casaporciatti.it\/shop\/en\/wp-json\/wp\/v2\/types\/product"}],"wp:featuredmedia":[{"embeddable":true,"href":"https:\/\/casaporciatti.it\/shop\/en\/wp-json\/wp\/v2\/media\/6697"}],"wp:attachment":[{"href":"https:\/\/casaporciatti.it\/shop\/en\/wp-json\/wp\/v2\/media?parent=8368"}],"wp:term":[{"taxonomy":"product_brand","embeddable":true,"href":"https:\/\/casaporciatti.it\/shop\/en\/wp-json\/wp\/v2\/product_brand?post=8368"},{"taxonomy":"product_cat","embeddable":true,"href":"https:\/\/casaporciatti.it\/shop\/en\/wp-json\/wp\/v2\/product_cat?post=8368"},{"taxonomy":"product_tag","embeddable":true,"href":"https:\/\/casaporciatti.it\/shop\/en\/wp-json\/wp\/v2\/product_tag?post=8368"}],"curies":[{"name":"wp","href":"https:\/\/api.w.org\/{rel}","templated":true}]}}