{"id":8367,"date":"2023-02-14T17:29:04","date_gmt":"2023-02-14T16:29:04","guid":{"rendered":"https:\/\/casaporciatti.it\/shop\/prodotto\/drappier-carte-dor-champagne-brut\/"},"modified":"2023-03-16T12:22:03","modified_gmt":"2023-03-16T11:22:03","slug":"drappier-carte-dor-champagne-brut","status":"publish","type":"product","link":"https:\/\/casaporciatti.it\/shop\/en\/product\/drappier-carte-dor-champagne-brut\/","title":{"rendered":"DRAPPIER CARTE D&#8217;OR Champagne Brut"},"content":{"rendered":"<p>La cuv\u00e9e Carte D&#8217;Or \u00e8 rappresenta l&#8217;idea di Champagne di Drappier: potenza, complessit\u00e0 e freschezza. Il blend con una forte predominanza di Pinot Nero dalla cuv\u00e9e Carte d&#8217;Or offre uno champagne espressivo, con grande ricchezza aromatica.<\/p>\n<p>Lo Champagne Drappier Carte d&#8217;O\u00e8 \u00e8 il risultato di una cuv\u00e9e di 90% Pinot Nero, 7% Chardonnay, 3% Pinot Meunier. Il vino esprime tutti gli aromi della famosa variet\u00e0. \u00c8 ricercato non solo per la sua struttura ma anche per le sue caratteristiche note fini di frutti rossi impreziosite da rimandi speziati.<\/p>\n<p>Nel bicchiere il colore dello Champagne Drappier Carte D&#8217;Or presenta un bel giallo dorato dai riflessi ramati. Nessuna tecnica di vinificazione modifica il colore naturale della Cuv\u00e9e.<br \/>\nIl bouquet di fiori di rosa canina lascia rapidamente il posto ad aromi di frutta a nocciolo come la pesca bianca. Un tocco speziato annuncia un palato potente e complesso.<br \/>\nIn bocca il sorso \u00e8 subito vinoso, dominato da frutti maturi: pesca, albicocca e frutti rossi. La freschezza naturale \u00e8 appena vestita in un dosaggio discreto che garantisce un lungo finale. Man mano che matura, la Carte d&#8217;Or ti sorprender\u00e0 con note di pan di zenzero, frutta candita e pasticceria.<\/p>\n<p>L&#8217;etichetta giallo e oro, creata nel 1952, \u00e8 il segno distintivo di una cuv\u00e9e ricca e piena di freschezza.<\/p>\n","protected":false},"excerpt":{"rendered":"<p>La cuv\u00e9e Carte D&#8217;Or \u00e8 rappresenta l&#8217;idea di Champagne di Drappier: potenza, complessit\u00e0 e freschezza. Il blend con una forte [&hellip;]<\/p>\n","protected":false},"featured_media":6694,"template":"","meta":[],"product_brand":[],"product_cat":[1812,1819,1818],"product_tag":[2292,2385],"class_list":{"0":"post-8367","1":"product","2":"type-product","3":"status-publish","4":"has-post-thumbnail","6":"product_cat-drink","7":"product_cat-wines-on-sale","8":"product_cat-bubbly-wine","9":"product_tag-champagne-en","10":"product_tag-drappier-en","11":"pa_categorie-speciali-in-promozione-ora-en","12":"pa_produttore-drappier-en","14":"first","15":"outofstock","16":"shipping-taxable","17":"purchasable","18":"product-type-simple"},"acf":[],"_links":{"self":[{"href":"https:\/\/casaporciatti.it\/shop\/en\/wp-json\/wp\/v2\/product\/8367","targetHints":{"allow":["GET"]}}],"collection":[{"href":"https:\/\/casaporciatti.it\/shop\/en\/wp-json\/wp\/v2\/product"}],"about":[{"href":"https:\/\/casaporciatti.it\/shop\/en\/wp-json\/wp\/v2\/types\/product"}],"wp:featuredmedia":[{"embeddable":true,"href":"https:\/\/casaporciatti.it\/shop\/en\/wp-json\/wp\/v2\/media\/6694"}],"wp:attachment":[{"href":"https:\/\/casaporciatti.it\/shop\/en\/wp-json\/wp\/v2\/media?parent=8367"}],"wp:term":[{"taxonomy":"product_brand","embeddable":true,"href":"https:\/\/casaporciatti.it\/shop\/en\/wp-json\/wp\/v2\/product_brand?post=8367"},{"taxonomy":"product_cat","embeddable":true,"href":"https:\/\/casaporciatti.it\/shop\/en\/wp-json\/wp\/v2\/product_cat?post=8367"},{"taxonomy":"product_tag","embeddable":true,"href":"https:\/\/casaporciatti.it\/shop\/en\/wp-json\/wp\/v2\/product_tag?post=8367"}],"curies":[{"name":"wp","href":"https:\/\/api.w.org\/{rel}","templated":true}]}}