{"id":8362,"date":"2023-02-14T17:28:40","date_gmt":"2023-02-14T16:28:40","guid":{"rendered":"https:\/\/casaporciatti.it\/shop\/prodotto\/san-cristoforo-franciacorta-brut\/"},"modified":"2023-03-16T12:21:58","modified_gmt":"2023-03-16T11:21:58","slug":"san-cristoforo-franciacorta-brut","status":"publish","type":"product","link":"https:\/\/casaporciatti.it\/shop\/en\/product\/san-cristoforo-franciacorta-brut\/","title":{"rendered":"SAN CRISTOFORO, Franciacorta Brut"},"content":{"rendered":"<p>Il Franciacorta Brut di San Cristoforo \u00e8 la bollicina emblematica di questa piccola realt\u00e0 di Erbusco.\u00a0\u00c8 il vino di maggiore produzione, composto da uve Chardonnay di un\u2019unica vendemmia che sottolinea ed esprime la filosofia dell\u2019azienda.<\/p>\n<p>Le bottiglie restano 30 mesi a contatto con i lieviti e successivamente e vengono sottoposte all&#8217;operazione di remuage meccanico e sboccate. La messa in commercio avviene dopo almeno 5 mesi dalla sboccatura.<\/p>\n<p>Il Franciacorta Brut di San Cristoforo si presenta al colore con un giallo paglierino dai riflessi verdi. Il profumo \u00e8 delicato con sentori di frutta matura, frutta secca e miele. In bocca \u00e8 piacevolmente fresco e sapido, con una buona salinit\u00e0 e morbidezza.<\/p>\n<p>&nbsp;<\/p>\n","protected":false},"excerpt":{"rendered":"<p>Il Franciacorta Brut di San Cristoforo \u00e8 la bollicina emblematica di questa piccola realt\u00e0 di Erbusco.\u00a0\u00c8 il vino di maggiore [&hellip;]<\/p>\n","protected":false},"featured_media":6679,"template":"","meta":[],"product_brand":[],"product_cat":[1812,1818],"product_tag":[2539],"class_list":{"0":"post-8362","1":"product","2":"type-product","3":"status-publish","4":"has-post-thumbnail","6":"product_cat-drink","7":"product_cat-bubbly-wine","8":"product_tag-franciacorta-en","9":"pa_produttore-san-cristoforo-en","11":"first","12":"outofstock","13":"shipping-taxable","14":"purchasable","15":"product-type-simple"},"acf":[],"_links":{"self":[{"href":"https:\/\/casaporciatti.it\/shop\/en\/wp-json\/wp\/v2\/product\/8362","targetHints":{"allow":["GET"]}}],"collection":[{"href":"https:\/\/casaporciatti.it\/shop\/en\/wp-json\/wp\/v2\/product"}],"about":[{"href":"https:\/\/casaporciatti.it\/shop\/en\/wp-json\/wp\/v2\/types\/product"}],"wp:featuredmedia":[{"embeddable":true,"href":"https:\/\/casaporciatti.it\/shop\/en\/wp-json\/wp\/v2\/media\/6679"}],"wp:attachment":[{"href":"https:\/\/casaporciatti.it\/shop\/en\/wp-json\/wp\/v2\/media?parent=8362"}],"wp:term":[{"taxonomy":"product_brand","embeddable":true,"href":"https:\/\/casaporciatti.it\/shop\/en\/wp-json\/wp\/v2\/product_brand?post=8362"},{"taxonomy":"product_cat","embeddable":true,"href":"https:\/\/casaporciatti.it\/shop\/en\/wp-json\/wp\/v2\/product_cat?post=8362"},{"taxonomy":"product_tag","embeddable":true,"href":"https:\/\/casaporciatti.it\/shop\/en\/wp-json\/wp\/v2\/product_tag?post=8362"}],"curies":[{"name":"wp","href":"https:\/\/api.w.org\/{rel}","templated":true}]}}