{"id":8357,"date":"2023-02-14T17:28:40","date_gmt":"2023-02-14T16:28:40","guid":{"rendered":"https:\/\/casaporciatti.it\/shop\/prodotto\/colle-bereto-colle-b-spumante-metodo-classico-brut-rose\/"},"modified":"2023-03-16T12:21:56","modified_gmt":"2023-03-16T11:21:56","slug":"colle-bereto-colle-b-spumante-metodo-classico-brut-rose","status":"publish","type":"product","link":"https:\/\/casaporciatti.it\/shop\/en\/product\/colle-bereto-colle-b-spumante-metodo-classico-brut-rose\/","title":{"rendered":"COLLE BERETO COLLE B, Spumante metodo classico Brut ros\u00e9"},"content":{"rendered":"<p>Il Colle B di Colle Bereto \u00e8 un sorprendente vino Spumante Metodo Classico Brut Ros\u00e9, nato tra le alte colline chiantigiane. Prodotto con uve Pinot Nero, il Colle B arriva alla sboccatura dopo 30 mesi sui lieviti.<\/p>\n<p><strong>Colle Bereto<\/strong> \u00e8 la magnifica propriet\u00e0 della famiglia <strong>Pinzauti<\/strong> a <strong>Radda in Chianti<\/strong>, \u200bla cantina si trova sul versante opposto al borgo scndendo in direzione Montevarchi. I vigneti hanno orientamento\u00a0 sud-ovest e godono di un\u2019esposizione ed escursione altimetrica ideali, tra i 450 ed i 500 metri slm.<\/p>\n<p>Il terreno \u00e8 quello classico chiantigiano, Galestro, Alberese e substrato roccioso. Caratteristiche ideali per variet\u00e0 autoctone come Sangiovese e il canaiolo, ma che si sono rivelate perfette anche per Merlot e Pinot Nero.<\/p>\n<p>Gli ettari vitati sono ben 17. L&#8217;azienda possiede la <strong>certificazione biologica.<\/strong><\/p>\n","protected":false},"excerpt":{"rendered":"<p>Il Colle B di Colle Bereto \u00e8 un sorprendente vino Spumante Metodo Classico Brut Ros\u00e9, nato tra le alte colline [&hellip;]<\/p>\n","protected":false},"featured_media":6664,"template":"","meta":[],"product_brand":[],"product_cat":[1812,1818],"product_tag":[2410,2248,2307],"class_list":{"0":"post-8357","1":"product","2":"type-product","3":"status-publish","4":"has-post-thumbnail","6":"product_cat-drink","7":"product_cat-bubbly-wine","8":"product_tag-colle-bereto-en","9":"product_tag-vini-di-radda-en","10":"product_tag-vini-per-lestate-en","11":"pa_categorie-speciali-vini-per-lestate-en","12":"pa_produttore-colle-bereto-en","14":"first","15":"instock","16":"shipping-taxable","17":"purchasable","18":"product-type-simple"},"acf":[],"_links":{"self":[{"href":"https:\/\/casaporciatti.it\/shop\/en\/wp-json\/wp\/v2\/product\/8357","targetHints":{"allow":["GET"]}}],"collection":[{"href":"https:\/\/casaporciatti.it\/shop\/en\/wp-json\/wp\/v2\/product"}],"about":[{"href":"https:\/\/casaporciatti.it\/shop\/en\/wp-json\/wp\/v2\/types\/product"}],"wp:featuredmedia":[{"embeddable":true,"href":"https:\/\/casaporciatti.it\/shop\/en\/wp-json\/wp\/v2\/media\/6664"}],"wp:attachment":[{"href":"https:\/\/casaporciatti.it\/shop\/en\/wp-json\/wp\/v2\/media?parent=8357"}],"wp:term":[{"taxonomy":"product_brand","embeddable":true,"href":"https:\/\/casaporciatti.it\/shop\/en\/wp-json\/wp\/v2\/product_brand?post=8357"},{"taxonomy":"product_cat","embeddable":true,"href":"https:\/\/casaporciatti.it\/shop\/en\/wp-json\/wp\/v2\/product_cat?post=8357"},{"taxonomy":"product_tag","embeddable":true,"href":"https:\/\/casaporciatti.it\/shop\/en\/wp-json\/wp\/v2\/product_tag?post=8357"}],"curies":[{"name":"wp","href":"https:\/\/api.w.org\/{rel}","templated":true}]}}