{"id":8295,"date":"2023-02-14T17:27:52","date_gmt":"2023-02-14T16:27:52","guid":{"rendered":"https:\/\/casaporciatti.it\/shop\/prodotto\/giachi-giolio-olio-extra-vergine-doliva-100-italiano-2019-1-l\/"},"modified":"2023-05-16T09:55:31","modified_gmt":"2023-05-16T07:55:31","slug":"giachi-giolio-olio-extra-vergine-doliva-100-italiano-2019-1-l-2","status":"publish","type":"product","link":"https:\/\/casaporciatti.it\/shop\/en\/product\/giachi-giolio-olio-extra-vergine-doliva-100-italiano-2019-1-l-2\/","title":{"rendered":"GIACHI &#8220;GIOLIO&#8221; Olio Extra Vergine d&#8217;Oliva 100% Italiano  2019 | 1 L"},"content":{"rendered":"<p>L&#8217;Olio Extra Vergine d&#8217;Oliva 100% &#8220;Giolio&#8221;\u00a0 italiano \u00e8 buon extra vergine da utilizzare a crudo e in cucina. La sicura qualit\u00e0 esalta la cottura e la bassa acidit\u00e0 permette una ottima digeribilit\u00e0 e sana alimentazione.<\/p>\n","protected":false},"excerpt":{"rendered":"<p>L&#8217;Olio Extra Vergine d&#8217;Oliva 100% &#8220;Giolio&#8221;\u00a0 italiano \u00e8 buon extra vergine da utilizzare a crudo e in cucina. La sicura [&hellip;]<\/p>\n","protected":false},"featured_media":6486,"template":"","meta":[],"product_brand":[],"product_cat":[1822,1826],"product_tag":[2271],"class_list":{"0":"post-8295","1":"product","2":"type-product","3":"status-publish","4":"has-post-thumbnail","6":"product_cat-food","7":"product_cat-olive-oil","8":"product_tag-olio-extra-vergine-doliva-en","9":"pa_produttore-giachi-giovanni-srl-mercatale-val-di-pesa-firenze-en","11":"first","12":"outofstock","13":"shipping-taxable","14":"purchasable","15":"product-type-simple"},"acf":[],"_links":{"self":[{"href":"https:\/\/casaporciatti.it\/shop\/en\/wp-json\/wp\/v2\/product\/8295","targetHints":{"allow":["GET"]}}],"collection":[{"href":"https:\/\/casaporciatti.it\/shop\/en\/wp-json\/wp\/v2\/product"}],"about":[{"href":"https:\/\/casaporciatti.it\/shop\/en\/wp-json\/wp\/v2\/types\/product"}],"wp:featuredmedia":[{"embeddable":true,"href":"https:\/\/casaporciatti.it\/shop\/en\/wp-json\/wp\/v2\/media\/6486"}],"wp:attachment":[{"href":"https:\/\/casaporciatti.it\/shop\/en\/wp-json\/wp\/v2\/media?parent=8295"}],"wp:term":[{"taxonomy":"product_brand","embeddable":true,"href":"https:\/\/casaporciatti.it\/shop\/en\/wp-json\/wp\/v2\/product_brand?post=8295"},{"taxonomy":"product_cat","embeddable":true,"href":"https:\/\/casaporciatti.it\/shop\/en\/wp-json\/wp\/v2\/product_cat?post=8295"},{"taxonomy":"product_tag","embeddable":true,"href":"https:\/\/casaporciatti.it\/shop\/en\/wp-json\/wp\/v2\/product_tag?post=8295"}],"curies":[{"name":"wp","href":"https:\/\/api.w.org\/{rel}","templated":true}]}}